
{"id":4053,"date":"2023-04-25T20:51:33","date_gmt":"2023-04-25T18:51:33","guid":{"rendered":"https:\/\/przedszkole150.edu.wroclaw.pl\/?page_id=4053"},"modified":"2023-04-25T20:51:39","modified_gmt":"2023-04-25T18:51:39","slug":"ksiazka-dla-przedszkolaka","status":"publish","type":"page","link":"https:\/\/przedszkole150.edu.wroclaw.pl\/index.php\/ksiazka-dla-przedszkolaka\/","title":{"rendered":"Ksi\u0105\u017cka (dla) przedszkolaka"},"content":{"rendered":"<div class=\"wpb-content-wrapper\"><p>[vc_row][vc_column][vc_column_text]<strong>OG\u00d3LNOPOLSKI PROJEKT CZYTELNICZY \u201eKSI\u0104\u017bKA (DLA) PRZEDSZKOLAKA REALIZOWANY W GR. IV<\/strong><\/p>\n<p><strong>\u00a0<\/strong><\/p>\n<p><strong>W grupie IV w ramach projektu \u201eKSI\u0104\u017bKA (DLA) PRZEDSZKOLAKA podejmowali\u015bmy dzia\u0142ania promuj\u0105ce czytelnictwo w\u015br\u00f3d przedszkolak\u00f3w, np. wyj\u015bcia do bibliotek; g\u0142o\u015bne czytanie bajek przez rodzic\u00f3w dzieciom w przedszkolu i w domu; organizowanie spotka\u0144 z pisarzami; zapoznanie dzieci podczas zaj\u0119\u0107 z kanonem literatury dzieci\u0119cej; aran\u017cowanie zaj\u0119\u0107 maj\u0105cych na celu przybli\u017cenie warto\u015bci ksi\u0105\u017cki i uczenie szacunku do niej.<\/strong><\/p>\n<p><strong>Dzi\u0119kujemy Rodzicom za du\u017ce zaanga\u017cowanie w realizacje projektu i po\u015bwi\u0119cony czas na g\u0142o\u015bne czytanie dzieciom w Przedszkolu 150 \u201eWeso\u0142e Nutki\u201d.<\/strong>[\/vc_column_text][vc_gallery type=&#8221;image_grid&#8221; images=&#8221;4054,4055,4056,4057&#8243;][\/vc_column][\/vc_row]<\/p>\n<\/div>","protected":false},"excerpt":{"rendered":"<p>[vc_row][vc_column][vc_column_text]OG\u00d3LNOPOLSKI PROJEKT CZYTELNICZY \u201eKSI\u0104\u017bKA (DLA) PRZEDSZKOLAKA REALIZOWANY W GR. IV \u00a0 W grupie IV w ramach projektu \u201eKSI\u0104\u017bKA (DLA) PRZEDSZKOLAKA podejmowali\u015bmy dzia\u0142ania promuj\u0105ce czytelnictwo w\u015br\u00f3d przedszkolak\u00f3w, np. wyj\u015bcia do bibliotek; [&hellip;]<\/p>\n","protected":false},"author":264,"featured_media":0,"parent":0,"menu_order":0,"comment_status":"closed","ping_status":"closed","template":"","meta":{"ngg_post_thumbnail":0,"footnotes":""},"class_list":["post-4053","page","type-page","status-publish","hentry","clearfix"],"_links":{"self":[{"href":"https:\/\/przedszkole150.edu.wroclaw.pl\/index.php\/wp-json\/wp\/v2\/pages\/4053","targetHints":{"allow":["GET"]}}],"collection":[{"href":"https:\/\/przedszkole150.edu.wroclaw.pl\/index.php\/wp-json\/wp\/v2\/pages"}],"about":[{"href":"https:\/\/przedszkole150.edu.wroclaw.pl\/index.php\/wp-json\/wp\/v2\/types\/page"}],"author":[{"embeddable":true,"href":"https:\/\/przedszkole150.edu.wroclaw.pl\/index.php\/wp-json\/wp\/v2\/users\/264"}],"replies":[{"embeddable":true,"href":"https:\/\/przedszkole150.edu.wroclaw.pl\/index.php\/wp-json\/wp\/v2\/comments?post=4053"}],"version-history":[{"count":1,"href":"https:\/\/przedszkole150.edu.wroclaw.pl\/index.php\/wp-json\/wp\/v2\/pages\/4053\/revisions"}],"predecessor-version":[{"id":4058,"href":"https:\/\/przedszkole150.edu.wroclaw.pl\/index.php\/wp-json\/wp\/v2\/pages\/4053\/revisions\/4058"}],"wp:attachment":[{"href":"https:\/\/przedszkole150.edu.wroclaw.pl\/index.php\/wp-json\/wp\/v2\/media?parent=4053"}],"curies":[{"name":"wp","href":"https:\/\/api.w.org\/{rel}","templated":true}]}}