
{"id":4060,"date":"2023-04-25T20:56:45","date_gmt":"2023-04-25T18:56:45","guid":{"rendered":"https:\/\/przedszkole150.edu.wroclaw.pl\/?page_id=4060"},"modified":"2023-04-25T20:56:51","modified_gmt":"2023-04-25T18:56:51","slug":"spotkanie-z-policjantami","status":"publish","type":"page","link":"https:\/\/przedszkole150.edu.wroclaw.pl\/index.php\/spotkanie-z-policjantami\/","title":{"rendered":"Spotkanie z policjantami"},"content":{"rendered":"<div class=\"wpb-content-wrapper\"><p>[vc_row][vc_column][vc_column_text]<strong>SPOTKANIE Z POLICJANTAMI<\/strong><\/p>\n<p>Dnia 21.04.2023r. dzieci z naszego Przedszkola odwiedzili wyj\u0105tkowi go\u015bcie &#8211; Policjanci z wydzia\u0142u drogowego.<\/p>\n<p>Podczas spotkania przedszkolaki przypomnia\u0142y sobie zasady bezpiecznego poruszania si\u0119 po drogach, jak reagowa\u0107 w sytuacjach r\u00f3\u017cnych zagro\u017ce\u0144. Go\u015bcie ostrzegali te\u017c przed osobami nieznajomymi z kt\u00f3rymi nie wolno rozmawia\u0107 oraz wpuszcza\u0107 ich do domu.\u00a0\u00a0 Dzieci wys\u0142ucha\u0142y policyjnych rad oraz zadawa\u0142y wiele interesuj\u0105cych pyta\u0144. Szczeg\u00f3lnym zainteresowaniem w\u015br\u00f3d dzieci cieszy\u0142a si\u0119 prezentacja wyposa\u017cenia policyjnego, niezb\u0119dnego podczas wykonywania pracy.<\/p>\n<p>Prezentowany zosta\u0142 tak\u017ce spos\u00f3b, jak bezpiecznie przej\u015b\u0107 przez jezdni\u0119 oraz jakie numery alarmowe powinien zna\u0107 ka\u017cdy, aby wezwa\u0107 pomocy w razie potrzeby. Dzieci ch\u0119tnie wys\u0142ucha\u0142y opowiada\u0144 o codziennej pracy policjanta.<\/p>\n<p>Serdecznie dzi\u0119kujemy za mi\u0142e spotkanie, a tre\u015bci przekazane na pewno na d\u0142ugo pozostan\u0105 w pami\u0119ci przedszkolak\u00f3w.<\/p>\n<p>[\/vc_column_text][vc_gallery type=&#8221;image_grid&#8221; images=&#8221;4061,4062&#8243;][\/vc_column][\/vc_row]<\/p>\n<\/div>","protected":false},"excerpt":{"rendered":"<p>[vc_row][vc_column][vc_column_text]SPOTKANIE Z POLICJANTAMI Dnia 21.04.2023r. dzieci z naszego Przedszkola odwiedzili wyj\u0105tkowi go\u015bcie &#8211; Policjanci z wydzia\u0142u drogowego. Podczas spotkania przedszkolaki przypomnia\u0142y sobie zasady bezpiecznego poruszania si\u0119 po drogach, jak reagowa\u0107 [&hellip;]<\/p>\n","protected":false},"author":264,"featured_media":0,"parent":0,"menu_order":0,"comment_status":"closed","ping_status":"closed","template":"","meta":{"ngg_post_thumbnail":0,"footnotes":""},"class_list":["post-4060","page","type-page","status-publish","hentry","clearfix"],"_links":{"self":[{"href":"https:\/\/przedszkole150.edu.wroclaw.pl\/index.php\/wp-json\/wp\/v2\/pages\/4060","targetHints":{"allow":["GET"]}}],"collection":[{"href":"https:\/\/przedszkole150.edu.wroclaw.pl\/index.php\/wp-json\/wp\/v2\/pages"}],"about":[{"href":"https:\/\/przedszkole150.edu.wroclaw.pl\/index.php\/wp-json\/wp\/v2\/types\/page"}],"author":[{"embeddable":true,"href":"https:\/\/przedszkole150.edu.wroclaw.pl\/index.php\/wp-json\/wp\/v2\/users\/264"}],"replies":[{"embeddable":true,"href":"https:\/\/przedszkole150.edu.wroclaw.pl\/index.php\/wp-json\/wp\/v2\/comments?post=4060"}],"version-history":[{"count":1,"href":"https:\/\/przedszkole150.edu.wroclaw.pl\/index.php\/wp-json\/wp\/v2\/pages\/4060\/revisions"}],"predecessor-version":[{"id":4063,"href":"https:\/\/przedszkole150.edu.wroclaw.pl\/index.php\/wp-json\/wp\/v2\/pages\/4060\/revisions\/4063"}],"wp:attachment":[{"href":"https:\/\/przedszkole150.edu.wroclaw.pl\/index.php\/wp-json\/wp\/v2\/media?parent=4060"}],"curies":[{"name":"wp","href":"https:\/\/api.w.org\/{rel}","templated":true}]}}