
{"id":4065,"date":"2023-04-25T21:17:59","date_gmt":"2023-04-25T19:17:59","guid":{"rendered":"https:\/\/przedszkole150.edu.wroclaw.pl\/?page_id=4065"},"modified":"2023-04-25T21:18:08","modified_gmt":"2023-04-25T19:18:08","slug":"xx-wroclawski-festiwal-tanczacych-przedszkolakow","status":"publish","type":"page","link":"https:\/\/przedszkole150.edu.wroclaw.pl\/index.php\/xx-wroclawski-festiwal-tanczacych-przedszkolakow\/","title":{"rendered":"XX Wroc\u0142awski Festiwal Ta\u0144cz\u0105cych Przedszkolak\u00f3w"},"content":{"rendered":"<div class=\"wpb-content-wrapper\"><p>[vc_row][vc_column][vc_column_text]<strong>XX WROC\u0141AWSKI FESTIWAL TA\u0143CZ\u0104CYCH PRZEDSZKOLAK\u00d3W<\/strong><\/p>\n<p>Reprezentacja dzieci z grupy II wraz z nauczycielk\u0105 Sylwi\u0105 Nowak-Stok\u0142os\u0105, wzi\u0119\u0142a udzia\u0142 w tegorocznym Festiwalu Ta\u0144cz\u0105cych Przedszkolak\u00f3w pod has\u0142em \u201eWroc\u0142awskie przedszkolaki zata\u0144cz\u0105 wszystko.\u201d<\/p>\n<p>Festiwal\u00a0<strong>\u00a0<\/strong> zosta\u0142 zorganizowany przez\u00a0Przedszkole Nr 18\u00a0\u201eWiolinek\u201d<\/p>\n<p>Celem konkursu jest popularyzacja r\u00f3\u017cnych form ta\u0144ca, rozwijanie aktywnej i tw\u00f3rczej postawy dzieci, promowanie nauczycieli podnosz\u0105cych kultur\u0119 muzyczn\u0105 dzieci oraz propagowanie to\u017csamo\u015bci kulturowej.<\/p>\n<p>Nasze przedszkole reprezentowa\u0142y dziewczynki: Patrycja H. Jula K., Jula B., Jagoda Z, Zuzia F., kt\u00f3re zaprezentowa\u0142y uk\u0142\u0105d taneczny \u201eWiosenne przebudzenie\u201d.<\/p>\n<p>W nagrod\u0119 zesp\u00f3\u0142 otrzyma\u0142a dyplomy oraz klocki konstrukcyjne.<\/p>\n<p>Gratulujemy!<\/p>\n<p>&nbsp;<\/p>\n<p>[\/vc_column_text][vc_gallery type=&#8221;image_grid&#8221; images=&#8221;4067,4068,4069&#8243;][\/vc_column][\/vc_row]<\/p>\n<\/div>","protected":false},"excerpt":{"rendered":"<p>[vc_row][vc_column][vc_column_text]XX WROC\u0141AWSKI FESTIWAL TA\u0143CZ\u0104CYCH PRZEDSZKOLAK\u00d3W Reprezentacja dzieci z grupy II wraz z nauczycielk\u0105 Sylwi\u0105 Nowak-Stok\u0142os\u0105, wzi\u0119\u0142a udzia\u0142 w tegorocznym Festiwalu Ta\u0144cz\u0105cych Przedszkolak\u00f3w pod has\u0142em \u201eWroc\u0142awskie przedszkolaki zata\u0144cz\u0105 wszystko.\u201d Festiwal\u00a0\u00a0 zosta\u0142 [&hellip;]<\/p>\n","protected":false},"author":264,"featured_media":0,"parent":0,"menu_order":0,"comment_status":"closed","ping_status":"closed","template":"","meta":{"ngg_post_thumbnail":0,"footnotes":""},"class_list":["post-4065","page","type-page","status-publish","hentry","clearfix"],"_links":{"self":[{"href":"https:\/\/przedszkole150.edu.wroclaw.pl\/index.php\/wp-json\/wp\/v2\/pages\/4065","targetHints":{"allow":["GET"]}}],"collection":[{"href":"https:\/\/przedszkole150.edu.wroclaw.pl\/index.php\/wp-json\/wp\/v2\/pages"}],"about":[{"href":"https:\/\/przedszkole150.edu.wroclaw.pl\/index.php\/wp-json\/wp\/v2\/types\/page"}],"author":[{"embeddable":true,"href":"https:\/\/przedszkole150.edu.wroclaw.pl\/index.php\/wp-json\/wp\/v2\/users\/264"}],"replies":[{"embeddable":true,"href":"https:\/\/przedszkole150.edu.wroclaw.pl\/index.php\/wp-json\/wp\/v2\/comments?post=4065"}],"version-history":[{"count":1,"href":"https:\/\/przedszkole150.edu.wroclaw.pl\/index.php\/wp-json\/wp\/v2\/pages\/4065\/revisions"}],"predecessor-version":[{"id":4070,"href":"https:\/\/przedszkole150.edu.wroclaw.pl\/index.php\/wp-json\/wp\/v2\/pages\/4065\/revisions\/4070"}],"wp:attachment":[{"href":"https:\/\/przedszkole150.edu.wroclaw.pl\/index.php\/wp-json\/wp\/v2\/media?parent=4065"}],"curies":[{"name":"wp","href":"https:\/\/api.w.org\/{rel}","templated":true}]}}