
{"id":4107,"date":"2023-05-07T07:01:43","date_gmt":"2023-05-07T05:01:43","guid":{"rendered":"https:\/\/przedszkole150.edu.wroclaw.pl\/?page_id=4107"},"modified":"2023-05-07T07:01:43","modified_gmt":"2023-05-07T05:01:43","slug":"klauzula-zlozenie-pisma-w-placowce","status":"publish","type":"page","link":"https:\/\/przedszkole150.edu.wroclaw.pl\/index.php\/klauzula-zlozenie-pisma-w-placowce\/","title":{"rendered":"klauzula &#8211; z\u0142o\u017cenie pisma w plac\u00f3wce"},"content":{"rendered":"<p>Polityka Ochrony Danych Osobowych \u2013 Za\u0142\u0105cznik nr 7 \u2013 Przedszkole nr 150<br \/>\nKLAUZULA INFORMACYJNA &#8211; Z\u0141O\u017bENIE PISMA W PLAC\u00d3WCE<br \/>\n1. Administratorem Twoich danych jest Przedszkole nr 150 \u201eWeso\u0142e Nutki\u201d we Wroc\u0142awiu,<br \/>\nul. P.P. Ignuta 30, 54-151 Wroc\u0142aw (dalej: My). Kontakt z nami mo\u017cliwy jest pod mailem<br \/>\nsekretariat.p150@wroclawskaedukacja.pl.<br \/>\n2. Dane kontaktowe do naszego inspektora ochrony danych to: inspektor@coreconsulting.pl<br \/>\nalbo CORE Consulting, ul. Wy\u0142om 16, 61-671 Pozna\u0144.<br \/>\n3. Twoje dane osobowe przetwarzamy w celu procedowania Twojego pisma. Mo\u017ce to by\u0107:<br \/>\n\u2022 udzielenie odpowiedzi na Twoje zapytanie lub<br \/>\n\u2022 rozpoznanie Twojego podania\/wniosku o realizacj\u0119 Twojego uprawnienia lub<br \/>\n\u2022 wszcz\u0119cie post\u0119powania w sprawie, zgodnie z obowi\u0105zkiem wynikaj\u0105cym z przepis\u00f3w<br \/>\nprawa lub w ramach wykonywania w\u0142adztwa publicznego lub<br \/>\n\u2022 rekrutacja &#8211; je\u015bli Twoje pismo to podanie o prac\u0119 lub<br \/>\n\u2022 inne dzia\u0142anie zwi\u0105zane z naszym Przedszkolem.<br \/>\n4. Podstawa prawna przetwarzania Twoich danych jest zale\u017cna od tego, w jakim celu<br \/>\nje przetwarzamy. I tak, podstaw\u0105 przetwarzania b\u0119dzie:<br \/>\na) wype\u0142nienie obowi\u0105zku prawnego ci\u0105\u017c\u0105cego na administratorze (art. 6 ust. 1 lit. c RODO):<br \/>\nw ka\u017cdym przypadku, gdzie przepis prawa nak\u0142ada na nas zobowi\u0105zanie do przyj\u0119cia<br \/>\ni rozpoznania Twojego pisma;<br \/>\nb) interes publiczny lub sprawowanie w\u0142adzy publicznej powierzonej administratorowi (art. 6 ust.<br \/>\n1 lit. e RODO): gdzie mamy prawo i obowi\u0105zek podejmowa\u0107 okre\u015blone dzia\u0142ania w interesie<br \/>\nlokalnej spo\u0142eczno\u015bci.;<br \/>\nc) zgoda (art. 6 ust. 1 lit. a RODO): je\u015bli chcesz si\u0119 u nas zatrudni\u0107, Twoje dane podane dla potrzeb<br \/>\nrekrutacji przetwarzamy na podstawie Twojej zgody, kt\u00f3r\u0105 wyrazi\u0142e\u015b poprzez zg\u0142oszenie si\u0119<br \/>\nw procesie rekrutacji i przes\u0142anie swojego CV lub innej dokumentacji aplikacyjnej.<br \/>\nPami\u0119taj: udzielona zgoda mo\u017ce zosta\u0107 w ka\u017cdej chwili cofni\u0119ta, jednak bez wp\u0142ywu na legalno\u015b\u0107<br \/>\ndzia\u0142a\u0144 podj\u0119tych przed jej wycofaniem.<br \/>\n5. Podanie danych w zakresie uregulowanym przez przepisy prawa powszechnie obowi\u0105zuj\u0105cego jest<br \/>\nobowi\u0105zkowe. Przekazanie pozosta\u0142ych danych, jest dobrowolne, lecz mo\u017ce okaza\u0107 si\u0119 niezb\u0119dne<br \/>\ndo poprawnego rozpatrzenia z\u0142o\u017conego przez Ciebie pisma.<br \/>\n6. Dane powo\u0142ane w tre\u015bci z\u0142o\u017conego przez Ciebie pisma przetwarzamy przez okres wymagany przez<br \/>\nprzepisy prawa \u2013 kt\u00f3ry mo\u017ce by\u0107 r\u00f3\u017cny w zale\u017cno\u015bci od rodzaju sk\u0142adanego przez Ciebie pisma.<br \/>\nSzczeg\u00f3\u0142owe informacje w tym zakresie mo\u017cesz znale\u017a\u0107 w naszej Instrukcji Kancelaryjnej.<br \/>\n7. Twoje dane nie b\u0119d\u0105 podlega\u0142y profilowaniu, ani zautomatyzowanemu podejmowaniu decyzji.<br \/>\n8. Nie udost\u0119pniamy na w\u0142asno\u015b\u0107 Twoich danych \u017cadnym podmiotom komercyjnym. Wiedz jednak,<br \/>\n\u017ce dane zawarte w tre\u015bci Twojego pisma mog\u0105 by\u0107 ujawnione:<br \/>\na. firmom utrzymuj\u0105cym i serwisuj\u0105cym nasze serwery informatyczne,<br \/>\nb. kancelariom prawnym, kt\u00f3re wspieraj\u0105 nas w obszarze bie\u017c\u0105cej dzia\u0142alno\u015bci,<br \/>\nc. firmom obs\u0142uguj\u0105cym nas w obszarze IT, w tym serwisuj\u0105cym urz\u0105dzenia wykorzystywane przez<br \/>\nnas w bie\u017c\u0105cej dzia\u0142alno\u015bci,<br \/>\nd. podmiotom utrzymuj\u0105cym oprogramowanie, z kt\u00f3rego korzystamy w ramach bie\u017c\u0105cej<br \/>\ndzia\u0142alno\u015bci,<br \/>\ne. kurierom i poczcie polskiej \u2013 w zwi\u0105zku z przesy\u0142an\u0105 korespondencji.<br \/>\nPolityka Ochrony Danych Osobowych \u2013 Za\u0142\u0105cznik nr 7 \u2013 Przedszkole nr 150<br \/>\nDodatkowo, Twoje dane osobowe w ramach wykonywanych przez nas zada\u0144 w obszarze<br \/>\nsprawowania w\u0142adzy publicznej i realizacji interesu publicznego, s\u0105 r\u00f3wnie\u017c udost\u0119pniane innym<br \/>\njednostkom organizacyjnym w ramach naszej jednostki samorz\u0105du terytorialnego.<br \/>\nJe\u015bli jeste\u015b zainteresowany jakie s\u0105 to podmioty napisz na adres naszej plac\u00f3wki: Przedszkole nr 150<br \/>\n\u201eWeso\u0142e Nutki\u201d we Wroc\u0142awiu, ul. P.P. Ignuta 30, 54-151 Wroc\u0142aw b\u0105d\u017a skontaktuj si\u0119 mailowo,<br \/>\nza po\u015brednictwem naszej skrzynki: sekretariat.p150@wroclawskaedukacja.pl.<br \/>\n9. Przys\u0142uguj\u0105 Ci nast\u0119puj\u0105ce prawa, w zale\u017cno\u015bci od podstawy przetwarzania Twoich danych:<br \/>\na) wype\u0142nienie obowi\u0105zku prawnego, prawo do \u017c\u0105dania dost\u0119pu do tre\u015bci swoich danych<br \/>\nosobowych, ich sprostowania, usuni\u0119cia lub ograniczenia przetwarzania;<br \/>\nb) realizacja interesu publicznego lub sprawowanie w\u0142adzy publicznej, prawo do \u017c\u0105dania dost\u0119pu<br \/>\ndo tre\u015bci swoich danych osobowych, ich sprostowania, usuni\u0119cia lub ograniczenia<br \/>\nprzetwarzania;<br \/>\nc) zgoda, prawo do \u017c\u0105dania dost\u0119pu do tre\u015bci swoich danych osobowych, ich sprostowania,<br \/>\nusuni\u0119cia lub ograniczenia przetwarzania, jak r\u00f3wnie\u017c prawo do przenoszenia danych<br \/>\ndo innego administratora.<br \/>\n10. Odr\u0119bnie chcemy Ci\u0119 poinformowa\u0107, \u017ce masz r\u00f3wnie\u017c prawo do tzw. sprzeciwu wobec<br \/>\nprzetwarzania Twoich danych osobowych.<br \/>\n11. Uprawnienia, o kt\u00f3rych mowa powy\u017cej mo\u017cesz wykona\u0107 poprzez kontakt pod adresem e-mail:<br \/>\nsekretariat.p150@wroclawskaedukacja.pl lub listownie na adres: Przedszkole nr 150 \u201eWeso\u0142e<br \/>\nNutki\u201d we Wroc\u0142awiu, ul. P.P. Ignuta 30, 54-151 Wroc\u0142aw.<br \/>\n12. Je\u017celi uznasz, \u017ce w jakikolwiek spos\u00f3b naruszyli\u015bmy regu\u0142y przetwarzania Twoich danych<br \/>\nosobowych to masz prawo do z\u0142o\u017cenia skargi bezpo\u015brednio do organu nadzoru (Prezesa Urz\u0119du<br \/>\nOchrony Danych Osobowych, ul. Stawki 2, 00-193 Warszawa, tel. 22 531-03-00, e-mail:<br \/>\niod@uodo.gov.pl, www.uodo.gov.pl).<\/p>\n","protected":false},"excerpt":{"rendered":"<p>Polityka Ochrony Danych Osobowych \u2013 Za\u0142\u0105cznik nr 7 \u2013 Przedszkole nr 150 KLAUZULA INFORMACYJNA &#8211; Z\u0141O\u017bENIE PISMA W PLAC\u00d3WCE 1. Administratorem Twoich danych jest Przedszkole nr 150 \u201eWeso\u0142e Nutki\u201d we [&hellip;]<\/p>\n","protected":false},"author":264,"featured_media":0,"parent":0,"menu_order":0,"comment_status":"closed","ping_status":"closed","template":"","meta":{"ngg_post_thumbnail":0,"footnotes":""},"class_list":["post-4107","page","type-page","status-publish","hentry","clearfix"],"_links":{"self":[{"href":"https:\/\/przedszkole150.edu.wroclaw.pl\/index.php\/wp-json\/wp\/v2\/pages\/4107","targetHints":{"allow":["GET"]}}],"collection":[{"href":"https:\/\/przedszkole150.edu.wroclaw.pl\/index.php\/wp-json\/wp\/v2\/pages"}],"about":[{"href":"https:\/\/przedszkole150.edu.wroclaw.pl\/index.php\/wp-json\/wp\/v2\/types\/page"}],"author":[{"embeddable":true,"href":"https:\/\/przedszkole150.edu.wroclaw.pl\/index.php\/wp-json\/wp\/v2\/users\/264"}],"replies":[{"embeddable":true,"href":"https:\/\/przedszkole150.edu.wroclaw.pl\/index.php\/wp-json\/wp\/v2\/comments?post=4107"}],"version-history":[{"count":1,"href":"https:\/\/przedszkole150.edu.wroclaw.pl\/index.php\/wp-json\/wp\/v2\/pages\/4107\/revisions"}],"predecessor-version":[{"id":4108,"href":"https:\/\/przedszkole150.edu.wroclaw.pl\/index.php\/wp-json\/wp\/v2\/pages\/4107\/revisions\/4108"}],"wp:attachment":[{"href":"https:\/\/przedszkole150.edu.wroclaw.pl\/index.php\/wp-json\/wp\/v2\/media?parent=4107"}],"curies":[{"name":"wp","href":"https:\/\/api.w.org\/{rel}","templated":true}]}}