
{"id":4120,"date":"2023-05-07T07:12:33","date_gmt":"2023-05-07T05:12:33","guid":{"rendered":"https:\/\/przedszkole150.edu.wroclaw.pl\/?page_id=4120"},"modified":"2023-05-07T07:12:33","modified_gmt":"2023-05-07T05:12:33","slug":"klauzula-informacyjna-zawarcie-umowy","status":"publish","type":"page","link":"https:\/\/przedszkole150.edu.wroclaw.pl\/index.php\/klauzula-informacyjna-zawarcie-umowy\/","title":{"rendered":"Klauzula informacyjna &#8211; zawarcie umowy"},"content":{"rendered":"<p>Polityka Ochrony Danych Osobowych \u2013 Za\u0142\u0105cznik nr 7f \u2013 Przedszkole nr 150<br \/>\nKLAUZULA INFORMACYJNA \u2013 ZAWARCIE UMOWY<br \/>\n1. Administratorem Twoich danych jest Przedszkole nr 150 \u201eWeso\u0142e Nutki\u201d we Wroc\u0142awiu,<br \/>\nul. P.P. Ignuta 30, 54-151 Wroc\u0142aw (dalej: My). Kontakt z nami mo\u017cliwy jest pod mailem:<br \/>\nsekretariat.p150@wroclawskaedukacja.pl.<br \/>\n2. Dane kontaktowe do naszego inspektora ochrony danych to: inspektor@coreconsulting.pl<br \/>\nalbo CORE Consulting, ul. Wy\u0142om 16, 61-671 Pozna\u0144.<br \/>\n3. Twoje dane osobowe przetwarzamy w celu zawarcia i wykonania umowy, bie\u017c\u0105cej wsp\u00f3\u0142pracy<br \/>\noraz wzajemnych rozlicze\u0144.<br \/>\n4. Podstawa prawna przetwarzania Twoich danych jest art. 6 ust. 1 lit b RODO \u2013 zgodnie z kt\u00f3rym<br \/>\nmamy prawo przetwarza\u0107 dane osobowe, je\u015bli jest to niezb\u0119dne do zawarcia lub realizacji umowy.<br \/>\n5. Podanie danych jest dobrowolne, lecz niezb\u0119dne do zawarcia umowy i ich brak uniemo\u017cliwi jej<br \/>\nzawarcie.<br \/>\n6. Dane b\u0119dziemy przetwarza\u0107 przez okres trwania umowy oraz p\u00f3\u017aniej przez okres przedawnienia<br \/>\nroszcze\u0144 z tego tytu\u0142u, jak r\u00f3wnie\u017c w celach zwi\u0105zanych z rozliczalno\u015bci\u0105 naszych dzia\u0142a\u0144, do czego<br \/>\njeste\u015bmy zobowi\u0105zani przepisami prawa o ochronie danych osobowych, jednak\u017ce nie d\u0142u\u017cej<br \/>\nni\u017c przez 6 lat.<br \/>\n7. Twoje dane nie b\u0119d\u0105 podlega\u0142y profilowaniu, ani zautomatyzowanemu podejmowaniu decyzji.<br \/>\n8. Nie udost\u0119pniamy na w\u0142asno\u015b\u0107 Twoich danych \u017cadnym podmiotom komercyjnym. Wiedz jednak,<br \/>\n\u017ce Twoje dane mog\u0105 by\u0107 ujawnione:<br \/>\na. firmom utrzymuj\u0105cym i serwisuj\u0105cym nasze serwery informatyczne,<br \/>\nb. kancelariom prawnym, kt\u00f3re wspieraj\u0105 nas w obszarze bie\u017c\u0105cej dzia\u0142alno\u015bci,<br \/>\nc. firmom obs\u0142uguj\u0105cym nas w obszarze IT, w tym serwisuj\u0105cym urz\u0105dzenia wykorzystywane przez<br \/>\nnas w bie\u017c\u0105cej dzia\u0142alno\u015bci,<br \/>\nd. podmiotom utrzymuj\u0105cym oprogramowanie, z kt\u00f3rego korzystamy w ramach bie\u017c\u0105cej<br \/>\ndzia\u0142alno\u015bci,<br \/>\ne. kurierom i poczcie polskiej \u2013 w zwi\u0105zku z przesy\u0142an\u0105 korespondencj\u0105.<br \/>\nDodatkowo, Twoje dane osobowe w ramach wykonywanych przez nas zada\u0144 w obszarze<br \/>\nsprawowania w\u0142adzy publicznej i realizacji interesu publicznego, s\u0105 r\u00f3wnie\u017c udost\u0119pniane innym<br \/>\njednostkom organizacyjnym w ramach naszej jednostki samorz\u0105du terytorialnego.<br \/>\nJe\u015bli jeste\u015b zainteresowany jakie s\u0105 to podmioty napisz na adres naszej plac\u00f3wki: Przedszkole nr 150<br \/>\n\u201eWeso\u0142e Nutki\u201d we Wroc\u0142awiu, ul. P.P. Ignuta 30, 54-151 Wroc\u0142aw b\u0105d\u017a skontaktuj si\u0119 mailowo,<br \/>\nza po\u015brednictwem naszej skrzynki: sekretariat.p150@wroclawskaedukacja.pl.<br \/>\n9. Przys\u0142uguj\u0105 Ci nast\u0119puj\u0105ce prawa: prawo do \u017c\u0105dania dost\u0119pu do tre\u015bci swoich danych osobowych,<br \/>\nich sprostowania, usuni\u0119cia lub ograniczenia przetwarzania, jak r\u00f3wnie\u017c prawo do przenoszenia<br \/>\ndanych do innego administratora.<br \/>\n10. Odr\u0119bnie chcemy Ci\u0119 poinformowa\u0107, \u017ce masz r\u00f3wnie\u017c prawo do sprzeciwu wobec przetwarzania<br \/>\nTwoich danych osobowych.<br \/>\n11. Uprawnienia, o kt\u00f3rych mowa powy\u017cej mo\u017cesz wykona\u0107 poprzez kontakt pod adresem e-mail:<br \/>\nsekretariat.p150@wroclawskaedukacja.pl lub listownie na adres: Przedszkole nr 150 \u201eWeso\u0142e<br \/>\nNutki\u201d we Wroc\u0142awiu, ul. P.P. Ignuta 30, 54-151 Wroc\u0142aw.<br \/>\n12. Je\u017celi uznasz, \u017ce w jakikolwiek spos\u00f3b naruszyli\u015bmy regu\u0142y przetwarzania Twoich danych<br \/>\nosobowych to masz prawo do z\u0142o\u017cenia skargi bezpo\u015brednio do organu nadzoru (Prezesa Urz\u0119du<br \/>\nOchrony Danych Osobowych, ul. Stawki 2, 00-193 Warszawa, tel. 22 531-03-00, e-mail:<br \/>\niod@uodo.gov.pl, www.uodo.gov.pl).<\/p>\n","protected":false},"excerpt":{"rendered":"<p>Polityka Ochrony Danych Osobowych \u2013 Za\u0142\u0105cznik nr 7f \u2013 Przedszkole nr 150 KLAUZULA INFORMACYJNA \u2013 ZAWARCIE UMOWY 1. Administratorem Twoich danych jest Przedszkole nr 150 \u201eWeso\u0142e Nutki\u201d we Wroc\u0142awiu, ul. [&hellip;]<\/p>\n","protected":false},"author":264,"featured_media":0,"parent":0,"menu_order":0,"comment_status":"closed","ping_status":"closed","template":"","meta":{"ngg_post_thumbnail":0,"footnotes":""},"class_list":["post-4120","page","type-page","status-publish","hentry","clearfix"],"_links":{"self":[{"href":"https:\/\/przedszkole150.edu.wroclaw.pl\/index.php\/wp-json\/wp\/v2\/pages\/4120","targetHints":{"allow":["GET"]}}],"collection":[{"href":"https:\/\/przedszkole150.edu.wroclaw.pl\/index.php\/wp-json\/wp\/v2\/pages"}],"about":[{"href":"https:\/\/przedszkole150.edu.wroclaw.pl\/index.php\/wp-json\/wp\/v2\/types\/page"}],"author":[{"embeddable":true,"href":"https:\/\/przedszkole150.edu.wroclaw.pl\/index.php\/wp-json\/wp\/v2\/users\/264"}],"replies":[{"embeddable":true,"href":"https:\/\/przedszkole150.edu.wroclaw.pl\/index.php\/wp-json\/wp\/v2\/comments?post=4120"}],"version-history":[{"count":1,"href":"https:\/\/przedszkole150.edu.wroclaw.pl\/index.php\/wp-json\/wp\/v2\/pages\/4120\/revisions"}],"predecessor-version":[{"id":4121,"href":"https:\/\/przedszkole150.edu.wroclaw.pl\/index.php\/wp-json\/wp\/v2\/pages\/4120\/revisions\/4121"}],"wp:attachment":[{"href":"https:\/\/przedszkole150.edu.wroclaw.pl\/index.php\/wp-json\/wp\/v2\/media?parent=4120"}],"curies":[{"name":"wp","href":"https:\/\/api.w.org\/{rel}","templated":true}]}}