
{"id":4123,"date":"2023-05-07T07:14:49","date_gmt":"2023-05-07T05:14:49","guid":{"rendered":"https:\/\/przedszkole150.edu.wroclaw.pl\/?page_id=4123"},"modified":"2023-05-07T07:14:49","modified_gmt":"2023-05-07T05:14:49","slug":"klauzula-informacyjna-postepowanie-o-udzielenie-zamowienia-publicznego","status":"publish","type":"page","link":"https:\/\/przedszkole150.edu.wroclaw.pl\/index.php\/klauzula-informacyjna-postepowanie-o-udzielenie-zamowienia-publicznego\/","title":{"rendered":"Klauzula informacyjna- post\u0119powanie o udzielenie zam\u00f3wienia publicznego"},"content":{"rendered":"<p>Polityka Ochrony Danych Osobowych \u2013 Za\u0142\u0105cznik nr 7g \u2013 Przedszkole nr 150 \u201eWeso\u0142e Nutki\u201d we Wroc\u0142awiu<br \/>\nKLAUZULA INFORMACYJNA \u2013 POST\u0118POWANIE O UDZIELENIE ZAM\u00d3WIENIA<br \/>\nPUBLICZNEGO<br \/>\n1. Administratorem Twoich danych jest Przedszkole nr 150 \u201eWeso\u0142e Nutki\u201d we Wroc\u0142awiu,<br \/>\nul. P.P. Ignuta 30, 54-151 Wroc\u0142aw (dalej: My). Kontakt z nami mo\u017cliwy jest pod mailem:<br \/>\nsekretariat.p150@wroclawskaedukacja.pl.<br \/>\n2. Dane kontaktowe do naszego inspektora ochrony danych to: inspektor@coreconsulting.pl<br \/>\nalbo CORE Consulting, ul. Wy\u0142om 16, 61-671 Pozna\u0144.<br \/>\n3. Twoje dane osobowe przetwarzamy w celu prowadzenia post\u0119powania o udzielenie zam\u00f3wienia<br \/>\npublicznego oraz wyboru najkorzystniejszej oferty, a w przypadku nawi\u0105zania wsp\u00f3\u0142pracy r\u00f3wnie\u017c<br \/>\nw celu realizacji umowy.<br \/>\n4. Przetwarzamy Twoje dane w nast\u0119puj\u0105cym zakresie: imi\u0119, nazwisko, firma, adres dzia\u0142alno\u015bci,<br \/>\nnumer NIP, Regon, adres korespondencyjny, adres e-mail, numer telefonu, tre\u015b\u0107 oferty Twojej<br \/>\nfirmy, w tym dane pracownik\u00f3w lub przedstawicieli Twojej firmy, kt\u00f3re zdecydowa\u0142e\u015b si\u0119 tam<br \/>\nzawrze\u0107.<br \/>\n5. Podstaw\u0105 prawn\u0105 przetwarzania Twoich danych jest realizacja obowi\u0105zku prawnego ci\u0105\u017c\u0105cego<br \/>\nna administratorze, tj. obowi\u0105zek prowadzenia post\u0119powania zgodnie z regulacjami Prawa<br \/>\nzam\u00f3wie\u0144 publicznych (art. 6 ust. 1 lit. c RODO), a w przypadku zawarcia umowy podstaw\u0105 prawn\u0105<br \/>\nprzetwarzania b\u0119dzie w\u0142a\u015bnie konieczno\u015b\u0107 przetwarzania danych w celu realizacji umowy<br \/>\n(art. 6 ust. 1 lit. b RODO).<br \/>\n6. Podanie danych jest dobrowolne, lecz niezb\u0119dne do uczestnictwa w post\u0119powaniu o udzielenie<br \/>\nzam\u00f3wienia publicznego.<br \/>\n7. Dane przetwarzamy w czasie trwania post\u0119powania przetargowego oraz przez okres kolejnych<br \/>\n4 lat od dnia zako\u0144czenia post\u0119powania. W przypadku zawarcia umowy, przez okres realizacji<br \/>\numowy, a tak\u017ce po jej wykonaniu \u2013 przez okres kolejnych 5 lat (na potrzeby rozliczalno\u015bci<br \/>\nz organem nadzorczym) i przez okres przedawnienia roszcze\u0144.<br \/>\n8. Twoje dane nie b\u0119d\u0105 podlega\u0142y profilowaniu, ani zautomatyzowanemu podejmowaniu decyzji.<br \/>\n9. Nie udost\u0119pniamy na w\u0142asno\u015b\u0107 Twoich danych \u017cadnym podmiotom komercyjnym. Wiedz jednak,<br \/>\n\u017ce podane przez Ciebie dane mog\u0105 by\u0107 ujawnione:<br \/>\na. firmom utrzymuj\u0105cym i serwisuj\u0105cym nasze serwery informatyczne,<br \/>\nb. kancelariom prawnym, kt\u00f3re wspieraj\u0105 nas w obszarze bie\u017c\u0105cej dzia\u0142alno\u015bci,<br \/>\nc. firmom obs\u0142uguj\u0105cym nas w obszarze IT, w tym serwisuj\u0105cym urz\u0105dzenia wykorzystywane<br \/>\nprzez nas w bie\u017c\u0105cej dzia\u0142alno\u015bci,<br \/>\nd. podmiotom utrzymuj\u0105cym oprogramowanie, z kt\u00f3rego korzystamy w ramach bie\u017c\u0105cej<br \/>\ndzia\u0142alno\u015bci,<br \/>\ne. kurierom i poczcie polskiej \u2013 w zwi\u0105zku z przesy\u0142an\u0105 korespondencj\u0105.<br \/>\nDodatkowo, Twoje dane osobowe w ramach wykonywanych przez nas zada\u0144 w obszarze<br \/>\nsprawowania w\u0142adzy publicznej i realizacji interesu publicznego, s\u0105 r\u00f3wnie\u017c udost\u0119pniane innym<br \/>\njednostkom organizacyjnym w ramach naszej jednostki samorz\u0105du terytorialnego.<br \/>\nJe\u015bli jeste\u015b zainteresowany jakie s\u0105 to podmioty napisz na adres naszej plac\u00f3wki: Przedszkole nr 150<br \/>\n\u201eWeso\u0142e Nutki\u201d we Wroc\u0142awiu, ul. P.P. Ignuta 30, 54-151 Wroc\u0142aw b\u0105d\u017a skontaktuj si\u0119 mailowo,<br \/>\nza po\u015brednictwem naszej skrzynki: sekretariat.p150@wroclawskaedukacja.pl.<br \/>\n10. Przys\u0142uguj\u0105 Ci nast\u0119puj\u0105ce prawa, w zale\u017cno\u015bci od podstawy przetwarzania Twoich danych:<br \/>\nPolityka Ochrony Danych Osobowych \u2013 Za\u0142\u0105cznik nr 7g \u2013 Przedszkole nr 150 \u201eWeso\u0142e Nutki\u201d we Wroc\u0142awiu<br \/>\na) wype\u0142nienie obowi\u0105zku prawnego (art. 6 ust. 1 lit. c RODO):<br \/>\n\u2022 prawo do \u017c\u0105dania dost\u0119pu do tre\u015bci swoich danych osobowych (art. 15 RODO);<br \/>\n\u2022 prawo do sprostowania lub uzupe\u0142nienia swoich danych osobowych (art. 16 RODO),<br \/>\nprzy czym skorzystanie z prawa do sprostowania lub uzupe\u0142nienia danych nie mo\u017ce<br \/>\nskutkowa\u0107 zmian\u0105 wyniku post\u0119powania o udzielenie zam\u00f3wienia publicznego,<br \/>\nzmian\u0105 postanowie\u0144 umowy w sprawie zam\u00f3wienia publicznego w zakresie<br \/>\nniezgodnym z ustaw\u0105 Prawo zam\u00f3wie\u0144 publicznych oraz nie mo\u017ce narusza\u0107<br \/>\nintegralno\u015bci protoko\u0142u post\u0119powania oraz jego za\u0142\u0105cznik\u00f3w;<br \/>\n\u2022 prawo do zg\u0142oszenia \u017c\u0105dania ograniczenia przetwarzania (art. 18 RODO),<br \/>\nz zastrze\u017ceniem, \u017ce nie ogranicza to przetwarzania danych osobowych do czasu<br \/>\nzako\u0144czenia post\u0119powania o udzielenie zam\u00f3wienia. W przypadku, gdy wniesienie<br \/>\n\u017c\u0105dania spowoduje ograniczenie przetwarzania danych osobowych zawartych<br \/>\nw protokole post\u0119powania lub za\u0142\u0105cznikach do tego protoko\u0142u, od dnia zako\u0144czenia<br \/>\npost\u0119powania o udzielenie zam\u00f3wienia nie b\u0119dziemy udost\u0119pnia\u0107 tych danych, chyba<br \/>\n\u017ce zajd\u0105 przes\u0142anki, o kt\u00f3rych mowa w art. 18 ust. 2 RODO;<br \/>\nb) wykonanie umowy lub podj\u0119cie dzia\u0142a\u0144 przed zawarciem umowy (art. 6 ust. 1 lit. b RODO):<br \/>\nprawo do \u017c\u0105dania dost\u0119pu do tre\u015bci swoich danych osobowych, ich sprostowania, usuni\u0119cia<br \/>\nlub ograniczenia przetwarzania, jak r\u00f3wnie\u017c prawo do przenoszenia danych do innego<br \/>\nadministratora (art. 20 RODO).<br \/>\n11. Uprawnienia, o kt\u00f3rych mowa powy\u017cej mo\u017cesz wykona\u0107 poprzez kontakt pod adresem e-mail:<br \/>\nsekretariat.p150@wroclawskaedukacja.pl lub listownie na adres: Przedszkole nr 150 \u201eWeso\u0142e<br \/>\nNutki\u201d we Wroc\u0142awiu, ul. P.P. Ignuta 30, 54-151 Wroc\u0142aw.<br \/>\n12. Je\u017celi uznasz, \u017ce w jakikolwiek spos\u00f3b naruszyli\u015bmy regu\u0142y przetwarzania Twoich danych<br \/>\nosobowych to masz prawo do z\u0142o\u017cenia skargi bezpo\u015brednio do organu nadzoru (Prezesa Urz\u0119du<br \/>\nOchrony Danych Osobowych, ul. Stawki 2, 00-193 Warszawa, tel. 22 531-03-00, e-mail:<br \/>\niod@uodo.gov.pl, www.uodo.gov.pl).<\/p>\n","protected":false},"excerpt":{"rendered":"<p>Polityka Ochrony Danych Osobowych \u2013 Za\u0142\u0105cznik nr 7g \u2013 Przedszkole nr 150 \u201eWeso\u0142e Nutki\u201d we Wroc\u0142awiu KLAUZULA INFORMACYJNA \u2013 POST\u0118POWANIE O UDZIELENIE ZAM\u00d3WIENIA PUBLICZNEGO 1. Administratorem Twoich danych jest Przedszkole [&hellip;]<\/p>\n","protected":false},"author":264,"featured_media":0,"parent":0,"menu_order":0,"comment_status":"closed","ping_status":"closed","template":"","meta":{"ngg_post_thumbnail":0,"footnotes":""},"class_list":["post-4123","page","type-page","status-publish","hentry","clearfix"],"_links":{"self":[{"href":"https:\/\/przedszkole150.edu.wroclaw.pl\/index.php\/wp-json\/wp\/v2\/pages\/4123","targetHints":{"allow":["GET"]}}],"collection":[{"href":"https:\/\/przedszkole150.edu.wroclaw.pl\/index.php\/wp-json\/wp\/v2\/pages"}],"about":[{"href":"https:\/\/przedszkole150.edu.wroclaw.pl\/index.php\/wp-json\/wp\/v2\/types\/page"}],"author":[{"embeddable":true,"href":"https:\/\/przedszkole150.edu.wroclaw.pl\/index.php\/wp-json\/wp\/v2\/users\/264"}],"replies":[{"embeddable":true,"href":"https:\/\/przedszkole150.edu.wroclaw.pl\/index.php\/wp-json\/wp\/v2\/comments?post=4123"}],"version-history":[{"count":1,"href":"https:\/\/przedszkole150.edu.wroclaw.pl\/index.php\/wp-json\/wp\/v2\/pages\/4123\/revisions"}],"predecessor-version":[{"id":4124,"href":"https:\/\/przedszkole150.edu.wroclaw.pl\/index.php\/wp-json\/wp\/v2\/pages\/4123\/revisions\/4124"}],"wp:attachment":[{"href":"https:\/\/przedszkole150.edu.wroclaw.pl\/index.php\/wp-json\/wp\/v2\/media?parent=4123"}],"curies":[{"name":"wp","href":"https:\/\/api.w.org\/{rel}","templated":true}]}}