
{"id":4129,"date":"2023-05-07T07:21:34","date_gmt":"2023-05-07T05:21:34","guid":{"rendered":"https:\/\/przedszkole150.edu.wroclaw.pl\/?page_id=4129"},"modified":"2023-05-07T07:21:34","modified_gmt":"2023-05-07T05:21:34","slug":"klauzula-informacyjna-wolontariat","status":"publish","type":"page","link":"https:\/\/przedszkole150.edu.wroclaw.pl\/index.php\/klauzula-informacyjna-wolontariat\/","title":{"rendered":"Klauzula informacyjna- wolontariat"},"content":{"rendered":"<p>Polityka Ochrony Danych Osobowych \u2013 Za\u0142\u0105cznik nr 7j \u2013 Przedszkole nr 150<br \/>\nKLAUZULA INFORMACYJNA &#8211; WOLONTARIAT<br \/>\n1. Administratorem Twoich danych jest Przedszkole nr 150 \u201eWeso\u0142e Nutki\u201d we Wroc\u0142awiu, ul. P.P.<br \/>\nIgnuta 30, 54-151 Wroc\u0142aw (dalej: My). Kontakt z nami mo\u017cliwy jest pod mailem:<br \/>\nsekretariat.p150@wroclawskaedukacja.pl.<br \/>\n2. Dane kontaktowe do naszego inspektora ochrony danych to: inspektor@coreconsulting.pl<br \/>\nalbo CORE Consulting, ul. Wy\u0142om 16, 61-671 Pozna\u0144.<br \/>\n3. Twoje dane osobowe przetwarzamy w celu realizacji umowy b\u0105d\u017a porozumienia (w tym r\u00f3wnie\u017c<br \/>\nw formie ustnej) o wolontariacie.<br \/>\n4. Podstawa prawna przetwarzania Twoich danych jest zale\u017cna od tego, w jakim celu<br \/>\nje przetwarzamy. I tak, podstaw\u0105 przetwarzania b\u0119dzie:<br \/>\na) zawarcie i wykonanie umowy (art. 6 ust. 1 lit. b RODO):<br \/>\n\u2022 Twoje dane podane w zwi\u0105zku ze \u015bwiadczeniem wolontariatu, w tym r\u00f3wnie\u017c dane<br \/>\nniezb\u0119dne do zawarcia ubezpieczenia od nast\u0119pstw nieszcz\u0119\u015bliwych wypadk\u00f3w,<br \/>\nkoszt\u00f3w leczenia oraz odpowiedzialno\u015bci cywilnej;<br \/>\na) wype\u0142nienie obowi\u0105zku prawnego ci\u0105\u017c\u0105cego na administratorze (art. 6 ust. 1 lit. c RODO):<br \/>\n\u2022 w przypadku uprawnienia do \u015bwiadczenia zdrowotnego, Twoje dane osobowe<br \/>\noraz dane Twoich bliskich b\u0119dziemy przetwarza\u0107 z powo\u0142aniem na przepisy<br \/>\no \u015bwiadczeniach opieki zdrowotnej finansowanych ze \u015brodk\u00f3w publicznych;<br \/>\n\u2022 w przypadku uprawnienia do zaopatrzenia z tytu\u0142u wypadku przy wykonywaniu<br \/>\n\u015bwiadcze\u0144, b\u0119dziemy przetwarza\u0107 Twoje dane na podstawie przepis\u00f3w ustawy<br \/>\no zaopatrzeniu z tytu\u0142u wypadk\u00f3w lub chor\u00f3b zawodowych powsta\u0142ych<br \/>\nw szczeg\u00f3lnych okoliczno\u015bciach;<br \/>\n\u2022 w celu weryfikacji Twoich danych w Rejestrze Sprawc\u00f3w Przest\u0119pstw na Tle<br \/>\nSeksualnym, przetwarzamy dane na podstawie przepis\u00f3w ustawy o przeciwdzia\u0142aniu<br \/>\nzagro\u017ceniom przest\u0119pczo\u015bci\u0105 na tle seksualnym;<br \/>\nb) interes publiczny lub sprawowanie w\u0142adzy publicznej powierzonej administratorowi (art. 6 ust.<br \/>\n1 lit. e RODO):<br \/>\n\u2022 dane osobowe niezb\u0119dne do informowania rodzic\u00f3w i opiekun\u00f3w o kadrze<br \/>\nzatrudnianej w Przedszkolu, jak r\u00f3wnie\u017c w celu informowania o bie\u017c\u0105cych<br \/>\nwydarzeniach z \u017cycia plac\u00f3wki.<br \/>\n5. Podanie danych w zakresie uregulowanym przez przepisy prawa powszechnie obowi\u0105zuj\u0105cego jest<br \/>\nobowi\u0105zkowe. Przekazanie pozosta\u0142ych danych, jest dobrowolne, lecz niezb\u0119dne do zawarcia<br \/>\numowy i rozpocz\u0119cia z nami wsp\u00f3\u0142pracy w charakterze wolontariusza.<br \/>\n6. B\u0119dziemy przetwarza\u0107 Twoje dane przez okres odbywania wolontariatu, a nast\u0119pnie \u2013 przez okres<br \/>\nwskazany naszej Instrukcji Kancelaryjnej.<br \/>\n7. Twoje dane nie b\u0119d\u0105 podlega\u0142y profilowaniu ani zautomatyzowanemu podejmowaniu decyzji.<br \/>\n8. Nie udost\u0119pniamy na w\u0142asno\u015b\u0107 Twoich danych \u017cadnym podmiotom komercyjnym. Wiedz jednak,<br \/>\n\u017ce Twoje dane zwi\u0105zane ze wsp\u00f3\u0142prac\u0105 w charakterze wolontariusza mog\u0105 by\u0107 ujawnione:<br \/>\na. firmie szkol\u0105cej pracownik\u00f3w w obszarze BHP,<br \/>\nb. firmom utrzymuj\u0105cym i serwisuj\u0105cym nasze serwery informatyczne,<br \/>\nc. kancelariom prawnym, kt\u00f3re wspieraj\u0105 nas w obszarze bie\u017c\u0105cej dzia\u0142alno\u015bci,<br \/>\nd. firmom obs\u0142uguj\u0105cym nas w obszarze IT, w tym serwisuj\u0105cym urz\u0105dzenia wykorzystywane<br \/>\nprzez nas w bie\u017c\u0105cej dzia\u0142alno\u015bci,<br \/>\nPolityka Ochrony Danych Osobowych \u2013 Za\u0142\u0105cznik nr 7j \u2013 Przedszkole nr 150<br \/>\ne. podmiotom utrzymuj\u0105cym oprogramowanie, z kt\u00f3rego korzystamy w ramach bie\u017c\u0105cej<br \/>\ndzia\u0142alno\u015bci,<br \/>\nf. kurierom i poczcie polskiej \u2013 w zwi\u0105zku z przesy\u0142an\u0105 korespondencj\u0105,<br \/>\ng. firmom wspieraj\u0105cym nas w organizacji wycieczek (np. firmy przewozowe, muzea, kina),<br \/>\nh. w przypadku konkurs\u00f3w, do kt\u00f3rych mo\u017cesz by\u0107 zaanga\u017cowana\/y \u2013 innym jednostkom<br \/>\no\u015bwiatowym.<br \/>\nDodatkowo, Twoje dane osobowe w ramach wykonywanych przez nas zada\u0144 w obszarze<br \/>\nsprawowania w\u0142adzy publicznej i realizacji interesu publicznego, s\u0105 r\u00f3wnie\u017c udost\u0119pniane innym<br \/>\njednostkom organizacyjnym w ramach naszej jednostki samorz\u0105du terytorialnego.<br \/>\nJe\u015bli jeste\u015b zainteresowany jakie s\u0105 to podmioty napisz na adres naszej plac\u00f3wki: Przedszkole nr 150<br \/>\n\u201eWeso\u0142e Nutki\u201d we Wroc\u0142awiu, ul. P.P. Ignuta 30, 54-151 Wroc\u0142aw b\u0105d\u017a skontaktuj si\u0119 mailowo,<br \/>\nza po\u015brednictwem naszej skrzynki: sekretariat.p150@wroclawskaedukacja.pl.<br \/>\n9. Przys\u0142uguj\u0105 Ci nast\u0119puj\u0105ce prawa, w zale\u017cno\u015bci od podstawy przetwarzania Twoich danych:<br \/>\na) zawarcie i realizacja umowy, prawo do \u017c\u0105dania dost\u0119pu do tre\u015bci Twoich danych osobowych,<br \/>\nich prostowania, usuni\u0119cia lub ograniczenia przetwarzania, jak r\u00f3wnie\u017c przenoszenia danych<br \/>\ndo innego administratora;<br \/>\nb) wype\u0142nienie obowi\u0105zku prawnego, prawo do \u017c\u0105dania dost\u0119pu do tre\u015bci swoich danych<br \/>\nosobowych, ich sprostowania, usuni\u0119cia lub ograniczenia przetwarzania;<br \/>\nc) realizacja interesu publicznego lub sprawowanie w\u0142adzy publicznej, prawo do \u017c\u0105dania dost\u0119pu<br \/>\ndo tre\u015bci swoich danych osobowych, ich sprostowania, usuni\u0119cia lub ograniczenia<br \/>\nprzetwarzania.<br \/>\n10. Odr\u0119bnie chcemy Ci\u0119 poinformowa\u0107, \u017ce masz r\u00f3wnie\u017c prawo do tzw. sprzeciwu wobec<br \/>\nprzetwarzania Twoich danych osobowych.<br \/>\n11. Uprawnienia, o kt\u00f3rych mowa powy\u017cej mo\u017cesz wykona\u0107 poprzez kontakt pod adresem e-mail:<br \/>\nsekretariat.p150@wroclawskaedukacja.pl lub listownie na adres: Przedszkole nr 150 \u201eWeso\u0142e<br \/>\nNutki\u201d we Wroc\u0142awiu, ul. P.P. Ignuta 30, 54-151 Wroc\u0142aw.<br \/>\n12. Je\u017celi uznasz, \u017ce w jakikolwiek spos\u00f3b naruszyli\u015bmy regu\u0142y przetwarzania Twoich danych<br \/>\nosobowych to masz prawo do z\u0142o\u017cenia skargi bezpo\u015brednio do organu nadzoru (Prezesa Urz\u0119du<br \/>\nOchrony Danych Osobowych, ul. Stawki 2, 00-193 Warszawa, tel. 22 531-03-00, e-mail:<br \/>\niod@uodo.gov.pl, www.uodo.gov.pl).<\/p>\n","protected":false},"excerpt":{"rendered":"<p>Polityka Ochrony Danych Osobowych \u2013 Za\u0142\u0105cznik nr 7j \u2013 Przedszkole nr 150 KLAUZULA INFORMACYJNA &#8211; WOLONTARIAT 1. Administratorem Twoich danych jest Przedszkole nr 150 \u201eWeso\u0142e Nutki\u201d we Wroc\u0142awiu, ul. P.P. [&hellip;]<\/p>\n","protected":false},"author":264,"featured_media":0,"parent":0,"menu_order":0,"comment_status":"closed","ping_status":"closed","template":"","meta":{"ngg_post_thumbnail":0,"footnotes":""},"class_list":["post-4129","page","type-page","status-publish","hentry","clearfix"],"_links":{"self":[{"href":"https:\/\/przedszkole150.edu.wroclaw.pl\/index.php\/wp-json\/wp\/v2\/pages\/4129","targetHints":{"allow":["GET"]}}],"collection":[{"href":"https:\/\/przedszkole150.edu.wroclaw.pl\/index.php\/wp-json\/wp\/v2\/pages"}],"about":[{"href":"https:\/\/przedszkole150.edu.wroclaw.pl\/index.php\/wp-json\/wp\/v2\/types\/page"}],"author":[{"embeddable":true,"href":"https:\/\/przedszkole150.edu.wroclaw.pl\/index.php\/wp-json\/wp\/v2\/users\/264"}],"replies":[{"embeddable":true,"href":"https:\/\/przedszkole150.edu.wroclaw.pl\/index.php\/wp-json\/wp\/v2\/comments?post=4129"}],"version-history":[{"count":1,"href":"https:\/\/przedszkole150.edu.wroclaw.pl\/index.php\/wp-json\/wp\/v2\/pages\/4129\/revisions"}],"predecessor-version":[{"id":4130,"href":"https:\/\/przedszkole150.edu.wroclaw.pl\/index.php\/wp-json\/wp\/v2\/pages\/4129\/revisions\/4130"}],"wp:attachment":[{"href":"https:\/\/przedszkole150.edu.wroclaw.pl\/index.php\/wp-json\/wp\/v2\/media?parent=4129"}],"curies":[{"name":"wp","href":"https:\/\/api.w.org\/{rel}","templated":true}]}}