
{"id":4132,"date":"2023-05-07T07:24:33","date_gmt":"2023-05-07T05:24:33","guid":{"rendered":"https:\/\/przedszkole150.edu.wroclaw.pl\/?page_id=4132"},"modified":"2023-05-07T07:24:33","modified_gmt":"2023-05-07T05:24:33","slug":"klauzula-informacyjna-rekrutacja-pracownika","status":"publish","type":"page","link":"https:\/\/przedszkole150.edu.wroclaw.pl\/index.php\/klauzula-informacyjna-rekrutacja-pracownika\/","title":{"rendered":"Klauzula informacyjna- rekrutacja pracownika"},"content":{"rendered":"<p>Polityka Ochrony Danych Osobowych \u2013 Za\u0142\u0105cznik nr 7k \u2013 Przedszkole nr 150<br \/>\nKLAUZULA INFORMACYJNA &#8211; REKRUTACJA PRACOWNIKA<br \/>\n1. Administratorem Twoich danych jest Przedszkole nr 150 \u201eWeso\u0142e Nutki\u201d we Wroc\u0142awiu,<br \/>\nul. P.P. Ignuta 30, 54-151 Wroc\u0142aw (dalej: My). Kontakt z nami mo\u017cliwy jest pod mailem:<br \/>\nsekretariat.p150@wroclawskaedukacja.pl.<br \/>\n2. Dane kontaktowe do naszego inspektora ochrony danych to: inspektor@coreconsulting.pl<br \/>\nalbo CORE Consulting, ul. Wy\u0142om 16, 61-671 Pozna\u0144.<br \/>\n3. Twoje dane osobowe przetwarzamy w celu przeprowadzenia procesu rekrutacji.<br \/>\n4. Podstawa prawna przetwarzania Twoich danych jest zale\u017cna od tego, w jakim celu<br \/>\nje przetwarzamy. I tak, podstaw\u0105 przetwarzania b\u0119dzie:<br \/>\na) wype\u0142nienie obowi\u0105zku prawnego ci\u0105\u017c\u0105cego na administratorze (art. 6 ust. 1 lit. c RODO):<br \/>\n\u2022 w odniesieniu do danych osobowych, kt\u00f3rych zakres wynika z przepis\u00f3w Kodeksu<br \/>\npracy oraz ustaw szczeg\u00f3lnych \u2013 w tym Karty Nauczyciela.<br \/>\nb) zgoda (art. 6 ust. 1 lit. a RODO):<br \/>\n\u2022 kt\u00f3r\u0105 wyra\u017casz poprzez zg\u0142oszenie si\u0119 do procesu rekrutacji i przes\u0142ania nam<br \/>\ndokument\u00f3w aplikacyjnych;<br \/>\n\u2022 w zakresie danych, kt\u00f3re przekazujesz nam z w\u0142asnej inicjatywy (np. wizerunek je\u015bli<br \/>\ndo dokument\u00f3w aplikacyjnych zosta\u0142o do\u0142\u0105czone zdj\u0119cie).<br \/>\n\u2022 je\u015bli w dokumentach rekrutacyjnych zosta\u0142a zawarta klauzula zgody na przetwarzanie<br \/>\ndanych osobowych w przysz\u0142ych procesach rekrutacyjnych.<br \/>\n5. Zakres danych, kt\u00f3rych przekazania wymagamy w procesie rekrutacji wynika z przepis\u00f3w ustaw,<br \/>\na ich przekazanie jest dobrowolne, ale niezb\u0119dne do udzia\u0142u w procesie rekrutacji.<br \/>\n6. B\u0119dziemy przetwarza\u0107 Twoje dane przez okres prowadzenia procesu rekrutacji, je\u015bli za\u015b zosta\u0142a<br \/>\nwyra\u017cona zgoda na przetwarzanie danych osobowych w przysz\u0142ych procesach rekrutacyjnych<br \/>\n7. \u2013 dane b\u0119dziemy przetwarza\u0107 przez okres roku od dnia zako\u0144czenia bie\u017c\u0105cej rekrutacji lub<br \/>\ndo momentu wycofania zgody.<br \/>\n8. Zgoda mo\u017ce zosta\u0107 wycofana w ka\u017cdym momencie, jednak bez wp\u0142ywu na zgodno\u015b\u0107 z prawem<br \/>\nprzetwarzania dokonanego przez administratora przed jej wycofaniem.<br \/>\n9. Twoje dane nie b\u0119d\u0105 podlega\u0142y profilowaniu ani zautomatyzowanemu podejmowaniu decyzji.<br \/>\n10. Nie udost\u0119pniamy na w\u0142asno\u015b\u0107 Twoich danych \u017cadnym podmiotom komercyjnym. Wiedz jednak,<br \/>\n\u017ce Twoje dane zwi\u0105zane z rekrutacj\u0105 mog\u0105 zosta\u0107 ujawnione:<br \/>\na. firmom utrzymuj\u0105cym i serwisuj\u0105cym nasze serwery informatyczne,<br \/>\nb. kancelariom prawnym, kt\u00f3re wspieraj\u0105 nas w obszarze bie\u017c\u0105cej dzia\u0142alno\u015bci,<br \/>\nc. firmom obs\u0142uguj\u0105cym nas w obszarze IT, w tym serwisuj\u0105cym urz\u0105dzenia wykorzystywane<br \/>\nprzez nas w bie\u017c\u0105cej dzia\u0142alno\u015bci,<br \/>\nd. podmiotom utrzymuj\u0105cym oprogramowanie, z kt\u00f3rego korzystamy w ramach bie\u017c\u0105cej<br \/>\ndzia\u0142alno\u015bci,<br \/>\ne. kurierom i poczcie polskiej \u2013 w zwi\u0105zku z przesy\u0142an\u0105 korespondencj\u0105.<br \/>\nTwoje dane osobowe w ramach wykonywanych przez nas zada\u0144 w obszarze sprawowania w\u0142adzy<br \/>\npublicznej i realizacji interesu publicznego s\u0105 r\u00f3wnie\u017c udost\u0119pniane innym jednostkom<br \/>\norganizacyjnym w ramach naszej jednostki samorz\u0105du terytorialnego.<br \/>\nJe\u015bli jeste\u015b zainteresowany jakie s\u0105 to podmioty napisz na adres naszej plac\u00f3wki: Przedszkole nr 150<br \/>\n\u201eWeso\u0142e Nutki\u201d we Wroc\u0142awiu, ul. P.P. Ignuta 30, 54-151 Wroc\u0142aw b\u0105d\u017a skontaktuj si\u0119 mailowo,<br \/>\nza po\u015brednictwem naszej skrzynki: sekretariat.p150@wroclawskaedukacja.pl.<br \/>\nPolityka Ochrony Danych Osobowych \u2013 Za\u0142\u0105cznik nr 7k \u2013 Przedszkole nr 150<br \/>\n11. Przys\u0142uguj\u0105 Ci nast\u0119puj\u0105ce prawa, w zale\u017cno\u015bci od podstawy przetwarzania Twoich danych:<br \/>\na) wype\u0142nienie obowi\u0105zku prawnego \u2013 prawo do \u017c\u0105dania: dost\u0119pu do tre\u015bci swoich danych<br \/>\nosobowych, ich sprostowania, usuni\u0119cia lub ograniczenia przetwarzania;<br \/>\nb) zgoda \u2013 prawo do \u017c\u0105dania dost\u0119pu do tre\u015bci swoich danych osobowych, ich sprostowania,<br \/>\nusuni\u0119cia lub ograniczenia przetwarzania, prawo do przenoszenia danych do innego<br \/>\nadministratora.<br \/>\n12. Odr\u0119bnie chcemy Ci\u0119 poinformowa\u0107, \u017ce masz r\u00f3wnie\u017c prawo do sprzeciwu wobec przetwarzania<br \/>\nTwoich danych osobowych.<br \/>\n13. Uprawnienia, o kt\u00f3rych mowa powy\u017cej mo\u017cesz wykona\u0107 poprzez kontakt pod adresem e-mail:<br \/>\nsekretariat.p150@wroclawskaedukacja.pl lub listownie na adres: Przedszkole nr 150 \u201eWeso\u0142e<br \/>\nNutki\u201d we Wroc\u0142awiu, ul. P.P. Ignuta 30, 54-151 Wroc\u0142aw.<br \/>\n14. Je\u017celi uznasz, \u017ce w jakikolwiek spos\u00f3b naruszyli\u015bmy regu\u0142y przetwarzania Twoich danych<br \/>\nosobowych to masz prawo do z\u0142o\u017cenia skargi bezpo\u015brednio do organu nadzoru (Prezes Urz\u0119du<br \/>\nOchrony Danych Osobowych, ul. Stawki 2, 00-193 Warszawa, tel. 22 531-03-00, e-mail:<br \/>\niod@uodo.gov.pl, www.uodo.gov.pl).<\/p>\n","protected":false},"excerpt":{"rendered":"<p>Polityka Ochrony Danych Osobowych \u2013 Za\u0142\u0105cznik nr 7k \u2013 Przedszkole nr 150 KLAUZULA INFORMACYJNA &#8211; REKRUTACJA PRACOWNIKA 1. Administratorem Twoich danych jest Przedszkole nr 150 \u201eWeso\u0142e Nutki\u201d we Wroc\u0142awiu, ul. [&hellip;]<\/p>\n","protected":false},"author":264,"featured_media":0,"parent":0,"menu_order":0,"comment_status":"closed","ping_status":"closed","template":"","meta":{"ngg_post_thumbnail":0,"footnotes":""},"class_list":["post-4132","page","type-page","status-publish","hentry","clearfix"],"_links":{"self":[{"href":"https:\/\/przedszkole150.edu.wroclaw.pl\/index.php\/wp-json\/wp\/v2\/pages\/4132","targetHints":{"allow":["GET"]}}],"collection":[{"href":"https:\/\/przedszkole150.edu.wroclaw.pl\/index.php\/wp-json\/wp\/v2\/pages"}],"about":[{"href":"https:\/\/przedszkole150.edu.wroclaw.pl\/index.php\/wp-json\/wp\/v2\/types\/page"}],"author":[{"embeddable":true,"href":"https:\/\/przedszkole150.edu.wroclaw.pl\/index.php\/wp-json\/wp\/v2\/users\/264"}],"replies":[{"embeddable":true,"href":"https:\/\/przedszkole150.edu.wroclaw.pl\/index.php\/wp-json\/wp\/v2\/comments?post=4132"}],"version-history":[{"count":1,"href":"https:\/\/przedszkole150.edu.wroclaw.pl\/index.php\/wp-json\/wp\/v2\/pages\/4132\/revisions"}],"predecessor-version":[{"id":4133,"href":"https:\/\/przedszkole150.edu.wroclaw.pl\/index.php\/wp-json\/wp\/v2\/pages\/4132\/revisions\/4133"}],"wp:attachment":[{"href":"https:\/\/przedszkole150.edu.wroclaw.pl\/index.php\/wp-json\/wp\/v2\/media?parent=4132"}],"curies":[{"name":"wp","href":"https:\/\/api.w.org\/{rel}","templated":true}]}}