
{"id":4135,"date":"2023-05-07T07:26:40","date_gmt":"2023-05-07T05:26:40","guid":{"rendered":"https:\/\/przedszkole150.edu.wroclaw.pl\/?page_id=4135"},"modified":"2023-05-07T07:26:40","modified_gmt":"2023-05-07T05:26:40","slug":"klauzula-informacyjna-zatrudnienie-nauczyciel","status":"publish","type":"page","link":"https:\/\/przedszkole150.edu.wroclaw.pl\/index.php\/klauzula-informacyjna-zatrudnienie-nauczyciel\/","title":{"rendered":"Klauzula informacyjna- zatrudnienie- nauczyciel"},"content":{"rendered":"<p>Polityka Ochrony Danych Osobowych \u2013 Za\u0142\u0105cznik nr 7l \u2013 Przedszkole nr 150<br \/>\nKLAUZULA INFORMACYJNA ZATRUDNIENIE &#8211; NAUCZYCIEL<br \/>\n1. Administratorem Twoich danych jest Przedszkole nr 150 \u201eWeso\u0142e Nutki\u201d we Wroc\u0142awiu,<br \/>\nul. P.P. Ignuta 30, 54-151 Wroc\u0142aw (dalej: My). Kontakt z nami mo\u017cliwy jest pod mailem:<br \/>\nsekretariat.p150@wroclawskaedukacja.pl.<br \/>\n2. Dane kontaktowe do naszego inspektora ochrony danych to: inspektor@coreconsulting.pl<br \/>\nalbo CORE Consulting, ul. Wy\u0142om 16, 61-671 Pozna\u0144.<br \/>\n3. Twoje dane osobowe oraz podane przez Ciebie oraz dane dotycz\u0105ce Twojej rodziny przetwarzamy<br \/>\nw celu realizacji obowi\u0105zk\u00f3w wynikaj\u0105cych z przepis\u00f3w dotycz\u0105cych prawa pracy, Karty<br \/>\nnauczyciela, rozlicze\u0144 podatkowych oraz ubezpiecze\u0144 spo\u0142ecznych.<br \/>\n4. Podstawa prawna przetwarzania Twoich danych jest zale\u017cna od tego, w jakim celu<br \/>\nje przetwarzamy. I tak, podstaw\u0105 przetwarzania b\u0119dzie:<br \/>\na) wype\u0142nienie obowi\u0105zku prawnego ci\u0105\u017c\u0105cego na administratorze (art. 6 ust. 1 lit. c RODO):<br \/>\n\u2022 w odniesieniu do danych osobowych, kt\u00f3re przetwarzamy w celu realizacji<br \/>\nobowi\u0105zk\u00f3w wynikaj\u0105cych z prawa pracy, Karty nauczyciela, rozlicze\u0144 podatkowych<br \/>\noraz ubezpiecze\u0144 spo\u0142ecznych;<br \/>\n\u2022 w odniesieniu do danych, kt\u00f3re przetwarzamy w celu wywi\u0105zania si\u0119 z obowi\u0105zku<br \/>\ndokonania weryfikacji w Rejestrze przest\u0119pstw na tle seksualnym.<br \/>\nb) interes publiczny lub sprawowanie w\u0142adzy publicznej powierzonej administratorowi<br \/>\n(art. 6 ust. 1 lit. e RODO):<br \/>\n\u2022 Twoje dane osobowe obejmuj\u0105ce dane identyfikacyjne oraz wizerunek przetwarzamy<br \/>\nw celu informowania rodzic\u00f3w i opiekun\u00f3w o kadrze zatrudnianej w Szkole, osobach<br \/>\nodpowiedzialnych za poszczeg\u00f3lne zaj\u0119cia itp., a to z powo\u0142aniem na klauzul\u0119 realizacji<br \/>\ninteresu publicznego przez nasz\u0105 Szko\u0142\u0119.<br \/>\n5. Podanie danych jest wymogiem ustawowym i jest obowi\u0105zkowe.<br \/>\n6. Administrator b\u0119dzie przetwarza\u0107 Twoje dane osobowe przez okres zatrudnienia, nast\u0119pnie<br \/>\nza\u015b przez okres 10 lat od dnia zako\u0144czenia stosunku pracy.<br \/>\n7. Twoje dane nie b\u0119d\u0105 podlega\u0142y profilowaniu ani zautomatyzowanemu podejmowaniu decyzji.<br \/>\n8. Nie udost\u0119pniamy na w\u0142asno\u015b\u0107 Twoich danych \u017cadnym podmiotom komercyjnym. Wiedz jednak,<br \/>\n\u017ce Twoje dane zwi\u0105zane mog\u0105 zosta\u0107 ujawnione:<br \/>\na) firmie szkol\u0105cej pracownik\u00f3w w obszarze BHP,<br \/>\nb) firmom utrzymuj\u0105cym i serwisuj\u0105cym nasze serwery informatyczne,<br \/>\nc) kancelariom prawnym, kt\u00f3re wspieraj\u0105 nas w obszarze bie\u017c\u0105cej dzia\u0142alno\u015bci,<br \/>\nd) firmom obs\u0142uguj\u0105cym nas w obszarze IT, w tym serwisuj\u0105cym urz\u0105dzenia wykorzystywane<br \/>\nprzez nas w\u202fbie\u017c\u0105cej dzia\u0142alno\u015bci,<br \/>\ne) podmiotom utrzymuj\u0105cym oprogramowanie, z kt\u00f3rego korzystamy w ramach bie\u017c\u0105cej<br \/>\ndzia\u0142alno\u015bci,<br \/>\nf) kurierom i poczcie polskiej \u2013 w zwi\u0105zku z przesy\u0142an\u0105 korespondencj\u0105,<br \/>\ng) firmom wspieraj\u0105cym nas w organizacji wycieczek (np. firmy przewozowe, muzea, kina),<br \/>\nh) w przypadku konkurs\u00f3w, do kt\u00f3rych mo\u017cesz by\u0107 zaanga\u017cowana\/y \u2013 innym jednostkom<br \/>\no\u015bwiatowym,<br \/>\nTwoje dane osobowe w ramach wykonywanych przez nas zada\u0144 w obszarze sprawowania w\u0142adzy<br \/>\npublicznej i realizacji interesu publicznego s\u0105 r\u00f3wnie\u017c udost\u0119pniane innym jednostkom<br \/>\norganizacyjnym w ramach naszej jednostki samorz\u0105du terytorialnego.<br \/>\nPolityka Ochrony Danych Osobowych \u2013 Za\u0142\u0105cznik nr 7l \u2013 Przedszkole nr 150<br \/>\nJe\u015bli jeste\u015b zainteresowany jakie s\u0105 to podmioty napisz na adres naszej plac\u00f3wki: Przedszkole<br \/>\nnr 150 \u201eWeso\u0142e Nutki\u201d we Wroc\u0142awiu, ul. P.P. Ignuta 30, 54-151 Wroc\u0142aw b\u0105d\u017a skontaktuj<br \/>\nsi\u0119 mailowo, za po\u015brednictwem naszej skrzynki: sekretariat.p150@wroclawskaedukacja.pl.<br \/>\n9. Przys\u0142uguj\u0105 Ci nast\u0119puj\u0105ce prawa, w zale\u017cno\u015bci od podstawy przetwarzania Twoich danych:<br \/>\na) wype\u0142nienie obowi\u0105zku prawnego \u2013 prawo do \u017c\u0105dania: dost\u0119pu do tre\u015bci swoich danych<br \/>\nosobowych, ich sprostowania, usuni\u0119cia lub ograniczenia przetwarzania;<br \/>\nb) realizacja interesu publicznego lub sprawowanie w\u0142adzy publicznej \u2013 prawo do \u017c\u0105dania<br \/>\ndost\u0119pu do tre\u015bci swoich danych osobowych, ich sprostowania, usuni\u0119cia lub ograniczenia<br \/>\nprzetwarzania.<br \/>\n10. Odr\u0119bnie chcemy Ci\u0119 poinformowa\u0107, \u017ce masz r\u00f3wnie\u017c prawo do sprzeciwu wobec przetwarzania<br \/>\nTwoich danych osobowych.<br \/>\n11. Uprawnienia, o kt\u00f3rych mowa powy\u017cej mo\u017cesz wykona\u0107 poprzez kontakt pod adresem e-mail:<br \/>\nsekretariat.p150@wroclawskaedukacja.pl lub listownie na adres: Przedszkole nr 150 \u201eWeso\u0142e<br \/>\nNutki\u201d we Wroc\u0142awiu, ul. P.P. Ignuta 30, 54-151 Wroc\u0142aw.<br \/>\n12. Je\u017celi uznasz, \u017ce w jakikolwiek spos\u00f3b naruszyli\u015bmy regu\u0142y przetwarzania Twoich danych<br \/>\nosobowych to masz prawo do z\u0142o\u017cenia skargi bezpo\u015brednio do organu nadzoru (Prezes Urz\u0119du<br \/>\nOchrony Danych Osobowych, ul. Stawki 2, 00-193 Warszawa, tel. 22 531-03-00, e-mail:<br \/>\niod@uodo.gov.pl, www.uodo.gov.pl).<\/p>\n","protected":false},"excerpt":{"rendered":"<p>Polityka Ochrony Danych Osobowych \u2013 Za\u0142\u0105cznik nr 7l \u2013 Przedszkole nr 150 KLAUZULA INFORMACYJNA ZATRUDNIENIE &#8211; NAUCZYCIEL 1. Administratorem Twoich danych jest Przedszkole nr 150 \u201eWeso\u0142e Nutki\u201d we Wroc\u0142awiu, ul. [&hellip;]<\/p>\n","protected":false},"author":264,"featured_media":0,"parent":0,"menu_order":0,"comment_status":"closed","ping_status":"closed","template":"","meta":{"ngg_post_thumbnail":0,"footnotes":""},"class_list":["post-4135","page","type-page","status-publish","hentry","clearfix"],"_links":{"self":[{"href":"https:\/\/przedszkole150.edu.wroclaw.pl\/index.php\/wp-json\/wp\/v2\/pages\/4135","targetHints":{"allow":["GET"]}}],"collection":[{"href":"https:\/\/przedszkole150.edu.wroclaw.pl\/index.php\/wp-json\/wp\/v2\/pages"}],"about":[{"href":"https:\/\/przedszkole150.edu.wroclaw.pl\/index.php\/wp-json\/wp\/v2\/types\/page"}],"author":[{"embeddable":true,"href":"https:\/\/przedszkole150.edu.wroclaw.pl\/index.php\/wp-json\/wp\/v2\/users\/264"}],"replies":[{"embeddable":true,"href":"https:\/\/przedszkole150.edu.wroclaw.pl\/index.php\/wp-json\/wp\/v2\/comments?post=4135"}],"version-history":[{"count":1,"href":"https:\/\/przedszkole150.edu.wroclaw.pl\/index.php\/wp-json\/wp\/v2\/pages\/4135\/revisions"}],"predecessor-version":[{"id":4136,"href":"https:\/\/przedszkole150.edu.wroclaw.pl\/index.php\/wp-json\/wp\/v2\/pages\/4135\/revisions\/4136"}],"wp:attachment":[{"href":"https:\/\/przedszkole150.edu.wroclaw.pl\/index.php\/wp-json\/wp\/v2\/media?parent=4135"}],"curies":[{"name":"wp","href":"https:\/\/api.w.org\/{rel}","templated":true}]}}