
{"id":4139,"date":"2023-05-07T07:28:45","date_gmt":"2023-05-07T05:28:45","guid":{"rendered":"https:\/\/przedszkole150.edu.wroclaw.pl\/?page_id=4139"},"modified":"2023-05-07T07:28:45","modified_gmt":"2023-05-07T05:28:45","slug":"klauzula-informacyjna-pracownik-samorzadowy","status":"publish","type":"page","link":"https:\/\/przedszkole150.edu.wroclaw.pl\/index.php\/klauzula-informacyjna-pracownik-samorzadowy\/","title":{"rendered":"Klauzula informacyjna- pracownik samorz\u0105dowy"},"content":{"rendered":"<p>Polityka Ochrony Danych Osobowych \u2013 Za\u0142\u0105cznik nr 7m \u2013 Przedszkole nr 150<br \/>\nKLAUZULA INFORMACYJNA \u2013 PRACOWNIK SAMORZ\u0104DOWY<br \/>\n1. Administratorem Twoich danych jest Przedszkole nr 150 \u201eWeso\u0142e Nutki\u201d we Wroc\u0142awiu,<br \/>\nul. P.P. Ignuta 30, 54-151 Wroc\u0142aw (dalej: My). Kontakt z nami mo\u017cliwy jest pod mailem:<br \/>\nsekretariat.p150@wroclawskaedukacja.pl.<br \/>\n2. Dane kontaktowe do naszego inspektora ochrony danych to: inspektor@coreconsulting.pl<br \/>\nalbo CORE Consulting, ul. Wy\u0142om 16, 61-671 Pozna\u0144.<br \/>\n3. Twoje dane osobowe przetwarzamy w celu rekrutacji, a w przypadku zatrudnienia w celu rozlicze\u0144<br \/>\npodatkowych oraz ubezpiecze\u0144 spo\u0142ecznych, wykonania obowi\u0105zk\u00f3w w obszarze dokumentacji<br \/>\nprawa pracy oraz realizowania obowi\u0105zk\u00f3w zwi\u0105zanych z bezpiecze\u0144stwem, higien\u0105 i medycyn\u0105<br \/>\npracy.<br \/>\n4. Podstawa prawna przetwarzania Twoich danych jest zale\u017cna od tego, w jakim celu<br \/>\nje przetwarzamy. I tak:<br \/>\na) Twoje dane osobowe podane dla potrzeb konkretnej rekrutacji przetwarzamy:<br \/>\n\u2022 w zakresie, w jakim podane przez Ciebie dane odpowiadaj\u0105 wymaganiom wynikaj\u0105cym<br \/>\nz prawa pracy\u2013 z powo\u0142aniem na art. 6 ust. 1 lit. b RODO, tj. w wykonaniu czynno\u015bci<br \/>\nd\u0105\u017c\u0105cych do zawarcia umowy o prac\u0119, ze szczeg\u00f3lnym uwzgl\u0119dnieniem art. 6<br \/>\ni n. ustawy o pracownikach samorz\u0105dowych oraz art. 221 Kodeksu pracy;<br \/>\n\u2022 w zakresie pozosta\u0142ych danych &#8211; na podstawie Twojej zgody, kt\u00f3ra zosta\u0142a wyra\u017cona<br \/>\npoprzez zg\u0142oszenie si\u0119 w procesie rekrutacji, przes\u0142anie swojego CV, wype\u0142nienie<br \/>\nkwestionariusza;<br \/>\nb) Twoje dane osobowe przetwarzamy dla potrzeb przysz\u0142ych rekrutacji i proponowania<br \/>\nCi udzia\u0142u w nich, je\u015bli wyrazisz na to odr\u0119bn\u0105 zgod\u0119, np. w CV lub innych dokumentach<br \/>\naplikacyjnych;<br \/>\nc) Twoje dane osobowe podane w zwi\u0105zku z zatrudnieniem przetwarzamy:<br \/>\n\u2022 w zakresie, w jakim podane przez Ciebie dane odpowiadaj\u0105 wymaganiom wynikaj\u0105cym<br \/>\nz prawa pracy \u2013 z powo\u0142aniem na art. 6 ust. 1 lit. c RODO;<br \/>\n\u2022 w zakresie pozosta\u0142ych danych \u2013 na podstawie Twojej zgody;<br \/>\nd) w zakresie rozlicze\u0144 podatkowych, ubezpiecze\u0144 spo\u0142ecznych, zdrowotnych<br \/>\noraz opracowywania i prowadzenia dokumentacji pracowniczej \u2013 te procesy realizujemy<br \/>\nponiewa\u017c taki mamy obowi\u0105zek wynikaj\u0105cy z przepis\u00f3w prawa;<br \/>\ne) Twoje dane osobowe obejmuj\u0105ce dane identyfikacyjne oraz wizerunek przetwarzamy w celu<br \/>\ninformowania os\u00f3b z otoczenia Przedszkola o kadrze zatrudnianej w Przedszkolu oraz osobach<br \/>\nodpowiedzialnych za poszczeg\u00f3lne zadania, w celu informowania o bie\u017c\u0105cych wydarzeniach<br \/>\nz \u017cycia plac\u00f3wki itp., a to z powo\u0142aniem na klauzul\u0119 realizacji interesu publicznego przez nasze<br \/>\nPrzedszkole.<br \/>\n5. Dane nie podlegaj\u0105 profilowaniu ani zautomatyzowanemu podejmowaniu decyzji.<br \/>\n6. B\u0119dziemy przetwarza\u0107 Twoje dane przez okres rekrutacji (chyba, \u017ce uzyskamy od Ciebie zgod\u0119<br \/>\nna pozostawienie danych osobowych w przypadku przysz\u0142ych rekrutacji), a w razie podj\u0119cia<br \/>\nwsp\u00f3\u0142pracy &#8211; r\u00f3wnie\u017c przez ca\u0142y okres zatrudnienia i nast\u0119pnie przez okres 10 lat od daty ustania<br \/>\nzatrudnienia (tak d\u0142ugi okres przechowywania danych pracowniczych jest obowi\u0105zkiem na\u0142o\u017conym<br \/>\nna nas przez przepisu prawa pracy).<br \/>\n7. Twoje dane osobowe przechowywane b\u0119d\u0105\u0328przez okres 3 miesi\u0119cy po rekrutacji.<br \/>\n8. Je\u015bli zakwalifikujesz si\u0119 do nast\u0119pnego etapu naboru, Przedszkole b\u0119dzie zobowi\u0105zane<br \/>\ndo przygotowania protoko\u0142u z procesu naboru, stosownie do art. 14 ustawy o pracownikach<br \/>\nsamorz\u0105dowych. Protok\u00f3\u0142 ten oraz powi\u0105zan\u0105 z nim dokumentacj\u0119 z procesu rekrutacji<br \/>\nPolityka Ochrony Danych Osobowych \u2013 Za\u0142\u0105cznik nr 7m \u2013 Przedszkole nr 150<br \/>\nPrzedszkole b\u0119dzie zobowi\u0105zane przechowywa\u0107 na potrzeby rozliczalno\u015bci, w tym na potrzeby<br \/>\nkontroli prawid\u0142owo\u015bci procesu rekrutacji realizowanych przez powo\u0142ane do tego instytucje<br \/>\n(np. Najwy\u017csza Izba Kontroli).<br \/>\n9. Je\u017celi zostanie zatrudniony w plac\u00f3wce, Przedszkole w my\u015bl art. 15 ustawy o pracownikach<br \/>\nsamorz\u0105dowych b\u0119dzie zobowi\u0105zana opublikowa\u0107 Twoje imi\u0119, nazwisko oraz adres zamieszkania<br \/>\nna swojej tablicy og\u0142osze\u0144 oraz w swoim Biuletynie Informacji Publicznej.<br \/>\n10. Dokumenty aplikacyjne kandydat\u00f3w, z kt\u00f3rymi nie nawi\u0105zano stosunku pracy b\u0119d\u0105 wydane<br \/>\nzainteresowanym lub w przypadku, gdyby zainteresowany nie zg\u0142osi\u0142 si\u0119 po ich odbi\u00f3r niszczone<br \/>\nw spos\u00f3b mechaniczny 3 miesi\u0105ce po zako\u0144czonej rekrutacji.<br \/>\n11. Nie udost\u0119pniamy na w\u0142asno\u015b\u0107 Twoich danych \u017cadnym podmiotom komercyjnym. Wiedz jednak,<br \/>\n\u017ce Twoje dane zwi\u0105zane z zatrudnieniem udost\u0119pniamy:<br \/>\na. firmie szkol\u0105cej pracownik\u00f3w w obszarze BHP<br \/>\nb. firmom utrzymuj\u0105cym i serwisuj\u0105cym nasze serwery informatyczne,<br \/>\nc. kancelariom prawnym, kt\u00f3re wspieraj\u0105 nas w obszarze bie\u017c\u0105cej dzia\u0142alno\u015bci,<br \/>\nd. firmom obs\u0142uguj\u0105cym nas w obszarze IT, w tym serwisuj\u0105cym urz\u0105dzenia wykorzystywane<br \/>\nprzez nas w bie\u017c\u0105cej dzia\u0142alno\u015bci,<br \/>\ne. podmiotom utrzymuj\u0105cym oprogramowanie, z kt\u00f3rego korzystamy w ramach bie\u017c\u0105cej<br \/>\ndzia\u0142alno\u015bci,<br \/>\nf. kurierom i poczcie polskiej \u2013 w zwi\u0105zku z przesy\u0142an\u0105 korespondencj\u0105,<br \/>\ng. firmom wspieraj\u0105cym nas w organizacji wycieczek (np. firmy przewozowe, muzea, kina),<br \/>\nh. w przypadku konkurs\u00f3w, do kt\u00f3rych mo\u017cesz by\u0107 zaanga\u017cowana\/y \u2013 innym jednostkom<br \/>\no\u015bwiatowym.<br \/>\nW ramach wykonywanych przez nas zada\u0144 w obszarze sprawowania w\u0142adzy publicznej i realizacji<br \/>\ninteresu publicznego Twoje dane mog\u0105 zosta\u0107 udost\u0119pnione w ramach wsp\u00f3\u0142pracy organom<br \/>\nsamorz\u0105du lokalnego, plac\u00f3wkom oraz instytucjom edukacyjnym, kulturalnym i animacyjnym,<br \/>\nw spos\u00f3b zgodny z obowi\u0105zuj\u0105cymi przepisami prawa.<br \/>\nJe\u015bli jeste\u015b zainteresowany jakie s\u0105 to podmioty napisz na adres naszej plac\u00f3wki: Przedszkole nr 150<br \/>\n\u201eWeso\u0142e Nutki\u201d we Wroc\u0142awiu, ul. P.P. Ignuta 30, 54-151 Wroc\u0142aw b\u0105d\u017a skontaktuj si\u0119 mailowo,<br \/>\nza po\u015brednictwem naszej skrzynki: sekretariat.p150@wroclawskaedukacja.pl.<br \/>\n12. Masz prawo: \u017c\u0105dania dost\u0119pu do tre\u015bci swoich danych osobowych, do ich poprawiania, usuni\u0119cia<br \/>\nlub ograniczenia przetwarzania danych.<br \/>\n13. Odr\u0119bnie chcemy Ci\u0119 poinformowa\u0107, \u017ce masz r\u00f3wnie\u017c prawo do sprzeciwu wobec przetwarzania<br \/>\nTwoich danych osobowych.<br \/>\n14. Uprawnienia, o kt\u00f3rych mowa powy\u017cej mo\u017cesz wykona\u0107 poprzez kontakt pod adresem e-mail:<br \/>\nsekretariat.p150@wroclawskaedukacja.pl lub listownie na adres: Przedszkole nr 150 \u201eWeso\u0142e<br \/>\nNutki\u201d we Wroc\u0142awiu, ul. P.P. Ignuta 30, 54-151 Wroc\u0142aw.<br \/>\n15. Je\u017celi uznasz, \u017ce w jakikolwiek spos\u00f3b naruszyli\u015bmy regu\u0142y przetwarzania Twoich danych<br \/>\nosobowych to masz prawo do z\u0142o\u017cenia skargi bezpo\u015brednio do organu nadzoru (Prezesa Urz\u0119du<br \/>\nOchrony Danych Osobowych, ul. Stawki 2, 00-193 Warszawa, tel. 22 531-03-00, e-mail:<br \/>\niod@uodo.gov.pl, www.uodo.gov.pl).<\/p>\n","protected":false},"excerpt":{"rendered":"<p>Polityka Ochrony Danych Osobowych \u2013 Za\u0142\u0105cznik nr 7m \u2013 Przedszkole nr 150 KLAUZULA INFORMACYJNA \u2013 PRACOWNIK SAMORZ\u0104DOWY 1. Administratorem Twoich danych jest Przedszkole nr 150 \u201eWeso\u0142e Nutki\u201d we Wroc\u0142awiu, ul. [&hellip;]<\/p>\n","protected":false},"author":264,"featured_media":0,"parent":0,"menu_order":0,"comment_status":"closed","ping_status":"closed","template":"","meta":{"ngg_post_thumbnail":0,"footnotes":""},"class_list":["post-4139","page","type-page","status-publish","hentry","clearfix"],"_links":{"self":[{"href":"https:\/\/przedszkole150.edu.wroclaw.pl\/index.php\/wp-json\/wp\/v2\/pages\/4139","targetHints":{"allow":["GET"]}}],"collection":[{"href":"https:\/\/przedszkole150.edu.wroclaw.pl\/index.php\/wp-json\/wp\/v2\/pages"}],"about":[{"href":"https:\/\/przedszkole150.edu.wroclaw.pl\/index.php\/wp-json\/wp\/v2\/types\/page"}],"author":[{"embeddable":true,"href":"https:\/\/przedszkole150.edu.wroclaw.pl\/index.php\/wp-json\/wp\/v2\/users\/264"}],"replies":[{"embeddable":true,"href":"https:\/\/przedszkole150.edu.wroclaw.pl\/index.php\/wp-json\/wp\/v2\/comments?post=4139"}],"version-history":[{"count":1,"href":"https:\/\/przedszkole150.edu.wroclaw.pl\/index.php\/wp-json\/wp\/v2\/pages\/4139\/revisions"}],"predecessor-version":[{"id":4140,"href":"https:\/\/przedszkole150.edu.wroclaw.pl\/index.php\/wp-json\/wp\/v2\/pages\/4139\/revisions\/4140"}],"wp:attachment":[{"href":"https:\/\/przedszkole150.edu.wroclaw.pl\/index.php\/wp-json\/wp\/v2\/media?parent=4139"}],"curies":[{"name":"wp","href":"https:\/\/api.w.org\/{rel}","templated":true}]}}