
{"id":4142,"date":"2023-05-07T07:31:00","date_gmt":"2023-05-07T05:31:00","guid":{"rendered":"https:\/\/przedszkole150.edu.wroclaw.pl\/?page_id=4142"},"modified":"2023-05-07T07:31:00","modified_gmt":"2023-05-07T05:31:00","slug":"klauzula-nformacyjna-edukacja-dziecka-w-placowce","status":"publish","type":"page","link":"https:\/\/przedszkole150.edu.wroclaw.pl\/index.php\/klauzula-nformacyjna-edukacja-dziecka-w-placowce\/","title":{"rendered":"Klauzula -nformacyjna- edukacja dziecka w plac\u00f3wce"},"content":{"rendered":"<p>Polityka Ochrony Danych Osobowych \u2013 Za\u0142\u0105cznik nr 7n \u2013 Przedszkole nr 150<br \/>\nKLAUZULA INFORMACYJNA \u2013 EDUKACJA DZIECKA W PLAC\u00d3WCE<br \/>\n1. Administratorem Twoich danych jest Przedszkole nr 150 \u201eWeso\u0142e Nutki\u201d we Wroc\u0142awiu,<br \/>\nul. P.P. Ignuta 30, 54-151 Wroc\u0142aw (dalej: My). Kontakt z nami mo\u017cliwy jest pod mailem:<br \/>\nsekretariat.p150@wroclawskaedukacja.pl.<br \/>\n2. Dane kontaktowe do naszego inspektora ochrony danych to: inspektor@coreconsulting.pl<br \/>\nalbo CORE Consulting, ul. Wy\u0142om 16, 61-671 Pozna\u0144.<br \/>\n3. Twoje dane osobowe oraz dane osobowe Twojego dziecka (dalej r\u00f3wnie\u017c jako Twoje dane<br \/>\nosobowe) przetwarzamy w celu \u015bwiadczenia us\u0142ug edukacyjnych, opieku\u0144czo \u2013 wychowawczych<br \/>\noraz pedagogicznych, zgodnie z powszechnie obowi\u0105zuj\u0105cymi przepisami prawa.<br \/>\n4. Administrator pozyska\u0142 Twoje dane osobowe od Urz\u0119du Miasta Wroc\u0142awia, kt\u00f3ry prowadzi<br \/>\nelektroniczny system rekrutacji. Pozyskane dane osobowe obejmuj\u0105: dane Twojego dziecka (dalej:<br \/>\nkandydata), jak r\u00f3wnie\u017c Twoje dane osobowe (dalej: rodzic\u00f3w kandydata), w nast\u0119puj\u0105cym<br \/>\nzakresie: imi\u0119 i nazwisko, data urodzenia, numer PESEL kandydata (w przypadku braku numeru<br \/>\nPESEL seria i numer paszportu lub innego dokumentu potwierdzaj\u0105cego to\u017csamo\u015b\u0107); imiona<br \/>\ni nazwiska rodzic\u00f3w kandydata; adres miejsca zamieszkania rodzic\u00f3w i kandydata; adres e-mail<br \/>\nrodzic\u00f3w; numery telefonu rodzic\u00f3w; preferencje odno\u015bnie plac\u00f3wek w porz\u0105dku od najbardziej<br \/>\ndo najmniej preferowanych oraz pozosta\u0142e dane zawarte w za\u0142\u0105czonych przez Ciebie do wniosku<br \/>\ndokumentach i o\u015bwiadczeniach.<br \/>\n5. Ponadto, przetwarzamy dane osobowe Twojego dziecka, jakie zosta\u0142y uznane przez Ciebie<br \/>\nza istotne i z tego powodu przekazane naszej plac\u00f3wce, w szczeg\u00f3lno\u015bci o stanie zdrowia,<br \/>\nstosowanej diecie i rozwoju psychofizycznym, w celu zapewnienia Twojemu dziecku podczas<br \/>\npobytu w naszej plac\u00f3wce, odpowiedniej opieki, od\u017cywiania oraz metod opieku\u0144czo<br \/>\n&#8211; wychowawczych.<br \/>\n6. Na gruncie regulacji ochrony danych osobowych, z powo\u0142aniem na wykonanie przepis\u00f3w prawa<br \/>\no\u015bwiatowego, b\u0119dziemy wykorzystywa\u0107 wizerunek Twojego dziecka w celu udost\u0119pniania<br \/>\ngo w ramach spo\u0142eczno\u015bci Przedszkola \u2013 na tablo, w gablotkach, w gazetce itp. W tym zakresie nie<br \/>\nb\u0119dziemy Ciebie pyta\u0107 o odr\u0119bn\u0105 zgod\u0119, poniewa\u017c dzia\u0142amy w obszarze realizacji zadania<br \/>\npublicznego i w wykonaniu obowi\u0105zku wynikaj\u0105cego z przepisu prawa.<br \/>\n7. Podstawa prawna przetwarzania Twoich danych jest zale\u017cna od tego, w jakim celu<br \/>\nje przetwarzamy. I tak, podstaw\u0105 przetwarzania b\u0119dzie:<br \/>\na) wype\u0142nienie obowi\u0105zku prawnego ci\u0105\u017c\u0105cego na administratorze (art. 6 ust. 1 lit. c RODO):<br \/>\nprzyj\u0119cie i rozpoznanie przekazanych dokument\u00f3w rekrutacyjnych, jak r\u00f3wnie\u017c og\u0142oszenie<br \/>\nwynik\u00f3w rekrutacji;<br \/>\nb) interes publiczny lub sprawowanie w\u0142adzy publicznej powierzonej administratorowi (art. 6 ust.<br \/>\n1 lit. e RODO):<br \/>\n\u2022 gdzie mamy prawo i obowi\u0105zek podejmowa\u0107 okre\u015blone dzia\u0142ania w interesie lokalnej<br \/>\nspo\u0142eczno\u015bci, w tym przypadku zapewnienie edukacji publicznej;<br \/>\n\u2022 zapewnienie profilaktyki zdrowotnej, tam gdzie jeste\u015bmy zobowi\u0105zani<br \/>\ndo przetwarzania danych dotycz\u0105cych zdrowia, diety i rozwoju psychofizycznego<br \/>\nTwojego dziecka.<br \/>\n8. Podanie danych w zakresie uregulowanym przez przepisy prawa powszechnie obowi\u0105zuj\u0105cego jest<br \/>\nobowi\u0105zkowe. Przekazanie pozosta\u0142ych danych, jest dobrowolne, lecz mo\u017ce okaza\u0107 si\u0119 niezb\u0119dne<br \/>\ndo zapewnienia odpowiedniej opieki Twojemu dziecku.<br \/>\n9. Twoje dane nie b\u0119d\u0105 podlega\u0142y profilowaniu, ani zautomatyzowanemu podejmowaniu decyzji.<br \/>\n10. Okres przechowywania Twoich danych osobowych:<br \/>\nPolityka Ochrony Danych Osobowych \u2013 Za\u0142\u0105cznik nr 7n \u2013 Przedszkole nr 150<br \/>\n\u2022 Dane osobowe zar\u00f3wno Twoje, jak i Twojego dziecka, przyj\u0119tego do naszego Przedszkola,<br \/>\nzgromadzone w celach post\u0119powania rekrutacyjnego b\u0119dziemy przechowywa\u0107 nie d\u0142u\u017cej<br \/>\nni\u017c do ko\u0144ca okresu, w kt\u00f3rym Twoje dziecko korzysta z edukacji szkolnej;<br \/>\n\u2022 Dane osobowe Twoje, jak i Twojego dziecka, nieprzyj\u0119tego do naszego Przedszkola,<br \/>\nzgromadzone w celach post\u0119powania rekrutacyjnego b\u0119dziemy przechowywa\u0107<br \/>\nprzez okres roku, chyba \u017ce na rozstrzygni\u0119cie dyrektora Przedszkola zosta\u0142a wniesiona<br \/>\nskarga do s\u0105du administracyjnego i post\u0119powanie nie zosta\u0142o zako\u0144czone prawomocnym<br \/>\nwyrokiem;<br \/>\n\u2022 Dane powo\u0142ane w tre\u015bci z\u0142o\u017conego przez Ciebie pisma, sk\u0142adane w toku edukacji w naszym<br \/>\nPrzedszkolu, przetwarzamy przez okres wymagany przez przepisy prawa \u2013 kt\u00f3ry mo\u017ce by\u0107<br \/>\nr\u00f3\u017cny w zale\u017cno\u015bci od rodzaju sk\u0142adanego przez Ciebie pisma. Szczeg\u00f3\u0142owe informacje<br \/>\nw tym zakresie mo\u017cesz znale\u017a\u0107 w naszej Instrukcji Kancelaryjnej.<br \/>\n11. Nie udost\u0119pniamy na w\u0142asno\u015b\u0107 Twoich danych \u017cadnym podmiotom komercyjnym. Wiedz jednak,<br \/>\n\u017ce Twoje dane osobowe mog\u0105 by\u0107 ujawnione:<br \/>\na. firmom utrzymuj\u0105cym i serwisuj\u0105cym nasze serwery informatyczne,<br \/>\nb. kancelariom prawnym, kt\u00f3re wspieraj\u0105 nas w obszarze bie\u017c\u0105cej dzia\u0142alno\u015bci,<br \/>\nc. firmom obs\u0142uguj\u0105cym nas w obszarze IT, w tym serwisuj\u0105cym urz\u0105dzenia wykorzystywane<br \/>\nprzez nas w bie\u017c\u0105cej dzia\u0142alno\u015bci,<br \/>\nd. podmiotom utrzymuj\u0105cym oprogramowanie, z kt\u00f3rego korzystamy w ramach bie\u017c\u0105cej<br \/>\ndzia\u0142alno\u015bci,<br \/>\ne. kurierom i poczcie polskiej \u2013 w zwi\u0105zku z przesy\u0142an\u0105 korespondencji,<br \/>\nf. firmom wspieraj\u0105cym nas w organizacji wycieczek (np. firmy przewozowe, muzea, kina),<br \/>\ng. w przypadku konkurs\u00f3w mi\u0119dzyszkolnych, w kt\u00f3rych Twoje dziecko b\u0119dzie uczestniczy\u0107 \u2013<br \/>\ninnym jednostkom o\u015bwiatowym, b\u0119d\u0105cym organizatorem konkursu.<br \/>\nDodatkowo, Twoje dane osobowe w ramach wykonywanych przez nas zada\u0144 w obszarze<br \/>\nsprawowania w\u0142adzy publicznej i realizacji interesu publicznego, s\u0105 r\u00f3wnie\u017c udost\u0119pniane innym<br \/>\njednostkom organizacyjnym w ramach naszej jednostki samorz\u0105du terytorialnego.<br \/>\nJe\u015bli jeste\u015b zainteresowany jakie s\u0105 to podmioty napisz na adres naszej plac\u00f3wki: Przedszkole nr 150<br \/>\n\u201eWeso\u0142e Nutki\u201d we Wroc\u0142awiu, ul. P.P. Ignuta 30, 54-151 Wroc\u0142aw b\u0105d\u017a skontaktuj si\u0119 mailowo,<br \/>\nza po\u015brednictwem naszej skrzynki: sekretariat.p150@wroclawskaedukacja.pl.<br \/>\n12. Przys\u0142uguj\u0105 Ci nast\u0119puj\u0105ce prawa, w zale\u017cno\u015bci od podstawy przetwarzania Twoich danych:<br \/>\na) wype\u0142nienie obowi\u0105zku prawnego, prawo do \u017c\u0105dania dost\u0119pu do tre\u015bci swoich danych<br \/>\nosobowych, ich sprostowania, usuni\u0119cia lub ograniczenia przetwarzania;<br \/>\nb) realizacja interesu publicznego lub sprawowanie w\u0142adzy publicznej, prawo do \u017c\u0105dania dost\u0119pu<br \/>\ndo tre\u015bci swoich danych osobowych, ich sprostowania, usuni\u0119cia lub ograniczenia<br \/>\nprzetwarzania.<br \/>\n13. Odr\u0119bnie chcemy Ci\u0119 poinformowa\u0107, \u017ce masz r\u00f3wnie\u017c prawo do tzw. sprzeciwu wobec<br \/>\nprzetwarzania Twoich danych osobowych.<br \/>\n14. Uprawnienia, o kt\u00f3rych mowa powy\u017cej mo\u017cesz wykona\u0107 poprzez kontakt pod adresem e-mail:<br \/>\nsekretariat.p150@wroclawskaedukacja.pl lub listownie na adres: Przedszkole nr 150 \u201eWeso\u0142e<br \/>\nNutki\u201d we Wroc\u0142awiu, ul. P.P. Ignuta 30, 54-151 Wroc\u0142aw.<br \/>\n15. Je\u017celi uznasz, \u017ce w jakikolwiek spos\u00f3b naruszyli\u015bmy regu\u0142y przetwarzania Twoich danych<br \/>\nosobowych to masz prawo do z\u0142o\u017cenia skargi bezpo\u015brednio do organu nadzoru (Prezesa Urz\u0119du<br \/>\nOchrony Danych Osobowych, ul. Stawki 2, 00-193 Warszawa, tel. 22 531-03-00, e-mail:<br \/>\niod@uodo.gov.pl, www.uodo.gov.pl).<\/p>\n","protected":false},"excerpt":{"rendered":"<p>Polityka Ochrony Danych Osobowych \u2013 Za\u0142\u0105cznik nr 7n \u2013 Przedszkole nr 150 KLAUZULA INFORMACYJNA \u2013 EDUKACJA DZIECKA W PLAC\u00d3WCE 1. Administratorem Twoich danych jest Przedszkole nr 150 \u201eWeso\u0142e Nutki\u201d we [&hellip;]<\/p>\n","protected":false},"author":264,"featured_media":0,"parent":0,"menu_order":0,"comment_status":"closed","ping_status":"closed","template":"","meta":{"ngg_post_thumbnail":0,"footnotes":""},"class_list":["post-4142","page","type-page","status-publish","hentry","clearfix"],"_links":{"self":[{"href":"https:\/\/przedszkole150.edu.wroclaw.pl\/index.php\/wp-json\/wp\/v2\/pages\/4142","targetHints":{"allow":["GET"]}}],"collection":[{"href":"https:\/\/przedszkole150.edu.wroclaw.pl\/index.php\/wp-json\/wp\/v2\/pages"}],"about":[{"href":"https:\/\/przedszkole150.edu.wroclaw.pl\/index.php\/wp-json\/wp\/v2\/types\/page"}],"author":[{"embeddable":true,"href":"https:\/\/przedszkole150.edu.wroclaw.pl\/index.php\/wp-json\/wp\/v2\/users\/264"}],"replies":[{"embeddable":true,"href":"https:\/\/przedszkole150.edu.wroclaw.pl\/index.php\/wp-json\/wp\/v2\/comments?post=4142"}],"version-history":[{"count":1,"href":"https:\/\/przedszkole150.edu.wroclaw.pl\/index.php\/wp-json\/wp\/v2\/pages\/4142\/revisions"}],"predecessor-version":[{"id":4143,"href":"https:\/\/przedszkole150.edu.wroclaw.pl\/index.php\/wp-json\/wp\/v2\/pages\/4142\/revisions\/4143"}],"wp:attachment":[{"href":"https:\/\/przedszkole150.edu.wroclaw.pl\/index.php\/wp-json\/wp\/v2\/media?parent=4142"}],"curies":[{"name":"wp","href":"https:\/\/api.w.org\/{rel}","templated":true}]}}