
{"id":4145,"date":"2023-05-07T07:32:34","date_gmt":"2023-05-07T05:32:34","guid":{"rendered":"https:\/\/przedszkole150.edu.wroclaw.pl\/?page_id=4145"},"modified":"2023-05-07T07:32:34","modified_gmt":"2023-05-07T05:32:34","slug":"klauzula-informacyjna-opiekun-wycieczki","status":"publish","type":"page","link":"https:\/\/przedszkole150.edu.wroclaw.pl\/index.php\/klauzula-informacyjna-opiekun-wycieczki\/","title":{"rendered":"Klauzula informacyjna- opiekun wycieczki"},"content":{"rendered":"<p>Polityka Ochrony Danych Osobowych \u2013 Za\u0142\u0105cznik nr 7p \u2013 Przedszkole nr 150<br \/>\nKLAUZULA INFORMACYJNA &#8211; OPIEKUN WYCIECZKI<br \/>\n1. Administratorem Twoich danych jest Przedszkole nr 150 \u201eWeso\u0142e Nutki\u201d we Wroc\u0142awiu,<br \/>\nul. P.P. Ignuta 30, 54-151 Wroc\u0142aw (dalej: My). Kontakt z nami mo\u017cliwy jest pod mailem:<br \/>\nsekretariat.p150@wroclawskaedukacja.pl.<br \/>\n2. Dane kontaktowe do naszego inspektora ochrony danych to: inspektor@coreconsulting.pl<br \/>\nalbo CORE Consulting, ul. Wy\u0142om 16, 61-671 Pozna\u0144.<br \/>\n3. Twoje dane osobowe przetwarzamy w zwi\u0105zku z Twoim zg\u0142oszeniem si\u0119 do pe\u0142nienia funkcji<br \/>\nopiekuna organizowanej przez nas wycieczki i w celu weryfikacji Twojej osoby.<br \/>\n4. Podstawa prawna przetwarzania Twoich danych jest zale\u017cna od tego, w jakim celu<br \/>\nje przetwarzamy. I tak, podstaw\u0105 przetwarzania b\u0119dzie:<br \/>\na) wype\u0142nienie obowi\u0105zku prawnego ci\u0105\u017c\u0105cego na administratorze (art. 6 ust. 1 lit. c RODO)<br \/>\n*w zakresie danych niezb\u0119dnych do uzyskania informacji z Rejestru Sprawc\u00f3w Przest\u0119pstw na Tle<br \/>\nSeksualnym \u2013 z powo\u0142aniem na art. 6 ust. 1 lit. b RODO, tj. realizacj\u0119 obowi\u0105zku uzyskania<br \/>\ninformacji, czy osoba dopuszczona do opieki nad dzie\u0107mi, figuruje w Rejestrze sprawc\u00f3w<br \/>\nprzest\u0119pstw na tle seksualnym;<br \/>\nb) zgoda (art. 6 ust. 1 lit. a RODO):<br \/>\n*w zakresie pozosta\u0142ych danych, kt\u00f3re przetwarzamy w wyniku Twoje zg\u0142oszenia<br \/>\nsi\u0119 na opiekuna wycieczki.<br \/>\n5. Podanie danych jest wymogiem dobrowolne ale konieczne aby\u015b m\u00f3g\u0142\/mog\u0142a zosta\u0107 opiekunem<br \/>\nwycieczki.<br \/>\n6. B\u0119dziemy przetwarza\u0107 Twoje dane przez kres trwania wycieczki, a nast\u0119pnie \u2013 przez okres<br \/>\nwskazany naszej Instrukcji Kancelaryjnej.<br \/>\n7. Twoje dane nie b\u0119d\u0105 podlega\u0142y profilowaniu ani zautomatyzowanemu podejmowaniu decyzji.<br \/>\n8. Nie udost\u0119pniamy na w\u0142asno\u015b\u0107 Twoich danych \u017cadnym podmiotom komercyjnym. Wiedz jednak,<br \/>\n\u017ce Twoje dane mog\u0105 zosta\u0107 ujawnione:<br \/>\na. kancelariom prawnym, kt\u00f3re wspieraj\u0105 nas w obszarze bie\u017c\u0105cej dzia\u0142alno\u015bci,<br \/>\nb. kurierom i poczcie polskiej \u2013 w zwi\u0105zku z przesy\u0142an\u0105 korespondencj\u0105,<br \/>\nc. firmom wspieraj\u0105cym nas w organizacji wycieczki (np. firmy przewozowe, muzea, kina, hotele),<br \/>\nTwoje dane osobowe w ramach wykonywanych przez nas zada\u0144 w obszarze sprawowania w\u0142adzy<br \/>\npublicznej i realizacji interesu publicznego s\u0105 r\u00f3wnie\u017c udost\u0119pniane innym jednostkom<br \/>\norganizacyjnym w ramach naszej jednostki samorz\u0105du terytorialnego.<br \/>\nJe\u015bli jeste\u015b zainteresowany jakie s\u0105 to podmioty napisz na adres naszej plac\u00f3wki: Przedszkole nr 150<br \/>\n\u201eWeso\u0142e Nutki\u201d we Wroc\u0142awiu, ul. P.P. Ignuta 30, 54-151 Wroc\u0142aw b\u0105d\u017a skontaktuj si\u0119 mailowo,<br \/>\nza po\u015brednictwem naszej skrzynki: sekretariat.p150@wroclawskaedukacja.pl.<br \/>\n9. Przys\u0142uguj\u0105 Ci nast\u0119puj\u0105ce prawa, w zale\u017cno\u015bci od podstawy przetwarzania Twoich danych:<br \/>\na) wype\u0142nienie obowi\u0105zku prawnego, prawo do \u017c\u0105dania dost\u0119pu do tre\u015bci swoich danych<br \/>\nosobowych, ich sprostowania, usuni\u0119cia lub ograniczenia przetwarzania;<br \/>\nb) zgoda, prawo do \u017c\u0105dania dost\u0119pu do tre\u015bci swoich danych osobowych, ich sprostowania,<br \/>\nusuni\u0119cia lub ograniczenia przetwarzania.<br \/>\n10. Odr\u0119bnie chcemy Ci\u0119 poinformowa\u0107, \u017ce masz r\u00f3wnie\u017c prawo do sprzeciwu wobec przetwarzania<br \/>\nTwoich danych osobowych.<br \/>\n11. Uprawnienia, o kt\u00f3rych mowa powy\u017cej mo\u017cesz wykona\u0107 poprzez kontakt pod adresem e-mail:<br \/>\nsekretariat.p150@wroclawskaedukacja.pl lub listownie na adres: Przedszkole nr 150 \u201eWeso\u0142e<br \/>\nNutki\u201d we Wroc\u0142awiu, ul. P.P. Ignuta 30, 54-151 Wroc\u0142aw.<br \/>\n12. Je\u017celi uznasz, \u017ce w jakikolwiek spos\u00f3b naruszyli\u015bmy regu\u0142y przetwarzania Twoich danych<br \/>\nosobowych to masz prawo do z\u0142o\u017cenia skargi bezpo\u015brednio do organu nadzoru (Prezesa Urz\u0119du<br \/>\nOchrony Danych Osobowych, ul. Stawki 2, 00-193 Warszawa, tel. 22 531-03-00, e-mail:<br \/>\niod@uodo.gov.pl, www.uodo.gov.pl).<\/p>\n","protected":false},"excerpt":{"rendered":"<p>Polityka Ochrony Danych Osobowych \u2013 Za\u0142\u0105cznik nr 7p \u2013 Przedszkole nr 150 KLAUZULA INFORMACYJNA &#8211; OPIEKUN WYCIECZKI 1. Administratorem Twoich danych jest Przedszkole nr 150 \u201eWeso\u0142e Nutki\u201d we Wroc\u0142awiu, ul. [&hellip;]<\/p>\n","protected":false},"author":264,"featured_media":0,"parent":0,"menu_order":0,"comment_status":"closed","ping_status":"closed","template":"","meta":{"ngg_post_thumbnail":0,"footnotes":""},"class_list":["post-4145","page","type-page","status-publish","hentry","clearfix"],"_links":{"self":[{"href":"https:\/\/przedszkole150.edu.wroclaw.pl\/index.php\/wp-json\/wp\/v2\/pages\/4145","targetHints":{"allow":["GET"]}}],"collection":[{"href":"https:\/\/przedszkole150.edu.wroclaw.pl\/index.php\/wp-json\/wp\/v2\/pages"}],"about":[{"href":"https:\/\/przedszkole150.edu.wroclaw.pl\/index.php\/wp-json\/wp\/v2\/types\/page"}],"author":[{"embeddable":true,"href":"https:\/\/przedszkole150.edu.wroclaw.pl\/index.php\/wp-json\/wp\/v2\/users\/264"}],"replies":[{"embeddable":true,"href":"https:\/\/przedszkole150.edu.wroclaw.pl\/index.php\/wp-json\/wp\/v2\/comments?post=4145"}],"version-history":[{"count":1,"href":"https:\/\/przedszkole150.edu.wroclaw.pl\/index.php\/wp-json\/wp\/v2\/pages\/4145\/revisions"}],"predecessor-version":[{"id":4146,"href":"https:\/\/przedszkole150.edu.wroclaw.pl\/index.php\/wp-json\/wp\/v2\/pages\/4145\/revisions\/4146"}],"wp:attachment":[{"href":"https:\/\/przedszkole150.edu.wroclaw.pl\/index.php\/wp-json\/wp\/v2\/media?parent=4145"}],"curies":[{"name":"wp","href":"https:\/\/api.w.org\/{rel}","templated":true}]}}