
{"id":4151,"date":"2023-05-07T07:36:50","date_gmt":"2023-05-07T05:36:50","guid":{"rendered":"https:\/\/przedszkole150.edu.wroclaw.pl\/?page_id=4151"},"modified":"2023-05-07T07:36:50","modified_gmt":"2023-05-07T05:36:50","slug":"klauzula-informacyjna-prace-spoleczne-uzyteczne","status":"publish","type":"page","link":"https:\/\/przedszkole150.edu.wroclaw.pl\/index.php\/klauzula-informacyjna-prace-spoleczne-uzyteczne\/","title":{"rendered":"Klauzula informacyjna- prace spo\u0142eczne u\u017cyteczne"},"content":{"rendered":"<p>Polityka Ochrony Danych Osobowych \u2013 Za\u0142\u0105cznik nr 7s \u2013 Przedszkole nr 150<br \/>\nKLAUZULA INFORMACYJNA &#8211; PRACA SPO\u0141ECZNIE U\u017bYTECZNA<br \/>\n1. Administratorem Twoich danych jest Przedszkole nr 150 \u201eWeso\u0142e Nutki\u201d we Wroc\u0142awiu,<br \/>\nul. P.P. Ignuta 30, 54-151 Wroc\u0142aw (dalej: My). Kontakt z nami mo\u017cliwy jest pod mailem:<br \/>\nsekretariat.p150@wroclawskaedukacja.pl.<br \/>\n2. Dane kontaktowe do naszego inspektora ochrony danych to: inspektor@coreconsulting.pl albo<br \/>\nCORE Consulting, ul. Wy\u0142om 16, 61-671 Pozna\u0144.<br \/>\n3. Twoje dane osobowe przetwarzamy w celu przyj\u0119cia i umo\u017cliwienia Ci wykonywania pracy jak<br \/>\ni zapewnienia bezpiecznych i higienicznych warunk\u00f3w pracy oraz realizacj\u0119 innych obowi\u0105zk\u00f3w<br \/>\nzak\u0142adu pracy w stosunku do os\u00f3b skazanych przewidzianych w przepisach prawa.<br \/>\n4. Podstaw\u0105 prawn\u0105 przetwarzania Twoich danych jest wype\u0142nienie obowi\u0105zku prawnego ci\u0105\u017c\u0105cego<br \/>\nna administratorze (art. 6 ust. 1 lit. c RODO).<br \/>\n5. Dane pozyskali\u015bmy w wyniku skierowania Ci\u0119 do wykonania pracy na rzecz naszej plac\u00f3wki przez<br \/>\nw\u0142a\u015bciwy organ.<br \/>\n6. Przetwarzamy Twoje dane w zakresie: imienia i nazwiska, adresu zamieszkania, wieku, stanu<br \/>\nzdrowia, posiadanych kwalifikacji, czasu i rodzaju wykonywanej pracy, informacji na temat<br \/>\nskazania, jak i innych danych, jakie mog\u0105 by\u0107 niezb\u0119dne w procesie wykonywania pracy spo\u0142ecznie<br \/>\nu\u017cytecznej w naszej Szkole, w szczeg\u00f3lno\u015bci na potrzeby ubezpieczenia od nast\u0119pstw<br \/>\nnieszcz\u0119\u015bliwych wypadk\u00f3w, od odpowiedzialno\u015bci cywilnej oraz ustalenia zdolno\u015bci<br \/>\ndo wykonywania pracy na okre\u015blonym stanowisku.<br \/>\n7. B\u0119dziemy przetwarza\u0107 Twoje dane przez okres wykonywania pracy a nast\u0119pnie \u2013 przez okres<br \/>\nwskazany naszej Instrukcji Kancelaryjnej.<br \/>\n8. Twoje dane nie b\u0119d\u0105 podlega\u0142y profilowaniu ani zautomatyzowanemu podejmowaniu decyzji.<br \/>\n9. Nie udost\u0119pniamy na w\u0142asno\u015b\u0107 Twoich danych \u017cadnym podmiotom komercyjnym. Wiedz jednak,<br \/>\n\u017ce Twoje dane mog\u0105 zosta\u0107 ujawnione:<br \/>\na. firmie prowadz\u0105cej szkolenia w obszarze BHP,<br \/>\nb. firmom utrzymuj\u0105cym i serwisuj\u0105cym nasze serwery informatyczne,<br \/>\nc. kancelariom prawnym, kt\u00f3re wspieraj\u0105 nas w obszarze bie\u017c\u0105cej dzia\u0142alno\u015bci,<br \/>\nd. firmom obs\u0142uguj\u0105cym nas w obszarze IT, w tym serwisuj\u0105cym urz\u0105dzenia wykorzystywane przez<br \/>\nnas w bie\u017c\u0105cej dzia\u0142alno\u015bci,<br \/>\ne. podmiotom utrzymuj\u0105cym oprogramowanie, z kt\u00f3rego korzystamy w ramach bie\u017c\u0105cej<br \/>\ndzia\u0142alno\u015bci,<br \/>\nf. kurierom i poczcie polskiej \u2013 w zwi\u0105zku z przesy\u0142an\u0105 korespondencj\u0105,<br \/>\nTwoje dane osobowe w ramach wykonywanych przez nas zada\u0144 w obszarze sprawowania w\u0142adzy<br \/>\npublicznej i realizacji interesu publicznego s\u0105 r\u00f3wnie\u017c udost\u0119pniane innym jednostkom<br \/>\norganizacyjnym w ramach naszej jednostki samorz\u0105du terytorialnego.<br \/>\n10. Je\u015bli jeste\u015b zainteresowany jakie s\u0105 to podmioty napisz na adres naszej plac\u00f3wki: Przedszkole<br \/>\nnr 150 \u201eWeso\u0142e Nutki\u201d we Wroc\u0142awiu, ul. P.P. Ignuta 30, 54-151 Wroc\u0142aw b\u0105d\u017a skontaktuj<br \/>\nsi\u0119 mailowo, za po\u015brednictwem naszej skrzynki: sekretariat.p150@wroclawskaedukacja.pl.<br \/>\n11. Przys\u0142uguje Ci prawo \u017c\u0105dania dost\u0119pu do tre\u015bci swoich danych osobowych, ich sprostowania,<br \/>\nusuni\u0119cia lub ograniczenia przetwarzania.<br \/>\n12. Odr\u0119bnie chcemy Ci\u0119 poinformowa\u0107, \u017ce masz r\u00f3wnie\u017c prawo do sprzeciwu wobec przetwarzania<br \/>\nTwoich danych osobowych.<br \/>\nPolityka Ochrony Danych Osobowych \u2013 Za\u0142\u0105cznik nr 7s \u2013 Przedszkole nr 150<br \/>\n13. Uprawnienia, o kt\u00f3rych mowa powy\u017cej mo\u017cesz wykona\u0107 poprzez kontakt pod adresem e-mail:<br \/>\nsekretariat.p150@wroclawskaedukacja.pl lub listownie na adres: Przedszkole nr 150 \u201eWeso\u0142e<br \/>\nNutki\u201d we Wroc\u0142awiu, ul. P.P. Ignuta 30, 54-151 Wroc\u0142aw.<br \/>\n14. Je\u017celi uznasz, \u017ce w jakikolwiek spos\u00f3b naruszyli\u015bmy regu\u0142y przetwarzania Twoich danych<br \/>\nosobowych to masz prawo do z\u0142o\u017cenia skargi bezpo\u015brednio do organu nadzoru (Prezesa Urz\u0119du<br \/>\nOchrony Danych Osobowych, ul. Stawki 2, 00-193 Warszawa, tel. 22 531-03-00, e-mail:<br \/>\niod@uodo.gov.pl, www.uodo.gov.pl).<\/p>\n","protected":false},"excerpt":{"rendered":"<p>Polityka Ochrony Danych Osobowych \u2013 Za\u0142\u0105cznik nr 7s \u2013 Przedszkole nr 150 KLAUZULA INFORMACYJNA &#8211; PRACA SPO\u0141ECZNIE U\u017bYTECZNA 1. Administratorem Twoich danych jest Przedszkole nr 150 \u201eWeso\u0142e Nutki\u201d we Wroc\u0142awiu, [&hellip;]<\/p>\n","protected":false},"author":264,"featured_media":0,"parent":0,"menu_order":0,"comment_status":"closed","ping_status":"closed","template":"","meta":{"ngg_post_thumbnail":0,"footnotes":""},"class_list":["post-4151","page","type-page","status-publish","hentry","clearfix"],"_links":{"self":[{"href":"https:\/\/przedszkole150.edu.wroclaw.pl\/index.php\/wp-json\/wp\/v2\/pages\/4151","targetHints":{"allow":["GET"]}}],"collection":[{"href":"https:\/\/przedszkole150.edu.wroclaw.pl\/index.php\/wp-json\/wp\/v2\/pages"}],"about":[{"href":"https:\/\/przedszkole150.edu.wroclaw.pl\/index.php\/wp-json\/wp\/v2\/types\/page"}],"author":[{"embeddable":true,"href":"https:\/\/przedszkole150.edu.wroclaw.pl\/index.php\/wp-json\/wp\/v2\/users\/264"}],"replies":[{"embeddable":true,"href":"https:\/\/przedszkole150.edu.wroclaw.pl\/index.php\/wp-json\/wp\/v2\/comments?post=4151"}],"version-history":[{"count":1,"href":"https:\/\/przedszkole150.edu.wroclaw.pl\/index.php\/wp-json\/wp\/v2\/pages\/4151\/revisions"}],"predecessor-version":[{"id":4152,"href":"https:\/\/przedszkole150.edu.wroclaw.pl\/index.php\/wp-json\/wp\/v2\/pages\/4151\/revisions\/4152"}],"wp:attachment":[{"href":"https:\/\/przedszkole150.edu.wroclaw.pl\/index.php\/wp-json\/wp\/v2\/media?parent=4151"}],"curies":[{"name":"wp","href":"https:\/\/api.w.org\/{rel}","templated":true}]}}