
{"id":4154,"date":"2023-05-07T07:38:56","date_gmt":"2023-05-07T05:38:56","guid":{"rendered":"https:\/\/przedszkole150.edu.wroclaw.pl\/?page_id=4154"},"modified":"2023-05-07T07:38:56","modified_gmt":"2023-05-07T05:38:56","slug":"klauzula-informacyjna-zfss","status":"publish","type":"page","link":"https:\/\/przedszkole150.edu.wroclaw.pl\/index.php\/klauzula-informacyjna-zfss\/","title":{"rendered":"Klauzula informacyjna- ZF\u015aS"},"content":{"rendered":"<p>Polityka Ochrony Danych Osobowych \u2013 Za\u0142\u0105cznik nr 7t \u2013 Przedszkole nr 150<br \/>\nKLAUZULA INFORMACYJNA &#8211; ZAK\u0141ADOWY FUNDUSZ \u015aWIADCZE\u0143 SOCJALNYCH<br \/>\n1. Administratorem Twoich danych jest Przedszkole nr 150 \u201eWeso\u0142e Nutki\u201d we Wroc\u0142awiu,<br \/>\nul. P.P. Ignuta 30, 54-151 Wroc\u0142aw (dalej: My). Kontakt z nami mo\u017cliwy jest pod mailem:<br \/>\nsekretariat.p150@wroclawskaedukacja.pl.<br \/>\n2. Dane kontaktowe do naszego inspektora ochrony danych to: inspektor@coreconsulting.pl<br \/>\nalbo CORE Consulting, ul. Wy\u0142om 16, 61-671 Pozna\u0144.<br \/>\n3. Twoje dane osobowe przetwarzamy w celu procedowania Twojego wniosku.<br \/>\n4. Podstaw\u0105 prawn\u0105 przetwarzania jest:<br \/>\n\u2022 wype\u0142nienie obowi\u0105zku prawnego ci\u0105\u017c\u0105cego na administratorze (art. 6 ust. 1 lit. c RODO)<br \/>\nw zakresie w jakim przetwarzamy dane osobowe na potrzeby ZF\u015aS na podstawie przepis\u00f3w<br \/>\nprawa, w szczeg\u00f3lno\u015bci ustawy o Zak\u0142adowym Funduszu \u015awiadcze\u0144 Socjalnych;<br \/>\n\u2022 wype\u0142nienie obowi\u0105zk\u00f3w i wykonywania szczeg\u00f3lnych praw w dziedzinie prawa pracy,<br \/>\nzabezpieczenia spo\u0142ecznego i ochrony socjalnej (art. 9 ust. 2 lit. b RODO) w zakresie w jakim<br \/>\nprzetwarzamy Twoje dane osobowe dotycz\u0105ce zdrowia.<br \/>\n5. Podanie danych jest dobrowolne, ale konieczne do skorzystania Funduszu.<br \/>\n6. B\u0119dziemy przetwarza\u0107 Twoje dane przez okres procedowania wniosku a nast\u0119pnie \u2013 przez okres<br \/>\nwskazany naszej Instrukcji Kancelaryjnej.<br \/>\n7. Twoje dane nie b\u0119d\u0105 podlega\u0142y profilowaniu ani zautomatyzowanemu podejmowaniu decyzji.<br \/>\n8. Nie udost\u0119pniamy na w\u0142asno\u015b\u0107 Twoich danych \u017cadnym podmiotom komercyjnym. Wiedz jednak,<br \/>\n\u017ce Twoje dane mog\u0105 zosta\u0107 ujawnione:<br \/>\na. firmom utrzymuj\u0105cym i serwisuj\u0105cym nasze serwery informatyczne,<br \/>\nb. kancelariom prawnym, kt\u00f3re wspieraj\u0105 nas w obszarze bie\u017c\u0105cej dzia\u0142alno\u015bci,<br \/>\nc. firmom obs\u0142uguj\u0105cym nas w obszarze IT, w tym serwisuj\u0105cym urz\u0105dzenia wykorzystywane przez<br \/>\nnas w bie\u017c\u0105cej dzia\u0142alno\u015bci,<br \/>\nd. podmiotom utrzymuj\u0105cym oprogramowanie, z kt\u00f3rego korzystamy w ramach bie\u017c\u0105cej<br \/>\ndzia\u0142alno\u015bci,<br \/>\ne. kurierom i poczcie polskiej \u2013 w zwi\u0105zku z przesy\u0142an\u0105 korespondencj\u0105,<br \/>\nTwoje dane osobowe w ramach wykonywanych przez nas zada\u0144 w obszarze sprawowania w\u0142adzy<br \/>\npublicznej i realizacji interesu publicznego s\u0105 r\u00f3wnie\u017c udost\u0119pniane innym jednostkom<br \/>\norganizacyjnym w ramach naszej jednostki samorz\u0105du terytorialnego.<br \/>\nJe\u015bli jeste\u015b zainteresowany jakie s\u0105 to podmioty napisz na adres naszej plac\u00f3wki: Przedszkole nr 150<br \/>\n\u201eWeso\u0142e Nutki\u201d we Wroc\u0142awiu, ul. P.P. Ignuta 30, 54-151 Wroc\u0142aw b\u0105d\u017a skontaktuj si\u0119 mailowo,<br \/>\nza po\u015brednictwem naszej skrzynki: sekretariat.p150@wroclawskaedukacja.pl.<br \/>\n9. Przys\u0142uguje Ci prawo \u017c\u0105dania do dost\u0119pu do tre\u015bci swoich danych osobowych, ich sprostowania,<br \/>\nusuni\u0119cia lub ograniczenia przetwarzania.<br \/>\n10. Odr\u0119bnie chcemy Ci\u0119 poinformowa\u0107, \u017ce masz r\u00f3wnie\u017c prawo do sprzeciwu wobec przetwarzania<br \/>\nTwoich danych osobowych.<br \/>\n11. Uprawnienia, o kt\u00f3rych mowa powy\u017cej mo\u017cesz wykona\u0107 poprzez kontakt pod adresem e-mail:<br \/>\nsekretariat.p150@wroclawskaedukacja.pl lub listownie na adres: Przedszkole nr 150 \u201eWeso\u0142e<br \/>\nNutki\u201d we Wroc\u0142awiu, ul. P.P. Ignuta 30, 54-151 Wroc\u0142aw.<br \/>\n12. Je\u017celi uznasz, \u017ce w jakikolwiek spos\u00f3b naruszyli\u015bmy regu\u0142y przetwarzania Twoich danych<br \/>\nosobowych to masz prawo do z\u0142o\u017cenia skargi bezpo\u015brednio do organu nadzoru (Prezesa Urz\u0119du<br \/>\nOchrony Danych Osobowych, ul. Stawki 2, 00-193 Warszawa, tel. 22 531-03-00, e-mail:<br \/>\niod@uodo.gov.pl, www.uodo.gov.pl).<\/p>\n","protected":false},"excerpt":{"rendered":"<p>Polityka Ochrony Danych Osobowych \u2013 Za\u0142\u0105cznik nr 7t \u2013 Przedszkole nr 150 KLAUZULA INFORMACYJNA &#8211; ZAK\u0141ADOWY FUNDUSZ \u015aWIADCZE\u0143 SOCJALNYCH 1. Administratorem Twoich danych jest Przedszkole nr 150 \u201eWeso\u0142e Nutki\u201d we [&hellip;]<\/p>\n","protected":false},"author":264,"featured_media":0,"parent":0,"menu_order":0,"comment_status":"closed","ping_status":"closed","template":"","meta":{"ngg_post_thumbnail":0,"footnotes":""},"class_list":["post-4154","page","type-page","status-publish","hentry","clearfix"],"_links":{"self":[{"href":"https:\/\/przedszkole150.edu.wroclaw.pl\/index.php\/wp-json\/wp\/v2\/pages\/4154","targetHints":{"allow":["GET"]}}],"collection":[{"href":"https:\/\/przedszkole150.edu.wroclaw.pl\/index.php\/wp-json\/wp\/v2\/pages"}],"about":[{"href":"https:\/\/przedszkole150.edu.wroclaw.pl\/index.php\/wp-json\/wp\/v2\/types\/page"}],"author":[{"embeddable":true,"href":"https:\/\/przedszkole150.edu.wroclaw.pl\/index.php\/wp-json\/wp\/v2\/users\/264"}],"replies":[{"embeddable":true,"href":"https:\/\/przedszkole150.edu.wroclaw.pl\/index.php\/wp-json\/wp\/v2\/comments?post=4154"}],"version-history":[{"count":1,"href":"https:\/\/przedszkole150.edu.wroclaw.pl\/index.php\/wp-json\/wp\/v2\/pages\/4154\/revisions"}],"predecessor-version":[{"id":4155,"href":"https:\/\/przedszkole150.edu.wroclaw.pl\/index.php\/wp-json\/wp\/v2\/pages\/4154\/revisions\/4155"}],"wp:attachment":[{"href":"https:\/\/przedszkole150.edu.wroclaw.pl\/index.php\/wp-json\/wp\/v2\/media?parent=4154"}],"curies":[{"name":"wp","href":"https:\/\/api.w.org\/{rel}","templated":true}]}}