
{"id":4187,"date":"2023-05-11T12:16:58","date_gmt":"2023-05-11T10:16:58","guid":{"rendered":"https:\/\/przedszkole150.edu.wroclaw.pl\/?page_id=4187"},"modified":"2023-05-12T09:52:29","modified_gmt":"2023-05-12T07:52:29","slug":"zabor-wielki","status":"publish","type":"page","link":"https:\/\/przedszkole150.edu.wroclaw.pl\/index.php\/zabor-wielki\/","title":{"rendered":"Zab\u00f3r Wielki"},"content":{"rendered":"<div class=\"wpb-content-wrapper\"><p>[vc_row][vc_column][vc_column_text]<span style=\"font-family: times new roman, times;font-size: 14pt\"><b>WYCIECZKA DO ZAGRODY EDUKACYJNEJ \u201cALPAKOWY SAD\u201d<\/b>\u00a0<\/span><\/p>\n<p><span style=\"font-family: times new roman, times;font-size: 14pt\">Dnia 28.04.2023r. dzieci z grupy V i IX pojecha\u0142y na wycieczk\u0119 autokarow\u0105 do zagrody edukacyjnej \u201cAlpakowy Sad\u201d w Zaborze Wielkim.\u00a0\u00a0<\/span><\/p>\n<p><span style=\"font-family: times new roman, times;font-size: 14pt\">Podczas wycieczki, przedszkolaki wzi\u0119\u0142y udzia\u0142 w warsztatach edukacyjnych:\u00a0<\/span><\/p>\n<ol>\n<li><span style=\"font-family: times new roman, times;font-size: 14pt\"><b> Edukacja pszczelarska<\/b><\/span><\/li>\n<\/ol>\n<ul>\n<li data-leveltext=\"\uf0b7\" data-font=\"Symbol\" data-listid=\"1\" data-list-defn-props=\"{&quot;335551671&quot;:0,&quot;335552541&quot;:1,&quot;335559684&quot;:-2,&quot;335559685&quot;:720,&quot;335559991&quot;:360,&quot;469769226&quot;:&quot;Symbol&quot;,&quot;469769242&quot;:[8226],&quot;469777803&quot;:&quot;left&quot;,&quot;469777804&quot;:&quot;\uf0b7&quot;,&quot;469777815&quot;:&quot;multilevel&quot;}\" data-aria-posinset=\"0\" data-aria-level=\"1\"><span style=\"font-family: times new roman, times;font-size: 14pt\">jak wygl\u0105da praca w ulu od kwiatka do s\u0142oika miodu,\u00a0<\/span><\/li>\n<li data-leveltext=\"\uf0b7\" data-font=\"Symbol\" data-listid=\"1\" data-list-defn-props=\"{&quot;335551671&quot;:0,&quot;335552541&quot;:1,&quot;335559684&quot;:-2,&quot;335559685&quot;:720,&quot;335559991&quot;:360,&quot;469769226&quot;:&quot;Symbol&quot;,&quot;469769242&quot;:[8226],&quot;469777803&quot;:&quot;left&quot;,&quot;469777804&quot;:&quot;\uf0b7&quot;,&quot;469777815&quot;:&quot;multilevel&quot;}\" data-aria-posinset=\"0\" data-aria-level=\"1\"><span style=\"font-family: times new roman, times;font-size: 14pt\">hierarchia w rodzinie pszczelej, <\/span><\/li>\n<li data-leveltext=\"\uf0b7\" data-font=\"Symbol\" data-listid=\"1\" data-list-defn-props=\"{&quot;335551671&quot;:0,&quot;335552541&quot;:1,&quot;335559684&quot;:-2,&quot;335559685&quot;:720,&quot;335559991&quot;:360,&quot;469769226&quot;:&quot;Symbol&quot;,&quot;469769242&quot;:[8226],&quot;469777803&quot;:&quot;left&quot;,&quot;469777804&quot;:&quot;\uf0b7&quot;,&quot;469777815&quot;:&quot;multilevel&quot;}\" data-aria-posinset=\"0\" data-aria-level=\"1\"><span style=\"font-family: times new roman, times;font-size: 14pt\">narz\u0119dzia niezb\u0119dne do pracy w pasiece, <\/span><\/li>\n<li data-leveltext=\"\uf0b7\" data-font=\"Symbol\" data-listid=\"1\" data-list-defn-props=\"{&quot;335551671&quot;:0,&quot;335552541&quot;:1,&quot;335559684&quot;:-2,&quot;335559685&quot;:720,&quot;335559991&quot;:360,&quot;469769226&quot;:&quot;Symbol&quot;,&quot;469769242&quot;:[8226],&quot;469777803&quot;:&quot;left&quot;,&quot;469777804&quot;:&quot;\uf0b7&quot;,&quot;469777815&quot;:&quot;multilevel&quot;}\" data-aria-posinset=\"0\" data-aria-level=\"1\"><span style=\"font-family: times new roman, times;font-size: 14pt\">bezpiecze\u0144stwo i higiena pracy,\u00a0<\/span><\/li>\n<li data-leveltext=\"\uf0b7\" data-font=\"Symbol\" data-listid=\"1\" data-list-defn-props=\"{&quot;335551671&quot;:0,&quot;335552541&quot;:1,&quot;335559684&quot;:-2,&quot;335559685&quot;:720,&quot;335559991&quot;:360,&quot;469769226&quot;:&quot;Symbol&quot;,&quot;469769242&quot;:[8226],&quot;469777803&quot;:&quot;left&quot;,&quot;469777804&quot;:&quot;\uf0b7&quot;,&quot;469777815&quot;:&quot;multilevel&quot;}\" data-aria-posinset=\"0\" data-aria-level=\"1\"><span style=\"font-family: times new roman, times;font-size: 14pt\">dlaczego pszczo\u0142y s\u0105 tak wa\u017cne,\u00a0<\/span><\/li>\n<li data-leveltext=\"\uf0b7\" data-font=\"Symbol\" data-listid=\"1\" data-list-defn-props=\"{&quot;335551671&quot;:0,&quot;335552541&quot;:1,&quot;335559684&quot;:-2,&quot;335559685&quot;:720,&quot;335559991&quot;:360,&quot;469769226&quot;:&quot;Symbol&quot;,&quot;469769242&quot;:[8226],&quot;469777803&quot;:&quot;left&quot;,&quot;469777804&quot;:&quot;\uf0b7&quot;,&quot;469777815&quot;:&quot;multilevel&quot;}\" data-aria-posinset=\"0\" data-aria-level=\"1\"><span style=\"font-family: times new roman, times;font-size: 14pt\">co daj\u0105 nam pszczo\u0142y, czyli produkty pszczelarskie,\u00a0<\/span><\/li>\n<li data-leveltext=\"\uf0b7\" data-font=\"Symbol\" data-listid=\"1\" data-list-defn-props=\"{&quot;335551671&quot;:0,&quot;335552541&quot;:1,&quot;335559684&quot;:-2,&quot;335559685&quot;:720,&quot;335559991&quot;:360,&quot;469769226&quot;:&quot;Symbol&quot;,&quot;469769242&quot;:[8226],&quot;469777803&quot;:&quot;left&quot;,&quot;469777804&quot;:&quot;\uf0b7&quot;,&quot;469777815&quot;:&quot;multilevel&quot;}\" data-aria-posinset=\"0\" data-aria-level=\"1\"><span style=\"font-family: times new roman, times;font-size: 14pt\">Quiz \u2013 zagadki zwi\u0105zane z \u017cyciem pszcz\u00f3\u0142\u00a0<\/span><\/li>\n<li data-leveltext=\"\uf0b7\" data-font=\"Symbol\" data-listid=\"1\" data-list-defn-props=\"{&quot;335551671&quot;:0,&quot;335552541&quot;:1,&quot;335559684&quot;:-2,&quot;335559685&quot;:720,&quot;335559991&quot;:360,&quot;469769226&quot;:&quot;Symbol&quot;,&quot;469769242&quot;:[8226],&quot;469777803&quot;:&quot;left&quot;,&quot;469777804&quot;:&quot;\uf0b7&quot;,&quot;469777815&quot;:&quot;multilevel&quot;}\" data-aria-posinset=\"0\" data-aria-level=\"1\"><span style=\"font-family: times new roman, times;font-size: 14pt\">co to jest? &#8211; pszczo\u0142a czy osa i czym si\u0119 r\u00f3\u017cni\u0105, ile \u017cyje pszczo\u0142a, jak porozumiewaj\u0105 si\u0119 pszczo\u0142y, fakty i mity zwi\u0105zane z pszczo\u0142ami itd.\u00a0\u00a0\u00a0\u00a0\u00a0<\/span><\/li>\n<li data-leveltext=\"\uf0b7\" data-font=\"Symbol\" data-listid=\"1\" data-list-defn-props=\"{&quot;335551671&quot;:0,&quot;335552541&quot;:1,&quot;335559684&quot;:-2,&quot;335559685&quot;:720,&quot;335559991&quot;:360,&quot;469769226&quot;:&quot;Symbol&quot;,&quot;469769242&quot;:[8226],&quot;469777803&quot;:&quot;left&quot;,&quot;469777804&quot;:&quot;\uf0b7&quot;,&quot;469777815&quot;:&quot;multilevel&quot;}\" data-aria-posinset=\"0\" data-aria-level=\"1\"><span style=\"font-family: times new roman, times;font-size: 14pt\">zdj\u0119cia przy foto \u015bcianie z pszcz\u00f3\u0142kami Guciem i Maj\u0105\u00a0\u00a0<\/span><\/li>\n<\/ul>\n<ol start=\"2\">\n<li><span style=\"font-family: times new roman, times;font-size: 14pt\"><b> <\/b><b>Spotkanie z alpakami\u00a0<\/b><\/span><\/li>\n<\/ol>\n<ul>\n<li><span style=\"font-family: times new roman, times;font-size: 14pt\" data-contrast=\"none\">opowiadanie ciekawostek o alpakach<\/span><\/li>\n<li><span style=\"font-family: times new roman, times;font-size: 14pt\" data-contrast=\"none\">karmienie i g\u0142askanie alpak<\/span><\/li>\n<li><span style=\"font-family: times new roman, times;font-size: 14pt\" data-contrast=\"none\">spotkanie z pozosta\u0142ymi zwierz\u0119tami mieszkaj\u0105cymi w Alpakowym Sadzie<\/span><\/li>\n<li><span style=\"font-family: times new roman, times;font-size: 14pt\" data-contrast=\"none\">wykonanie pami\u0105tkowych alpak do przedszkola przy u\u017cyciu we\u0142ny alpak<\/span><\/li>\n<li><span style=\"font-family: times new roman, times;font-size: 14pt\" data-contrast=\"none\">pokazanie jak si\u0119 gr\u0119pluje na gr\u0119plach r\u0119cznych i gr\u0119plarce<\/span><\/li>\n<li><span style=\"font-family: times new roman, times;font-size: 14pt\" data-contrast=\"none\">pokazanie jak si\u0119 prz\u0119dzie na ko\u0142owrotku<\/span><\/li>\n<\/ul>\n<p><span style=\"font-family: times new roman, times;font-size: 14pt\">\u00a03. <b>Edukacja ekologiczna \u2013 spacer do lasu<\/b><\/span><\/p>\n<p><span style=\"font-family: times new roman, times;font-size: 14pt\" data-ccp-props=\"{&quot;201341983&quot;:0,&quot;335559739&quot;:160,&quot;335559740&quot;:256}\">\u00a0<\/span><\/p>\n<p><span style=\"font-family: times new roman, times;font-size: 14pt\">Podczas wycieczki nie zabrak\u0142o tak\u017ce czasu na wsp\u00f3lny posi\u0142ek wsp\u00f3ln\u0105 zabaw\u0119. Po wycieczce dzieci bezpiecznie wr\u00f3ci\u0142y do przedszkola pe\u0142ne niezapomnianych wra\u017ce\u0144.\u00a0<\/span>[\/vc_column_text][vc_gallery type=&#8221;image_grid&#8221; images=&#8221;4188,4189,4190,4191,4192,4193,4194,4195,4196&#8243;][\/vc_column][\/vc_row]<\/p>\n<\/div>","protected":false},"excerpt":{"rendered":"<p>[vc_row][vc_column][vc_column_text]WYCIECZKA DO ZAGRODY EDUKACYJNEJ \u201cALPAKOWY SAD\u201d\u00a0 Dnia 28.04.2023r. dzieci z grupy V i IX pojecha\u0142y na wycieczk\u0119 autokarow\u0105 do zagrody edukacyjnej \u201cAlpakowy Sad\u201d w Zaborze Wielkim.\u00a0\u00a0 Podczas wycieczki, przedszkolaki wzi\u0119\u0142y [&hellip;]<\/p>\n","protected":false},"author":211,"featured_media":0,"parent":0,"menu_order":0,"comment_status":"closed","ping_status":"closed","template":"","meta":{"ngg_post_thumbnail":0,"footnotes":""},"class_list":["post-4187","page","type-page","status-publish","hentry","clearfix"],"_links":{"self":[{"href":"https:\/\/przedszkole150.edu.wroclaw.pl\/index.php\/wp-json\/wp\/v2\/pages\/4187","targetHints":{"allow":["GET"]}}],"collection":[{"href":"https:\/\/przedszkole150.edu.wroclaw.pl\/index.php\/wp-json\/wp\/v2\/pages"}],"about":[{"href":"https:\/\/przedszkole150.edu.wroclaw.pl\/index.php\/wp-json\/wp\/v2\/types\/page"}],"author":[{"embeddable":true,"href":"https:\/\/przedszkole150.edu.wroclaw.pl\/index.php\/wp-json\/wp\/v2\/users\/211"}],"replies":[{"embeddable":true,"href":"https:\/\/przedszkole150.edu.wroclaw.pl\/index.php\/wp-json\/wp\/v2\/comments?post=4187"}],"version-history":[{"count":4,"href":"https:\/\/przedszkole150.edu.wroclaw.pl\/index.php\/wp-json\/wp\/v2\/pages\/4187\/revisions"}],"predecessor-version":[{"id":4198,"href":"https:\/\/przedszkole150.edu.wroclaw.pl\/index.php\/wp-json\/wp\/v2\/pages\/4187\/revisions\/4198"}],"wp:attachment":[{"href":"https:\/\/przedszkole150.edu.wroclaw.pl\/index.php\/wp-json\/wp\/v2\/media?parent=4187"}],"curies":[{"name":"wp","href":"https:\/\/api.w.org\/{rel}","templated":true}]}}