
{"id":42,"date":"2021-04-19T14:43:50","date_gmt":"2021-04-19T12:43:50","guid":{"rendered":"http:\/\/przedszkole150.edu.wroclaw.pl\/?page_id=42"},"modified":"2026-03-29T22:33:34","modified_gmt":"2026-03-29T20:33:34","slug":"grupa-v","status":"publish","type":"page","link":"https:\/\/przedszkole150.edu.wroclaw.pl\/index.php\/grupy\/grupa-v\/","title":{"rendered":"Grupa V"},"content":{"rendered":"<div class=\"wpb-content-wrapper\"><p>[vc_row][vc_column][vc_column_text css=&#8221;&#8221;]<\/p>\n<h1><span style=\"font-family: georgia, palatino;font-size: 14pt;color: #008000\"><strong>GRUPA V \u2013 6 LATKI<\/strong><\/span><\/h1>\n<p>&nbsp;<\/p>\n<h3><span style=\"color: #008000;font-family: georgia, palatino;font-size: 14pt\">NAUCZYCIELE:<\/span><\/h3>\n<p><span style=\"color: #000000\"><span style=\"font-family: georgia, palatino;font-size: 14pt\"><strong>Agnieszka Rataj\u00a0\u00a0\u00a0\u00a0\u00a0\u00a0\u00a0\u00a0\u00a0\u00a0\u00a0\u00a0\u00a0\u00a0\u00a0\u00a0\u00a0\u00a0\u00a0\u00a0\u00a0\u00a0\u00a0\u00a0 <\/strong><\/span><span style=\"font-family: georgia, palatino;font-size: 14pt\">e-mail: agnrat8279@edu.wroclaw.pl<\/span><\/span><\/p>\n<p><span style=\"color: #000000\"><span style=\"font-family: georgia, palatino;font-size: 14pt\"><strong>Edyta Lesiak-Kowalczyk\u00a0\u00a0\u00a0\u00a0\u00a0\u00a0\u00a0\u00a0 <\/strong><\/span><span style=\"font-family: georgia, palatino;font-size: 14pt\">e-mail: edyles7317@edu.wroclaw.pl<\/span><\/span><\/p>\n<p>&nbsp;<\/p>\n<p>&nbsp;<\/p>\n<p><span style=\"font-family: georgia, palatino;font-size: 14pt;color: #008000\"><strong>GODZINY PRACY ODDZIA\u0141\u00d3W:<\/strong><\/span><\/p>\n<p><span style=\"font-family: georgia, palatino;font-size: 14pt\"><strong>W godzinach:<\/strong><\/span><\/p>\n<p><span style=\"font-family: georgia, palatino;font-size: 14pt\">\u2660 06:30 \u2013 08:30;<\/span><\/p>\n<p><span style=\"font-family: georgia, palatino;font-size: 14pt\">\u2660 15:00 \u2013 17:00;<\/span><\/p>\n<p><span style=\"font-family: georgia, palatino;font-size: 14pt\">\u2660 oraz w ramach potrzeb organizacyjnych Przedszkole funkcjonuje w grupach mi\u0119dzyoddzia\u0142owych.<\/span><\/p>\n<p><span style=\"font-family: georgia, palatino;font-size: 14pt\">Informacja o miejscu przebywania dzieci b\u0119dzie umieszczona na drzwiach sali.<\/span><\/p>\n<p>&nbsp;<\/p>\n<h3><span style=\"font-family: georgia, palatino;font-size: 14pt\"><a href=\"https:\/\/przedszkole150.edu.wroclaw.pl\/index.php\/zamierzenia-wychowawczo-dydaktyczne-gr-v\/\"><span style=\"color: #008000\">ZAMIERZENIA WYCHOWAWCZO- DYDAKTYCZNE<\/span><\/a><\/span><\/h3>\n<p>&nbsp;<\/p>\n<p>&nbsp;<\/p>\n<p><span style=\"font-size: 14pt;font-family: georgia, palatino\">Informujemy, \u017ce w roku szkolnym 2025\/ 2026 r. PI\u0104TEK zosta\u0142 ustalony jako dzie\u0144 zabawek. Dzieci tego dnia mog\u0105 przyj\u015b\u0107 do przedszkola z jedn\u0105 ulubion\u0105 (bezpieczn\u0105) ZABAWK\u0104, pami\u0119taj\u0105c o tym, \u017ceby podzieli\u0107 si\u0119 ni\u0105 z innymi. \ud83d\ude42<\/span><\/p>\n<p>&nbsp;<\/p>\n<p><span style=\"color: #008000;font-family: georgia, palatino;font-size: 14pt\"><strong>ZAJ\u0118CIA DODATKOWE<\/strong><\/span><\/p>\n<p><span style=\"color: #008000;font-family: georgia, palatino;font-size: 14pt\"><strong>GIMNASTYKA\u00a0 PORANNA<\/strong><\/span><\/p>\n<p><span style=\"font-family: georgia, palatino;font-size: 14pt\">Osoba prowadz\u0105ca:\u00a0 A. Rataj \/ E. Lesiak-Kowalczyk<br \/>\n<\/span><\/p>\n<p><span style=\"font-family: georgia, palatino;font-size: 14pt\"><strong>Poniedzia\u0142ek- Pi\u0105tek: 08:00-08:15<\/strong><\/span><\/p>\n<p>&nbsp;<\/p>\n<p>&nbsp;<\/p>\n<p><span style=\"font-size: 14pt;font-family: georgia, palatino\"><strong><span style=\"color: #008000\">PRZYGOTOWANIE DO NAUKI J\u0118ZYKA OBCEGO NOWO\u017bYTNEGO \u2013 J\u0118ZYK ANGIELSKI<\/span><br \/>\n<\/strong><\/span><\/p>\n<p><span style=\"font-size: 14pt;font-family: georgia, palatino\">Osoba prowadz\u0105ca: M. Mlek<\/span><\/p>\n<p><span style=\"font-size: 14pt;font-family: georgia, palatino\"><strong>Wtorek: 11:45-12:00<\/strong><\/span><\/p>\n<p><span style=\"font-size: 14pt;font-family: georgia, palatino\"><strong>Czwartek: 10:30-11:00<\/strong><\/span><\/p>\n<p>&nbsp;<\/p>\n<p><span style=\"font-family: georgia, palatino;font-size: 14pt;color: #008000\"><strong>LOGOPEDIA<\/strong><\/span><\/p>\n<p><span style=\"font-family: georgia, palatino;font-size: 14pt\">Osoba prowadz\u0105ca: K. Zahorska<\/span><\/p>\n<p>&nbsp;<\/p>\n<p>&nbsp;<\/p>\n<p><span style=\"font-family: georgia, palatino;font-size: 14pt\"><strong><span style=\"color: #008000\">PSYCHOLOG<\/span><br \/>\n<\/strong><\/span><\/p>\n<p><span style=\"font-family: georgia, palatino;font-size: 14pt\">Osoba prowadz\u0105ca: J.Ro\u017cdziestwienska<\/span><\/p>\n<p><span style=\"font-family: georgia, palatino;font-size: 14pt\"><strong>W toku codziennej pracy z dzie\u0107mi<\/strong><\/span><\/p>\n<p>&nbsp;<\/p>\n<p>&nbsp;<\/p>\n<p><span style=\"font-size: 14pt;color: #008000;font-family: georgia, palatino\"><strong>PEDAGOG SPECJALNY<\/strong><\/span><\/p>\n<p><span style=\"font-size: 14pt;font-family: georgia, palatino\">Osoba prowadz\u0105ca: K. Zahorska<\/span><\/p>\n<p><span style=\"font-size: 14pt;font-family: georgia, palatino\"><strong>W toku codziennej pracy z dzie\u0107mi<\/strong><\/span><\/p>\n<p>&nbsp;<\/p>\n<p><span style=\"font-size: 14pt;color: #008000;font-family: georgia, palatino\"><strong>RYTMIKA<\/strong><\/span><\/p>\n<p><span style=\"font-size: 14pt;font-family: georgia, palatino\">Osoba prowadz\u0105ca: A. Samolewska<\/span><\/p>\n<p><span style=\"font-size: 14pt;font-family: georgia, palatino\"><strong>pi\u0105tek: 11.00 \u2013 11.30<\/strong><\/span><\/p>\n<p>&nbsp;<\/p>\n<p>&nbsp;<\/p>\n<p>&nbsp;<\/p>\n<p style=\"text-align: center\" align=\"center\"><span style=\"color: #008000;font-size: 14pt;font-family: georgia, palatino\"><strong>Szanowni Rodzice<\/strong><\/span><\/p>\n<p style=\"text-align: center\" align=\"center\"><span style=\"font-family: georgia, palatino;font-size: 14pt\">Bardzo prosimy o systematyczne \u015bledzenie informacji i komunikat\u00f3w na stronie internetowej przedszkola<\/span><\/p>\n<p style=\"text-align: center\" align=\"center\"><span style=\"font-family: georgia, palatino;font-size: 14pt\">oraz w zak\u0142adce grupowej.<\/span><\/p>\n<p>&nbsp;<\/p>\n<p style=\"text-align: center\"><span style=\"font-size: 14pt;font-family: georgia, palatino;color: #008000\"><b>HARMONOGRAM KONSULTACJI\u202f I\u202f ZEBRA\u0143<\/b>\u00a0<\/span><\/p>\n<p style=\"text-align: center\"><span style=\"font-size: 14pt;font-family: times new roman, times, serif;color: #ff0000\"><span style=\"font-family: georgia, palatino;color: #008000\"><b>GRUPA V \u2013\u202f\u202fROK\u202f SZKOLNY\u202f 2025\/2026<\/b><\/span><\/span><\/p>\n<p>&nbsp;<\/p>\n<table style=\"width: 88.1983%;border-collapse: collapse\" border=\"1\">\n<tbody>\n<tr>\n<td style=\"width: 18.4894%\" width=\"115\">\n<p align=\"center\"><b>DATA<\/b><\/p>\n<\/td>\n<td style=\"width: 69.6303%\" width=\"442\">\n<p align=\"center\"><b>RODZAJ\u00a0 SPOTKANIA<\/b><\/p>\n<\/td>\n<\/tr>\n<tr>\n<td style=\"width: 18.4894%;text-align: center\" width=\"115\"><strong>01.09.2025<br \/>\n<\/strong><\/td>\n<td style=\"width: 69.6303%\" width=\"442\"><strong>Zebranie\u00a0 organizacyjne Dyrektora z Rodzicami godz.16.45<\/strong><\/p>\n<p><strong>Zebranie\u00a0 organizacyjne z nauczycielami godz. 17:00<\/strong><\/p>\n<p><b><\/b>Temat: Zapoznanie rodzic\u00f3w z organizacj\u0105 pracy przedszkola na bie\u017c\u0105cy rok szkolny, dokumentami obowi\u0105zuj\u0105cymi w plac\u00f3wce, sprawy r\u00f3\u017cne.<\/p>\n<p>Osoba prowadz\u0105ca: A. Rataj, E. Lesiak-Kowalczyk<\/td>\n<\/tr>\n<tr>\n<td style=\"width: 18.4894%;text-align: center\" width=\"115\">\u00a0<strong>LISTOPAD 2025<\/strong><\/td>\n<td style=\"width: 69.6303%\" width=\"442\"><b>Konsultacje\u00a0 indywidualne<br \/>\n<\/b><b><br \/>\n<\/b>Temat: Przedstawienie i om\u00f3wienie wynik\u00f3w obserwacji wst\u0119pnej dziecka.<b><br \/>\n<\/b>Osoba prowadz\u0105ca: A. Rataj, E. Lesiak-Kowalczyk<\/td>\n<\/tr>\n<tr>\n<td style=\"width: 18.4894%;text-align: center\" width=\"115\"><strong>KWIECIE\u0143 2026<\/strong><\/td>\n<td style=\"width: 69.6303%\" width=\"442\"><strong>Konsultacje\u00a0 indywidualne<\/strong><\/p>\n<p>Temat: Przedstawienie wynik\u00f3w gotowo\u015bci szkolnej dziecka.<strong><br \/>\n<\/strong>Osoba prowadz\u0105ca: A. Rataj, E. Lesiak-Kowalczyk<\/td>\n<\/tr>\n<tr>\n<td style=\"width: 18.4894%;text-align: center\"><strong>MAJ 2026<\/strong><\/td>\n<td style=\"width: 69.6303%\"><b>Konsultacje\u00a0 indywidualne<br \/>\n<\/b><b><br \/>\n<\/b>Temat: Przedstawienie i om\u00f3wienie wynik\u00f3w obserwacji ko\u0144cowej dziecka.<b><br \/>\n<\/b>Osoba prowadz\u0105ca: A. Rataj, E. Lesiak-Kowalczyk<\/td>\n<\/tr>\n<\/tbody>\n<\/table>\n<p>[\/vc_column_text][\/vc_column][\/vc_row]<\/p>\n<\/div>","protected":false},"excerpt":{"rendered":"<p>[vc_row][vc_column][vc_column_text css=&#8221;&#8221;] GRUPA V \u2013 6 LATKI &nbsp; NAUCZYCIELE: Agnieszka Rataj\u00a0\u00a0\u00a0\u00a0\u00a0\u00a0\u00a0\u00a0\u00a0\u00a0\u00a0\u00a0\u00a0\u00a0\u00a0\u00a0\u00a0\u00a0\u00a0\u00a0\u00a0\u00a0\u00a0\u00a0 e-mail: agnrat8279@edu.wroclaw.pl Edyta Lesiak-Kowalczyk\u00a0\u00a0\u00a0\u00a0\u00a0\u00a0\u00a0\u00a0 e-mail: edyles7317@edu.wroclaw.pl &nbsp; &nbsp; GODZINY PRACY ODDZIA\u0141\u00d3W: W godzinach: \u2660 06:30 \u2013 08:30; \u2660 15:00 [&hellip;]<\/p>\n","protected":false},"author":72,"featured_media":0,"parent":32,"menu_order":0,"comment_status":"closed","ping_status":"closed","template":"","meta":{"ngg_post_thumbnail":0,"footnotes":""},"class_list":["post-42","page","type-page","status-publish","hentry","clearfix"],"_links":{"self":[{"href":"https:\/\/przedszkole150.edu.wroclaw.pl\/index.php\/wp-json\/wp\/v2\/pages\/42","targetHints":{"allow":["GET"]}}],"collection":[{"href":"https:\/\/przedszkole150.edu.wroclaw.pl\/index.php\/wp-json\/wp\/v2\/pages"}],"about":[{"href":"https:\/\/przedszkole150.edu.wroclaw.pl\/index.php\/wp-json\/wp\/v2\/types\/page"}],"author":[{"embeddable":true,"href":"https:\/\/przedszkole150.edu.wroclaw.pl\/index.php\/wp-json\/wp\/v2\/users\/72"}],"replies":[{"embeddable":true,"href":"https:\/\/przedszkole150.edu.wroclaw.pl\/index.php\/wp-json\/wp\/v2\/comments?post=42"}],"version-history":[{"count":139,"href":"https:\/\/przedszkole150.edu.wroclaw.pl\/index.php\/wp-json\/wp\/v2\/pages\/42\/revisions"}],"predecessor-version":[{"id":9010,"href":"https:\/\/przedszkole150.edu.wroclaw.pl\/index.php\/wp-json\/wp\/v2\/pages\/42\/revisions\/9010"}],"up":[{"embeddable":true,"href":"https:\/\/przedszkole150.edu.wroclaw.pl\/index.php\/wp-json\/wp\/v2\/pages\/32"}],"wp:attachment":[{"href":"https:\/\/przedszkole150.edu.wroclaw.pl\/index.php\/wp-json\/wp\/v2\/media?parent=42"}],"curies":[{"name":"wp","href":"https:\/\/api.w.org\/{rel}","templated":true}]}}