
{"id":4214,"date":"2023-05-12T10:06:44","date_gmt":"2023-05-12T08:06:44","guid":{"rendered":"https:\/\/przedszkole150.edu.wroclaw.pl\/?page_id=4214"},"modified":"2023-05-12T10:06:52","modified_gmt":"2023-05-12T08:06:52","slug":"spotkanie-z-pisarka","status":"publish","type":"page","link":"https:\/\/przedszkole150.edu.wroclaw.pl\/index.php\/spotkanie-z-pisarka\/","title":{"rendered":"SPOTKANIE Z PISARK\u0104"},"content":{"rendered":"<div class=\"wpb-content-wrapper\"><p>[vc_row][vc_column][vc_column_text]<span style=\"font-family: times new roman, times;font-size: 14pt\"><strong>SPOTKANIE Z PISARK\u0104\u00a0<\/strong><\/span><\/p>\n<p><span style=\"font-family: times new roman, times;font-size: 14pt\">Dzieci z gr. IX wzi\u0119\u0142y udzia\u0142 w spotkaniu autorskim ze znan\u0105 pisark\u0105 i poetk\u0105, autork\u0105 wielu ksi\u0105\u017cek dla dzieci\u00a0&#8211; Pani\u0105 Ann\u0105 Paszkiewicz.\u00a0<\/span><\/p>\n<p><span style=\"font-family: times new roman, times;font-size: 14pt\">W ramach spotkania dzieci mia\u0142y okazj\u0119 pozna\u0107 bohater\u00f3w jej ksi\u0105\u017cek, dowiedzie\u0107 si\u0119 jak powstaje ksi\u0105\u017cka oraz wys\u0142ucha\u0107 wielu ciekawostek na temat\u00a0zwierz\u0105t \u017cyj\u0105cych w lesie.\u00a0<\/span>[\/vc_column_text][vc_gallery type=&#8221;image_grid&#8221; images=&#8221;4216&#8243;][\/vc_column][\/vc_row]<\/p>\n<\/div>","protected":false},"excerpt":{"rendered":"<p>[vc_row][vc_column][vc_column_text]SPOTKANIE Z PISARK\u0104\u00a0 Dzieci z gr. IX wzi\u0119\u0142y udzia\u0142 w spotkaniu autorskim ze znan\u0105 pisark\u0105 i poetk\u0105, autork\u0105 wielu ksi\u0105\u017cek dla dzieci\u00a0&#8211; Pani\u0105 Ann\u0105 Paszkiewicz.\u00a0 W ramach spotkania dzieci mia\u0142y [&hellip;]<\/p>\n","protected":false},"author":211,"featured_media":0,"parent":0,"menu_order":0,"comment_status":"closed","ping_status":"closed","template":"","meta":{"ngg_post_thumbnail":0,"footnotes":""},"class_list":["post-4214","page","type-page","status-publish","hentry","clearfix"],"_links":{"self":[{"href":"https:\/\/przedszkole150.edu.wroclaw.pl\/index.php\/wp-json\/wp\/v2\/pages\/4214","targetHints":{"allow":["GET"]}}],"collection":[{"href":"https:\/\/przedszkole150.edu.wroclaw.pl\/index.php\/wp-json\/wp\/v2\/pages"}],"about":[{"href":"https:\/\/przedszkole150.edu.wroclaw.pl\/index.php\/wp-json\/wp\/v2\/types\/page"}],"author":[{"embeddable":true,"href":"https:\/\/przedszkole150.edu.wroclaw.pl\/index.php\/wp-json\/wp\/v2\/users\/211"}],"replies":[{"embeddable":true,"href":"https:\/\/przedszkole150.edu.wroclaw.pl\/index.php\/wp-json\/wp\/v2\/comments?post=4214"}],"version-history":[{"count":1,"href":"https:\/\/przedszkole150.edu.wroclaw.pl\/index.php\/wp-json\/wp\/v2\/pages\/4214\/revisions"}],"predecessor-version":[{"id":4217,"href":"https:\/\/przedszkole150.edu.wroclaw.pl\/index.php\/wp-json\/wp\/v2\/pages\/4214\/revisions\/4217"}],"wp:attachment":[{"href":"https:\/\/przedszkole150.edu.wroclaw.pl\/index.php\/wp-json\/wp\/v2\/media?parent=4214"}],"curies":[{"name":"wp","href":"https:\/\/api.w.org\/{rel}","templated":true}]}}