
{"id":4223,"date":"2023-05-12T10:44:10","date_gmt":"2023-05-12T08:44:10","guid":{"rendered":"https:\/\/przedszkole150.edu.wroclaw.pl\/?page_id=4223"},"modified":"2023-05-12T10:44:10","modified_gmt":"2023-05-12T08:44:10","slug":"najpiekniejsza-pisanka","status":"publish","type":"page","link":"https:\/\/przedszkole150.edu.wroclaw.pl\/index.php\/najpiekniejsza-pisanka\/","title":{"rendered":"Najpi\u0119kniejsza pisanka"},"content":{"rendered":"<div class=\"wpb-content-wrapper\"><p>[vc_row][vc_column][vc_column_text]Mi\u0142o nam poinformowa\u0107, i\u017c <strong><span style=\"color: #008000\">Karol K<\/span>.<\/strong> z gr. <span style=\"color: #008000\"><strong>VII<\/strong> <\/span>otrzyma\u0142 wyr\u00f3\u017cnienie w og\u00f3lnopolskim konkursie plastycznym na najpi\u0119kniejsz\u0105 pisank\u0119. Celem konkursu by\u0142o promowanie tradycji wielkanocnych oraz kszta\u0142cenie wra\u017cliwo\u015bci i kreatywno\u015bci. Serdecznie gratulujemy![\/vc_column_text][vc_gallery type=&#8221;image_grid&#8221; images=&#8221;4224&#8243;][\/vc_column][\/vc_row]<\/p>\n<\/div>","protected":false},"excerpt":{"rendered":"<p>[vc_row][vc_column][vc_column_text]Mi\u0142o nam poinformowa\u0107, i\u017c Karol K. z gr. VII otrzyma\u0142 wyr\u00f3\u017cnienie w og\u00f3lnopolskim konkursie plastycznym na najpi\u0119kniejsz\u0105 pisank\u0119. Celem konkursu by\u0142o promowanie tradycji wielkanocnych oraz kszta\u0142cenie wra\u017cliwo\u015bci i kreatywno\u015bci. Serdecznie [&hellip;]<\/p>\n","protected":false},"author":200,"featured_media":0,"parent":0,"menu_order":0,"comment_status":"closed","ping_status":"closed","template":"","meta":{"ngg_post_thumbnail":0,"footnotes":""},"class_list":["post-4223","page","type-page","status-publish","hentry","clearfix"],"_links":{"self":[{"href":"https:\/\/przedszkole150.edu.wroclaw.pl\/index.php\/wp-json\/wp\/v2\/pages\/4223","targetHints":{"allow":["GET"]}}],"collection":[{"href":"https:\/\/przedszkole150.edu.wroclaw.pl\/index.php\/wp-json\/wp\/v2\/pages"}],"about":[{"href":"https:\/\/przedszkole150.edu.wroclaw.pl\/index.php\/wp-json\/wp\/v2\/types\/page"}],"author":[{"embeddable":true,"href":"https:\/\/przedszkole150.edu.wroclaw.pl\/index.php\/wp-json\/wp\/v2\/users\/200"}],"replies":[{"embeddable":true,"href":"https:\/\/przedszkole150.edu.wroclaw.pl\/index.php\/wp-json\/wp\/v2\/comments?post=4223"}],"version-history":[{"count":1,"href":"https:\/\/przedszkole150.edu.wroclaw.pl\/index.php\/wp-json\/wp\/v2\/pages\/4223\/revisions"}],"predecessor-version":[{"id":4225,"href":"https:\/\/przedszkole150.edu.wroclaw.pl\/index.php\/wp-json\/wp\/v2\/pages\/4223\/revisions\/4225"}],"wp:attachment":[{"href":"https:\/\/przedszkole150.edu.wroclaw.pl\/index.php\/wp-json\/wp\/v2\/media?parent=4223"}],"curies":[{"name":"wp","href":"https:\/\/api.w.org\/{rel}","templated":true}]}}