
{"id":4266,"date":"2023-05-15T11:12:00","date_gmt":"2023-05-15T09:12:00","guid":{"rendered":"https:\/\/przedszkole150.edu.wroclaw.pl\/?page_id=4266"},"modified":"2023-05-15T11:12:00","modified_gmt":"2023-05-15T09:12:00","slug":"bajkowa-kraina-brzechwy","status":"publish","type":"page","link":"https:\/\/przedszkole150.edu.wroclaw.pl\/index.php\/bajkowa-kraina-brzechwy\/","title":{"rendered":"BAJKOWA KRAINA BRZECHWY"},"content":{"rendered":"<div class=\"wpb-content-wrapper\"><p>[vc_row][vc_column][vc_column_text]<\/p>\n<p style=\"text-align: center\"><span style=\"color: #993366;font-family: times new roman, times;font-size: 14pt\"><strong>BAJKOWA KRAINA BRZECHWY\u00a0<\/strong><\/span><\/p>\n<p><span style=\"font-family: times new roman, times;font-size: 14pt\">Karolina K. z gr. IX, Pola Ch. z gr. VII wzi\u0119\u0142y udzia\u0142 w og\u00f3lnopolskim konkursie plastycznym pn. \u201cBajkowa Kraina Brzechwy\u201d. Konkurs odbywa\u0142 si\u0119 w ramach og\u00f3lnopolskiego projektu edukacyjnego \u201cCo s\u0142onko widzia\u0142o &#8211; na dzieci\u0119ce k\u0142opoty&#8230; Brzechwa\u201d.\u00a0<\/span><\/p>\n<p><span style=\"font-family: times new roman, times;font-size: 14pt\">Organizator konkursu: Przedszkole Publiczne Nr 1 w Zakliczynie.\u00a0<\/span><\/p>\n<p><span style=\"font-family: times new roman, times;font-size: 14pt\">Dyplom otrzyma\u0142a r\u00f3wnie\u017c nauczycielki Katarzyna Ciastek, Sylwia Kuropatwa przygotowuj\u0105ce dzieci do konkursu.\u00a0<\/span>[\/vc_column_text][vc_gallery type=&#8221;image_grid&#8221; images=&#8221;3918,3915,3823,3824&#8243;][\/vc_column][\/vc_row]<\/p>\n<\/div>","protected":false},"excerpt":{"rendered":"<p>[vc_row][vc_column][vc_column_text] BAJKOWA KRAINA BRZECHWY\u00a0 Karolina K. z gr. IX, Pola Ch. z gr. VII wzi\u0119\u0142y udzia\u0142 w og\u00f3lnopolskim konkursie plastycznym pn. \u201cBajkowa Kraina Brzechwy\u201d. Konkurs odbywa\u0142 si\u0119 w ramach og\u00f3lnopolskiego [&hellip;]<\/p>\n","protected":false},"author":211,"featured_media":0,"parent":0,"menu_order":0,"comment_status":"closed","ping_status":"closed","template":"","meta":{"ngg_post_thumbnail":0,"footnotes":""},"class_list":["post-4266","page","type-page","status-publish","hentry","clearfix"],"_links":{"self":[{"href":"https:\/\/przedszkole150.edu.wroclaw.pl\/index.php\/wp-json\/wp\/v2\/pages\/4266","targetHints":{"allow":["GET"]}}],"collection":[{"href":"https:\/\/przedszkole150.edu.wroclaw.pl\/index.php\/wp-json\/wp\/v2\/pages"}],"about":[{"href":"https:\/\/przedszkole150.edu.wroclaw.pl\/index.php\/wp-json\/wp\/v2\/types\/page"}],"author":[{"embeddable":true,"href":"https:\/\/przedszkole150.edu.wroclaw.pl\/index.php\/wp-json\/wp\/v2\/users\/211"}],"replies":[{"embeddable":true,"href":"https:\/\/przedszkole150.edu.wroclaw.pl\/index.php\/wp-json\/wp\/v2\/comments?post=4266"}],"version-history":[{"count":1,"href":"https:\/\/przedszkole150.edu.wroclaw.pl\/index.php\/wp-json\/wp\/v2\/pages\/4266\/revisions"}],"predecessor-version":[{"id":4267,"href":"https:\/\/przedszkole150.edu.wroclaw.pl\/index.php\/wp-json\/wp\/v2\/pages\/4266\/revisions\/4267"}],"wp:attachment":[{"href":"https:\/\/przedszkole150.edu.wroclaw.pl\/index.php\/wp-json\/wp\/v2\/media?parent=4266"}],"curies":[{"name":"wp","href":"https:\/\/api.w.org\/{rel}","templated":true}]}}