
{"id":4316,"date":"2023-05-18T11:56:30","date_gmt":"2023-05-18T09:56:30","guid":{"rendered":"https:\/\/przedszkole150.edu.wroclaw.pl\/?page_id=4316"},"modified":"2023-05-18T11:56:35","modified_gmt":"2023-05-18T09:56:35","slug":"krasnoludki-skrzaty-elfy","status":"publish","type":"page","link":"https:\/\/przedszkole150.edu.wroclaw.pl\/index.php\/krasnoludki-skrzaty-elfy\/","title":{"rendered":"KRASNOLUDKI, SKRZATY, ELFY&#8230;"},"content":{"rendered":"<div class=\"wpb-content-wrapper\"><p>[vc_row][vc_column][vc_column_text]<\/p>\n<div class=\"x_elementToProof\">Adrian \u017b. z\u00a0 gr. VIII otrzyma\u0142 wyr\u00f3\u017cnienie\u00a0 w mi\u0119dzyprzedszkolnym konkursie plastycznym pn. &#8222;Krasnoludki, skrzaty, elfy&#8230;&#8221;, kt\u00f3ry odbywa\u0142 si\u0119 w ramach XI edycji konkursu: &#8222;Krasnoludki s\u0105 na \u015bwiecie&#8221;.<\/div>\n<div class=\"x_elementToProof\"><\/div>\n<div class=\"x_elementToProof\">Organizator konkursu: Przedszkole Nr 133 &#8222;zDolny Krasnal&#8221; we Wroc\u0142awiu<\/div>\n<div class=\"x_elementToProof\"><\/div>\n<div class=\"x_elementToProof\">Dyplom otrzyma\u0142a r\u00f3wnie\u017c nauczycielka &#8211; El\u017cbieta Weso\u0142owska przygotowuj\u0105ca dziecko do konkursu.<\/div>\n<p>[\/vc_column_text][vc_gallery type=&#8221;image_grid&#8221; images=&#8221;4317,4318&#8243;][\/vc_column][\/vc_row]<\/p>\n<\/div>","protected":false},"excerpt":{"rendered":"<p>[vc_row][vc_column][vc_column_text] Adrian \u017b. z\u00a0 gr. VIII otrzyma\u0142 wyr\u00f3\u017cnienie\u00a0 w mi\u0119dzyprzedszkolnym konkursie plastycznym pn. &#8222;Krasnoludki, skrzaty, elfy&#8230;&#8221;, kt\u00f3ry odbywa\u0142 si\u0119 w ramach XI edycji konkursu: &#8222;Krasnoludki s\u0105 na \u015bwiecie&#8221;. Organizator konkursu: [&hellip;]<\/p>\n","protected":false},"author":211,"featured_media":0,"parent":0,"menu_order":0,"comment_status":"closed","ping_status":"closed","template":"","meta":{"ngg_post_thumbnail":0,"footnotes":""},"class_list":["post-4316","page","type-page","status-publish","hentry","clearfix"],"_links":{"self":[{"href":"https:\/\/przedszkole150.edu.wroclaw.pl\/index.php\/wp-json\/wp\/v2\/pages\/4316","targetHints":{"allow":["GET"]}}],"collection":[{"href":"https:\/\/przedszkole150.edu.wroclaw.pl\/index.php\/wp-json\/wp\/v2\/pages"}],"about":[{"href":"https:\/\/przedszkole150.edu.wroclaw.pl\/index.php\/wp-json\/wp\/v2\/types\/page"}],"author":[{"embeddable":true,"href":"https:\/\/przedszkole150.edu.wroclaw.pl\/index.php\/wp-json\/wp\/v2\/users\/211"}],"replies":[{"embeddable":true,"href":"https:\/\/przedszkole150.edu.wroclaw.pl\/index.php\/wp-json\/wp\/v2\/comments?post=4316"}],"version-history":[{"count":1,"href":"https:\/\/przedszkole150.edu.wroclaw.pl\/index.php\/wp-json\/wp\/v2\/pages\/4316\/revisions"}],"predecessor-version":[{"id":4319,"href":"https:\/\/przedszkole150.edu.wroclaw.pl\/index.php\/wp-json\/wp\/v2\/pages\/4316\/revisions\/4319"}],"wp:attachment":[{"href":"https:\/\/przedszkole150.edu.wroclaw.pl\/index.php\/wp-json\/wp\/v2\/media?parent=4316"}],"curies":[{"name":"wp","href":"https:\/\/api.w.org\/{rel}","templated":true}]}}