
{"id":4339,"date":"2023-05-19T14:22:33","date_gmt":"2023-05-19T12:22:33","guid":{"rendered":"https:\/\/przedszkole150.edu.wroclaw.pl\/?page_id=4339"},"modified":"2023-05-19T14:22:33","modified_gmt":"2023-05-19T12:22:33","slug":"niebieskie-igrzyska-zaswiadczenie-instytutu-wspierania-rozwoju-dziecka","status":"publish","type":"page","link":"https:\/\/przedszkole150.edu.wroclaw.pl\/index.php\/niebieskie-igrzyska-zaswiadczenie-instytutu-wspierania-rozwoju-dziecka\/","title":{"rendered":"Niebieskie Igrzyska &#8211; za\u015bwiadczenie Instytutu Wspierania Rozwoju dziecka"},"content":{"rendered":"<div class=\"wpb-content-wrapper\"><p>[vc_row][vc_column][vc_column_text]<span style=\"font-family: times new roman, times;font-size: 14pt\">Nauczyciele naszego przedszkola otrzymali za\u015bwiadczenia Instytutu Wspomagania Rozwoju Dziecka za przeprowadzenie akcji <span style=\"color: #0000ff\"><strong>&#8221; Niebieskie Igrzyska&#8221;<\/strong><\/span> w ramach obchod\u00f3w \u015awiatowego Miesi\u0105ca Wiedzy nt. Autyzmu 2023.<\/span>[\/vc_column_text][vc_gallery type=&#8221;image_grid&#8221; images=&#8221;4340,4341&#8243;][\/vc_column][\/vc_row]<\/p>\n<\/div>","protected":false},"excerpt":{"rendered":"<p>[vc_row][vc_column][vc_column_text]Nauczyciele naszego przedszkola otrzymali za\u015bwiadczenia Instytutu Wspomagania Rozwoju Dziecka za przeprowadzenie akcji &#8221; Niebieskie Igrzyska&#8221; w ramach obchod\u00f3w \u015awiatowego Miesi\u0105ca Wiedzy nt. Autyzmu 2023.[\/vc_column_text][vc_gallery type=&#8221;image_grid&#8221; images=&#8221;4340,4341&#8243;][\/vc_column][\/vc_row]<\/p>\n","protected":false},"author":200,"featured_media":0,"parent":0,"menu_order":0,"comment_status":"closed","ping_status":"closed","template":"","meta":{"ngg_post_thumbnail":0,"footnotes":""},"class_list":["post-4339","page","type-page","status-publish","hentry","clearfix"],"_links":{"self":[{"href":"https:\/\/przedszkole150.edu.wroclaw.pl\/index.php\/wp-json\/wp\/v2\/pages\/4339","targetHints":{"allow":["GET"]}}],"collection":[{"href":"https:\/\/przedszkole150.edu.wroclaw.pl\/index.php\/wp-json\/wp\/v2\/pages"}],"about":[{"href":"https:\/\/przedszkole150.edu.wroclaw.pl\/index.php\/wp-json\/wp\/v2\/types\/page"}],"author":[{"embeddable":true,"href":"https:\/\/przedszkole150.edu.wroclaw.pl\/index.php\/wp-json\/wp\/v2\/users\/200"}],"replies":[{"embeddable":true,"href":"https:\/\/przedszkole150.edu.wroclaw.pl\/index.php\/wp-json\/wp\/v2\/comments?post=4339"}],"version-history":[{"count":1,"href":"https:\/\/przedszkole150.edu.wroclaw.pl\/index.php\/wp-json\/wp\/v2\/pages\/4339\/revisions"}],"predecessor-version":[{"id":4342,"href":"https:\/\/przedszkole150.edu.wroclaw.pl\/index.php\/wp-json\/wp\/v2\/pages\/4339\/revisions\/4342"}],"wp:attachment":[{"href":"https:\/\/przedszkole150.edu.wroclaw.pl\/index.php\/wp-json\/wp\/v2\/media?parent=4339"}],"curies":[{"name":"wp","href":"https:\/\/api.w.org\/{rel}","templated":true}]}}