
{"id":4344,"date":"2023-05-20T21:34:08","date_gmt":"2023-05-20T19:34:08","guid":{"rendered":"https:\/\/przedszkole150.edu.wroclaw.pl\/?page_id=4344"},"modified":"2023-05-20T21:34:08","modified_gmt":"2023-05-20T19:34:08","slug":"wloska-przygoda","status":"publish","type":"page","link":"https:\/\/przedszkole150.edu.wroclaw.pl\/index.php\/wloska-przygoda\/","title":{"rendered":"W\u0142oska przygoda"},"content":{"rendered":"<div class=\"wpb-content-wrapper\"><p>[vc_row][vc_column][vc_column_text]<span style=\"font-family: times new roman, times;font-size: 14pt\">W ramach<span style=\"color: #008000\"> \u201eTygodnia w\u0142oskiego\u201d<\/span> zorganizowanego w gr. VII wybrali\u015bmy si\u0119 w magiczn\u0105 podr\u00f3\u017c do W\u0142och, aby pozna\u0107 pi\u0119kno tego nadmorskiego kraju, jego histori\u0119 i kultur\u0119, s\u0142awne postacie, znane miasta oraz zabytki. Przewodnikiem w tej fascynuj\u0105cej podr\u00f3\u017cy by\u0142 nie, kto inny jak Pinokio \u2013 bohater znanej bajki w\u0142oskiego autora.\u00a0 Dzieci ch\u0119tnie uczestniczy\u0142y\u00a0 we wszystkich zaproponowanych zabawach. Du\u017c\u0105 rado\u015b\u0107 sprawi\u0142o im grupowe wykonanie w\u0142oskiego ta\u0144ca &#8221; Tarantella&#8221;. Z ogromnym zaanga\u017cowaniem przedszkolaki utrwala\u0142y piosenki \u00a0w j\u0119zyku w\u0142oskim. <\/span><\/p>\n<p><span style=\"font-family: times new roman, times;font-size: 14pt\">Na koniec naszej podr\u00f3\u017cy udali\u015bmy si\u0119 na Sycyli\u0119 w poszukiwaniu wulkanu Etna. Wsp\u00f3lnie wykonali\u015bmy nasz w\u0142asny wulkan. Nasz\u0105 zabaw\u0119 zako\u0144czyli\u015bmy eksperymentem, kt\u00f3rego efektem by\u0142 imponuj\u0105cy wybuch wulkanu.<\/span>[\/vc_column_text][vc_gallery type=&#8221;image_grid&#8221; images=&#8221;4345,4346,4347,4348,4349,4350,4351,4352,4353&#8243;][\/vc_column][\/vc_row]<\/p>\n<\/div>","protected":false},"excerpt":{"rendered":"<p>[vc_row][vc_column][vc_column_text]W ramach \u201eTygodnia w\u0142oskiego\u201d zorganizowanego w gr. VII wybrali\u015bmy si\u0119 w magiczn\u0105 podr\u00f3\u017c do W\u0142och, aby pozna\u0107 pi\u0119kno tego nadmorskiego kraju, jego histori\u0119 i kultur\u0119, s\u0142awne postacie, znane miasta oraz [&hellip;]<\/p>\n","protected":false},"author":200,"featured_media":0,"parent":0,"menu_order":0,"comment_status":"closed","ping_status":"closed","template":"","meta":{"ngg_post_thumbnail":0,"footnotes":""},"class_list":["post-4344","page","type-page","status-publish","hentry","clearfix"],"_links":{"self":[{"href":"https:\/\/przedszkole150.edu.wroclaw.pl\/index.php\/wp-json\/wp\/v2\/pages\/4344","targetHints":{"allow":["GET"]}}],"collection":[{"href":"https:\/\/przedszkole150.edu.wroclaw.pl\/index.php\/wp-json\/wp\/v2\/pages"}],"about":[{"href":"https:\/\/przedszkole150.edu.wroclaw.pl\/index.php\/wp-json\/wp\/v2\/types\/page"}],"author":[{"embeddable":true,"href":"https:\/\/przedszkole150.edu.wroclaw.pl\/index.php\/wp-json\/wp\/v2\/users\/200"}],"replies":[{"embeddable":true,"href":"https:\/\/przedszkole150.edu.wroclaw.pl\/index.php\/wp-json\/wp\/v2\/comments?post=4344"}],"version-history":[{"count":1,"href":"https:\/\/przedszkole150.edu.wroclaw.pl\/index.php\/wp-json\/wp\/v2\/pages\/4344\/revisions"}],"predecessor-version":[{"id":4354,"href":"https:\/\/przedszkole150.edu.wroclaw.pl\/index.php\/wp-json\/wp\/v2\/pages\/4344\/revisions\/4354"}],"wp:attachment":[{"href":"https:\/\/przedszkole150.edu.wroclaw.pl\/index.php\/wp-json\/wp\/v2\/media?parent=4344"}],"curies":[{"name":"wp","href":"https:\/\/api.w.org\/{rel}","templated":true}]}}