
{"id":4358,"date":"2023-05-21T12:33:02","date_gmt":"2023-05-21T10:33:02","guid":{"rendered":"https:\/\/przedszkole150.edu.wroclaw.pl\/?page_id=4358"},"modified":"2023-05-21T12:33:02","modified_gmt":"2023-05-21T10:33:02","slug":"kartka-wielkanocna-dla-seniora","status":"publish","type":"page","link":"https:\/\/przedszkole150.edu.wroclaw.pl\/index.php\/kartka-wielkanocna-dla-seniora\/","title":{"rendered":"Kartka wielkanocna dla seniora"},"content":{"rendered":"<div class=\"wpb-content-wrapper\"><p>[vc_row][vc_column][vc_gallery type=&#8221;image_grid&#8221; images=&#8221;3935,3931,3930&#8243;][vc_column_text]<span style=\"font-family: times new roman, times\"><span style=\"color: #008000\"><strong><span style=\"font-size: 14pt\">Sergiusz Dz<\/span><\/strong><\/span><span style=\"font-size: 14pt\">. z gr.VII wzi\u0105\u0142 udzia\u0142 w Og\u00f3lnopolskim Konkursie Plastycznym pt. <em>&#8222;Kartka Wielkanocna dla seniora&#8221;<\/em>. <\/span><\/span><\/p>\n<p><span style=\"font-family: times new roman, times\"><span style=\"font-size: 14pt\">Celem konkursu by\u0142o kultywowanie tradycji wykonywania kartek \u015bwi\u0105tecznych oraz promowanie mi\u0119dzypokoleniowego szacunku dla os\u00f3b starszych.\u00a0<\/span> <\/span>[\/vc_column_text][\/vc_column][\/vc_row]<\/p>\n<\/div>","protected":false},"excerpt":{"rendered":"<p>[vc_row][vc_column][vc_gallery type=&#8221;image_grid&#8221; images=&#8221;3935,3931,3930&#8243;][vc_column_text]Sergiusz Dz. z gr.VII wzi\u0105\u0142 udzia\u0142 w Og\u00f3lnopolskim Konkursie Plastycznym pt. &#8222;Kartka Wielkanocna dla seniora&#8221;. Celem konkursu by\u0142o kultywowanie tradycji wykonywania kartek \u015bwi\u0105tecznych oraz promowanie mi\u0119dzypokoleniowego szacunku dla [&hellip;]<\/p>\n","protected":false},"author":200,"featured_media":0,"parent":0,"menu_order":0,"comment_status":"closed","ping_status":"closed","template":"","meta":{"ngg_post_thumbnail":0,"footnotes":""},"class_list":["post-4358","page","type-page","status-publish","hentry","clearfix"],"_links":{"self":[{"href":"https:\/\/przedszkole150.edu.wroclaw.pl\/index.php\/wp-json\/wp\/v2\/pages\/4358","targetHints":{"allow":["GET"]}}],"collection":[{"href":"https:\/\/przedszkole150.edu.wroclaw.pl\/index.php\/wp-json\/wp\/v2\/pages"}],"about":[{"href":"https:\/\/przedszkole150.edu.wroclaw.pl\/index.php\/wp-json\/wp\/v2\/types\/page"}],"author":[{"embeddable":true,"href":"https:\/\/przedszkole150.edu.wroclaw.pl\/index.php\/wp-json\/wp\/v2\/users\/200"}],"replies":[{"embeddable":true,"href":"https:\/\/przedszkole150.edu.wroclaw.pl\/index.php\/wp-json\/wp\/v2\/comments?post=4358"}],"version-history":[{"count":1,"href":"https:\/\/przedszkole150.edu.wroclaw.pl\/index.php\/wp-json\/wp\/v2\/pages\/4358\/revisions"}],"predecessor-version":[{"id":4359,"href":"https:\/\/przedszkole150.edu.wroclaw.pl\/index.php\/wp-json\/wp\/v2\/pages\/4358\/revisions\/4359"}],"wp:attachment":[{"href":"https:\/\/przedszkole150.edu.wroclaw.pl\/index.php\/wp-json\/wp\/v2\/media?parent=4358"}],"curies":[{"name":"wp","href":"https:\/\/api.w.org\/{rel}","templated":true}]}}