
{"id":4362,"date":"2023-05-21T12:49:19","date_gmt":"2023-05-21T10:49:19","guid":{"rendered":"https:\/\/przedszkole150.edu.wroclaw.pl\/?page_id=4362"},"modified":"2023-05-21T12:54:52","modified_gmt":"2023-05-21T10:54:52","slug":"wlazl-kotek-na-plotek","status":"publish","type":"page","link":"https:\/\/przedszkole150.edu.wroclaw.pl\/index.php\/wlazl-kotek-na-plotek\/","title":{"rendered":"Wlaz\u0142 kotek na p\u0142otek"},"content":{"rendered":"<div class=\"wpb-content-wrapper\"><p>[vc_row][vc_column][vc_gallery type=&#8221;image_grid&#8221; images=&#8221;4363,4364&#8243;][vc_column_text]<span style=\"font-family: times new roman, times;font-size: 14pt\"><span style=\"color: #008000\"><strong>Alicja P.<\/strong><\/span> z gr. VII wzi\u0119\u0142a udzia\u0142 w Og\u00f3lnopolskim Konkursie Plastycznym pt. <em>&#8222;Wlaz\u0142 kotek na p\u0142otek&#8221;.<\/em> <\/span><\/p>\n<p><span style=\"font-size: 14pt;font-family: times new roman, times\">Celem konkursu by\u0142o rozwijanie wyobra\u017ani i zdolno\u015bci plastycznych oraz pog\u0142\u0119bianie wiedzy na temat r\u00f3\u017cnorodnych technik plastycznych.<\/span>[\/vc_column_text][\/vc_column][\/vc_row]<\/p>\n<\/div>","protected":false},"excerpt":{"rendered":"<p>[vc_row][vc_column][vc_gallery type=&#8221;image_grid&#8221; images=&#8221;4363,4364&#8243;][vc_column_text]Alicja P. z gr. VII wzi\u0119\u0142a udzia\u0142 w Og\u00f3lnopolskim Konkursie Plastycznym pt. &#8222;Wlaz\u0142 kotek na p\u0142otek&#8221;. Celem konkursu by\u0142o rozwijanie wyobra\u017ani i zdolno\u015bci plastycznych oraz pog\u0142\u0119bianie wiedzy na [&hellip;]<\/p>\n","protected":false},"author":200,"featured_media":0,"parent":0,"menu_order":0,"comment_status":"closed","ping_status":"closed","template":"","meta":{"ngg_post_thumbnail":0,"footnotes":""},"class_list":["post-4362","page","type-page","status-publish","hentry","clearfix"],"_links":{"self":[{"href":"https:\/\/przedszkole150.edu.wroclaw.pl\/index.php\/wp-json\/wp\/v2\/pages\/4362","targetHints":{"allow":["GET"]}}],"collection":[{"href":"https:\/\/przedszkole150.edu.wroclaw.pl\/index.php\/wp-json\/wp\/v2\/pages"}],"about":[{"href":"https:\/\/przedszkole150.edu.wroclaw.pl\/index.php\/wp-json\/wp\/v2\/types\/page"}],"author":[{"embeddable":true,"href":"https:\/\/przedszkole150.edu.wroclaw.pl\/index.php\/wp-json\/wp\/v2\/users\/200"}],"replies":[{"embeddable":true,"href":"https:\/\/przedszkole150.edu.wroclaw.pl\/index.php\/wp-json\/wp\/v2\/comments?post=4362"}],"version-history":[{"count":2,"href":"https:\/\/przedszkole150.edu.wroclaw.pl\/index.php\/wp-json\/wp\/v2\/pages\/4362\/revisions"}],"predecessor-version":[{"id":4368,"href":"https:\/\/przedszkole150.edu.wroclaw.pl\/index.php\/wp-json\/wp\/v2\/pages\/4362\/revisions\/4368"}],"wp:attachment":[{"href":"https:\/\/przedszkole150.edu.wroclaw.pl\/index.php\/wp-json\/wp\/v2\/media?parent=4362"}],"curies":[{"name":"wp","href":"https:\/\/api.w.org\/{rel}","templated":true}]}}