
{"id":44,"date":"2021-04-19T14:44:09","date_gmt":"2021-04-19T12:44:09","guid":{"rendered":"http:\/\/przedszkole150.edu.wroclaw.pl\/?page_id=44"},"modified":"2026-04-16T07:28:57","modified_gmt":"2026-04-16T05:28:57","slug":"grupa-vi","status":"publish","type":"page","link":"https:\/\/przedszkole150.edu.wroclaw.pl\/index.php\/grupy\/grupa-vi\/","title":{"rendered":"Grupa VI"},"content":{"rendered":"<p><span style=\"font-family: 'times new roman', times;font-size: 14pt\"><strong>GRUPA VI \u2013 5,6- latki ROCZNE PRZYGOTOWANIE PRZEDSZKOLNE<\/strong><\/span><\/p>\n<hr \/>\n<p><span style=\"font-family: 'times new roman', times;font-size: 14pt\"><strong>NAUCZYCIELE:<\/strong><\/span><\/p>\n<p><span style=\"font-family: 'times new roman', times;font-size: 14pt\">Joanna Kowalewska: joakow3364@edu.wroclaw.pl<\/span><\/p>\n<p><span style=\"font-family: 'times new roman', times;font-size: 14pt\">Maria Spycha\u0142a: marspy0709@edu.wroclaw.pl<\/span><\/p>\n<p><span style=\"font-family: 'times new roman', times;font-size: 14pt\">Jadwiga Wa\u0142owicz: jadwal7822@edu.wroclaw.pl<\/span><\/p>\n<p>&nbsp;<\/p>\n<p><span style=\"font-family: 'times new roman', times;font-size: 14pt\"><strong>GODZINY PRACY ODDZIA\u0141\u00d3W:<\/strong><\/span><\/p>\n<p><span style=\"font-family: 'times new roman', times;font-size: 14pt\"><strong>W godzinach:<\/strong><\/span><\/p>\n<p><span style=\"font-family: 'times new roman', times;font-size: 14pt\">\u2663 06:30 \u2013 08:30;<\/span><\/p>\n<p><span style=\"font-family: 'times new roman', times;font-size: 14pt\">\u2663\u00a0 15:00 \u2013 17:00;<\/span><\/p>\n<p><span style=\"font-family: 'times new roman', times;font-size: 14pt\">\u2663\u00a0 oraz w ramach potrzeb organizacyjnych Przedszkole funkcjonuje w grupach mi\u0119dzyoddzia\u0142owych.<\/span><\/p>\n<p><span style=\"font-family: 'times new roman', times;font-size: 14pt\"><strong>Informacja o miejscu przebywania dzieci b\u0119dzie umieszczona na drzwiach sali.<\/strong><\/span><\/p>\n<p>&nbsp;<\/p>\n<hr \/>\n<p>&nbsp;<\/p>\n<p><span style=\"font-family: 'times new roman', times;font-size: 14pt\"><a href=\"https:\/\/przedszkole150.edu.wroclaw.pl\/index.php\/zamierzenia-wychowawczo-dydaktyczne-gr-vi\/\"><strong>ZAMIERZENIA WYCHOWAWCZO \u2013 DYDAKTYCZNE \u2013 link<\/strong><\/a><\/span><\/p>\n<p>&nbsp;<\/p>\n<p><span style=\"font-family: 'times new roman', times;font-size: 14pt\"><strong>\u00a0<\/strong><\/span><\/p>\n<hr \/>\n<p><span style=\"font-family: 'times new roman', times;font-size: 14pt;color: #99cc00\"><strong>ZAJ\u0118CIA DODATKOWE:<\/strong><\/span><\/p>\n<p><span style=\"font-family: 'times new roman', times;font-size: 14pt;color: #99cc00\"><strong>GIMNASTYKA PORANNA:<\/strong><\/span><\/p>\n<p><span style=\"font-family: 'times new roman', times;font-size: 14pt\">Osoba prowadz\u0105ca: J. Kowalewska, M. Spycha\u0142a, J. Wa\u0142owicz<\/span><\/p>\n<p><span style=\"font-family: 'times new roman', times;font-size: 14pt\"><strong>poniedzia\u0142ek \u2013 pi\u0105tek: 8.00-8.15<\/strong><\/span><\/p>\n<p>&nbsp;<\/p>\n<p><span style=\"font-family: 'times new roman', times;font-size: 14pt;color: #99cc00\"><strong>ZAJ\u0118CIA LOGOPEDYCZNE:<\/strong><\/span><\/p>\n<p><span style=\"font-family: 'times new roman', times;font-size: 14pt\">Osoba prowadz\u0105ca: K. Zahorska<\/span><\/p>\n<p>&nbsp;<\/p>\n<p><span style=\"font-family: 'times new roman', times;font-size: 14pt\"><strong><span style=\"color: #99cc00\">PSYCHOLOG:<\/span><br \/>\n<\/strong><\/span><\/p>\n<p><span style=\"font-family: 'times new roman', times;font-size: 14pt\">Osoba prowadz\u0105ca: J. Ro\u017cdziestwienska<\/span><\/p>\n<p><span style=\"font-family: 'times new roman', times;font-size: 14pt\"><strong>W toku codziennej pracy z dzie\u0107mi<\/strong><\/span><\/p>\n<p>&nbsp;<\/p>\n<p><span style=\"font-family: 'times new roman', times;font-size: 14pt;color: #99cc00\"><strong>PEDAGOG SPECJALNY:<\/strong><\/span><\/p>\n<p><span style=\"font-family: 'times new roman', times;font-size: 14pt\">Osoba prowadz\u0105ca: K. Zahorska<\/span><\/p>\n<p><span style=\"font-family: 'times new roman', times;font-size: 14pt\"><strong>W toku codziennej pracy z dzie\u0107mi<\/strong><\/span><\/p>\n<p>&nbsp;<\/p>\n<p><span style=\"font-family: 'times new roman', times;font-size: 14pt;color: #99cc00\"><strong>PRZYGOTOWANIE DO NAUKI J\u0118ZYKA OBCEGO NOWO\u017bYTNEGO &#8211; J\u0118ZYK ANGIELSKI:<\/strong><\/span><\/p>\n<p><span style=\"font-family: 'times new roman', times;font-size: 14pt\">Osoba prowadz\u0105ca: M. Mlek<\/span><\/p>\n<p><span style=\"font-family: 'times new roman', times;font-size: 14pt\"><strong>wtorek:\u00a0<\/strong>godz. 11:30 &#8211; 11:45<\/span><\/p>\n<p><span style=\"font-family: 'times new roman', times;font-size: 14pt\"><strong>czwartek:\u00a0<\/strong>godz. 11:30 &#8211; 12:00<\/span><\/p>\n<p>&nbsp;<\/p>\n<p><span style=\"font-family: 'times new roman', times;font-size: 14pt;color: #99cc00\"><strong>Rytmika:<\/strong><\/span><\/p>\n<p><span style=\"font-family: 'times new roman', times;font-size: 14pt\">Osoba prowadz\u0105ca: W. Ola\u0144czuk<\/span><\/p>\n<p><span style=\"font-family: 'times new roman', times;font-size: 14pt\"><strong>pi\u0105tek:\u00a0<\/strong>godz. 09:40 &#8211; 10:00<\/span><\/p>\n<p>&nbsp;<\/p>\n<p align=\"center\"><span style=\"font-family: 'times new roman', times;font-size: 14pt\"><strong>Szanowni Rodzice<\/strong><\/span><\/p>\n<p align=\"center\"><span style=\"font-family: 'times new roman', times;font-size: 14pt\">Bardzo prosimy o systematyczne \u015bledzenie informacji i komunikat\u00f3w na stronie internetowej przedszkola<\/span><\/p>\n<p align=\"center\"><span style=\"font-family: 'times new roman', times;font-size: 14pt\">oraz w zak\u0142adce grupowej.<\/span><\/p>\n<p><span style=\"font-family: 'times new roman', times;font-size: 14pt\"><strong>HARMONOGRAM\u00a0KONSULTACJI\u00a0I\u00a0ZEBRA\u0143 Z\u00a0RODZICAMI<\/strong><\/span><\/p>\n<table width=\"558\">\n<tbody>\n<tr>\n<td width=\"118\"><span style=\"font-family: 'times new roman', times;font-size: 14pt\"><strong>DATA<\/strong><\/span><\/td>\n<td width=\"439\"><span style=\"font-family: 'times new roman', times;font-size: 14pt\"><strong>RODZAJ\u00a0 SPOTKANIA<\/strong><\/span><\/td>\n<\/tr>\n<tr>\n<td width=\"118\"><span style=\"font-family: 'times new roman', times;font-size: 14pt\"><strong>01.09.2025<\/strong><\/span><\/td>\n<td width=\"439\"><span style=\"font-family: 'times new roman', times;font-size: 14pt\"><strong>Zebranie Dyrektora z Rodzicami godz. 16.45- 17.00<br \/>\nOsoba prowadz\u0105ca: K. Marczy\u0144ska, A. Karkulowska\u00a0<\/strong><b>Zebranie\u00a0 organizacyjne godz. 17:00<br \/>\n<\/b><strong>Temat:<\/strong>\u00a0Zapoznanie rodzic\u00f3w z organizacj\u0105 pracy przedszkola na bie\u017c\u0105cy rok szkolny, dokumentami obowi\u0105zuj\u0105cymi w plac\u00f3wce. Sprawy r\u00f3\u017cne.Osob<strong>y<\/strong>\u00a0prowadz\u0105ce: J. Kowalewska, J. Wa\u0142owicz<strong><br \/>\n<\/strong><\/span><\/td>\n<\/tr>\n<tr>\n<td width=\"118\"><span style=\"font-family: 'times new roman', times;font-size: 14pt\"><strong>17.11.2025 18.11.2025<\/strong><\/span><\/td>\n<td width=\"439\"><span style=\"font-family: 'times new roman', times;font-size: 14pt\"><strong>Konsultacje\u00a0 indywidualne\u00a0 w\u00a0 godzinach:\u00a0 15:00 \u2013 17:00.<\/strong><\/span><\/p>\n<p><span style=\"font-family: 'times new roman', times;font-size: 14pt\"><strong>Temat:\u00a0<\/strong>Przedstawienie wynik\u00f3w obserwacji i diagnozy wst\u0119pnej dziecka.<strong>\u00a0<\/strong><\/span><\/p>\n<p><span style=\"font-family: 'times new roman', times;font-size: 14pt\">Osoba prowadz\u0105ca: J. Kowalewska, M. Spycha\u0142a,<\/span><br \/>\n<span style=\"font-family: 'times new roman', times;font-size: 14pt\">J. Wa\u0142owicz<strong><br \/>\n<\/strong><\/span><\/td>\n<\/tr>\n<tr>\n<td><span style=\"font-family: 'times new roman', times;font-size: 14pt\"><strong>20.01.2025<\/strong><\/span><\/td>\n<td><span style=\"font-family: 'times new roman', times;font-size: 14pt\"><b><strong>Konsultacje\u00a0 indywidualne\u00a0 w\u00a0 godzinach:\u00a0 15:00 \u2013 17:00.<br \/>\n<\/strong><\/b><strong>Temat:<\/strong>\u00a0Podsumowanie pracy dydaktyczno-wychowawczej za pierwszy semestr. Sprawy r\u00f3\u017cne.Osoba prowadz\u0105ca: J. Kowalewska, M. Spycha\u0142a,<\/span><br \/>\n<span style=\"font-family: 'times new roman', times;font-size: 14pt\">J. Wa\u0142owicz<\/span><\/td>\n<\/tr>\n<tr>\n<td width=\"118\"><span style=\"font-family: 'times new roman', times;font-size: 14pt\"><strong>21.04.2026<\/strong><\/span><\/td>\n<td width=\"439\"><span style=\"font-family: 'times new roman', times;font-size: 14pt\"><strong>Konsultacje\u00a0 indywidualne\u00a0 w godzinach : 11.00-17:00<br \/>\nTemat:\u00a0<\/strong>Om\u00f3wienie wynik\u00f3w obserwacji i diagnozy ko\u0144cowej dziecka.Osoba prowadz\u0105ca: J. Kowalewska, M. Spycha\u0142a,<\/span><br \/>\n<span style=\"font-family: 'times new roman', times;font-size: 14pt\">J. Wa\u0142owicz<\/span><\/td>\n<\/tr>\n<\/tbody>\n<\/table>\n<p><span style=\"font-family: 'times new roman', times;font-size: 14pt\"><strong>W razie potrzeb istnieje mo\u017cliwo\u015b\u0107 zorganizowania konsultacji na pro\u015bb\u0119 rodzica.<\/strong><\/span><\/p>\n","protected":false},"excerpt":{"rendered":"<p>GRUPA VI \u2013 5,6- latki ROCZNE PRZYGOTOWANIE PRZEDSZKOLNE NAUCZYCIELE: Joanna Kowalewska: joakow3364@edu.wroclaw.pl Maria Spycha\u0142a: marspy0709@edu.wroclaw.pl Jadwiga Wa\u0142owicz: jadwal7822@edu.wroclaw.pl &nbsp; GODZINY PRACY ODDZIA\u0141\u00d3W: W godzinach: \u2663 06:30 \u2013 08:30; \u2663\u00a0 15:00 [&hellip;]<\/p>\n","protected":false},"author":72,"featured_media":0,"parent":32,"menu_order":0,"comment_status":"closed","ping_status":"closed","template":"","meta":{"ngg_post_thumbnail":0,"footnotes":""},"class_list":["post-44","page","type-page","status-publish","hentry","clearfix"],"_links":{"self":[{"href":"https:\/\/przedszkole150.edu.wroclaw.pl\/index.php\/wp-json\/wp\/v2\/pages\/44","targetHints":{"allow":["GET"]}}],"collection":[{"href":"https:\/\/przedszkole150.edu.wroclaw.pl\/index.php\/wp-json\/wp\/v2\/pages"}],"about":[{"href":"https:\/\/przedszkole150.edu.wroclaw.pl\/index.php\/wp-json\/wp\/v2\/types\/page"}],"author":[{"embeddable":true,"href":"https:\/\/przedszkole150.edu.wroclaw.pl\/index.php\/wp-json\/wp\/v2\/users\/72"}],"replies":[{"embeddable":true,"href":"https:\/\/przedszkole150.edu.wroclaw.pl\/index.php\/wp-json\/wp\/v2\/comments?post=44"}],"version-history":[{"count":243,"href":"https:\/\/przedszkole150.edu.wroclaw.pl\/index.php\/wp-json\/wp\/v2\/pages\/44\/revisions"}],"predecessor-version":[{"id":9041,"href":"https:\/\/przedszkole150.edu.wroclaw.pl\/index.php\/wp-json\/wp\/v2\/pages\/44\/revisions\/9041"}],"up":[{"embeddable":true,"href":"https:\/\/przedszkole150.edu.wroclaw.pl\/index.php\/wp-json\/wp\/v2\/pages\/32"}],"wp:attachment":[{"href":"https:\/\/przedszkole150.edu.wroclaw.pl\/index.php\/wp-json\/wp\/v2\/media?parent=44"}],"curies":[{"name":"wp","href":"https:\/\/api.w.org\/{rel}","templated":true}]}}