
{"id":4475,"date":"2023-06-20T11:16:00","date_gmt":"2023-06-20T09:16:00","guid":{"rendered":"https:\/\/przedszkole150.edu.wroclaw.pl\/?page_id=4475"},"modified":"2023-06-20T11:23:46","modified_gmt":"2023-06-20T09:23:46","slug":"niezwykly-swiat-owadow-zapylajacych","status":"publish","type":"page","link":"https:\/\/przedszkole150.edu.wroclaw.pl\/index.php\/niezwykly-swiat-owadow-zapylajacych\/","title":{"rendered":"NIEZWYK\u0141Y \u015aWIAT OWAD\u00d3W ZAPYLAJ\u0104CYCH"},"content":{"rendered":"<div class=\"wpb-content-wrapper\"><p>[vc_row][vc_column][vc_column_text]<\/p>\n<p style=\"text-align: center\"><span style=\"font-family: times new roman, times;font-size: 14pt\">Konkurs plastyczny \u201eNiezwyk\u0142y \u015bwiat owad\u00f3w zapylaj\u0105cych\u201d<\/span><\/p>\n<p><span style=\"font-family: times new roman, times;font-size: 14pt\">Adam B. z grupy IV za udzia\u0142 w konkursie plastycznym w kategorii 3, 4 latki dosta\u0142 &#8211; WYR\u00d3\u017bNIENIE &#8211; Gratulujemy!<\/span><\/p>\n<p><span style=\"font-family: times new roman, times;font-size: 14pt\">Organizator konkursu: Przedszkole 91 \u201eNasz Domek\u201d we Wroc\u0142awiu<\/span><\/p>\n<p>&nbsp;<\/p>\n<p><span style=\"font-family: times new roman, times;font-size: 14pt\">Cele konkursu:<\/span><\/p>\n<p><span style=\"font-family: times new roman, times;font-size: 14pt\">&#8211; zwr\u00f3cenie uwagi na r\u00f3\u017cnorodno\u015b\u0107 owad\u00f3w zapylaj\u0105cych i ich znaczenie w przyrodzie,<\/span><\/p>\n<p><span style=\"font-family: times new roman, times;font-size: 14pt\">&#8211; u\u015bwiadamianie ogromnej roli jak\u0105 pe\u0142ni\u0105 w \u017cyciu i gospodarce cz\u0142owieka pszczo\u0142y i inne owady zapylaj\u0105ce ro\u015bliny kwiatowe,<\/span><\/p>\n<p><span style=\"font-family: times new roman, times;font-size: 14pt\">&#8211; rozbudzanie zainteresowania otaczaj\u0105c\u0105 przyrod\u0105, zach\u0119ta do jej obserwacji i ochrony,<\/span><\/p>\n<p><span style=\"font-family: times new roman, times;font-size: 14pt\">&#8211; rozwijanie wra\u017cliwo\u015bci estetycznej i aktywno\u015bci tw\u00f3rczej dzieci.<\/span>[\/vc_column_text][vc_gallery type=&#8221;image_grid&#8221; images=&#8221;4477,4478&#8243;][\/vc_column][\/vc_row]<\/p>\n<\/div>","protected":false},"excerpt":{"rendered":"<p>[vc_row][vc_column][vc_column_text] Konkurs plastyczny \u201eNiezwyk\u0142y \u015bwiat owad\u00f3w zapylaj\u0105cych\u201d Adam B. z grupy IV za udzia\u0142 w konkursie plastycznym w kategorii 3, 4 latki dosta\u0142 &#8211; WYR\u00d3\u017bNIENIE &#8211; Gratulujemy! Organizator konkursu: Przedszkole [&hellip;]<\/p>\n","protected":false},"author":211,"featured_media":0,"parent":0,"menu_order":0,"comment_status":"closed","ping_status":"closed","template":"","meta":{"ngg_post_thumbnail":0,"footnotes":""},"class_list":["post-4475","page","type-page","status-publish","hentry","clearfix"],"_links":{"self":[{"href":"https:\/\/przedszkole150.edu.wroclaw.pl\/index.php\/wp-json\/wp\/v2\/pages\/4475","targetHints":{"allow":["GET"]}}],"collection":[{"href":"https:\/\/przedszkole150.edu.wroclaw.pl\/index.php\/wp-json\/wp\/v2\/pages"}],"about":[{"href":"https:\/\/przedszkole150.edu.wroclaw.pl\/index.php\/wp-json\/wp\/v2\/types\/page"}],"author":[{"embeddable":true,"href":"https:\/\/przedszkole150.edu.wroclaw.pl\/index.php\/wp-json\/wp\/v2\/users\/211"}],"replies":[{"embeddable":true,"href":"https:\/\/przedszkole150.edu.wroclaw.pl\/index.php\/wp-json\/wp\/v2\/comments?post=4475"}],"version-history":[{"count":4,"href":"https:\/\/przedszkole150.edu.wroclaw.pl\/index.php\/wp-json\/wp\/v2\/pages\/4475\/revisions"}],"predecessor-version":[{"id":4488,"href":"https:\/\/przedszkole150.edu.wroclaw.pl\/index.php\/wp-json\/wp\/v2\/pages\/4475\/revisions\/4488"}],"wp:attachment":[{"href":"https:\/\/przedszkole150.edu.wroclaw.pl\/index.php\/wp-json\/wp\/v2\/media?parent=4475"}],"curies":[{"name":"wp","href":"https:\/\/api.w.org\/{rel}","templated":true}]}}