
{"id":4484,"date":"2023-06-20T11:23:01","date_gmt":"2023-06-20T09:23:01","guid":{"rendered":"https:\/\/przedszkole150.edu.wroclaw.pl\/?page_id=4484"},"modified":"2023-06-20T11:23:01","modified_gmt":"2023-06-20T09:23:01","slug":"ekologiczne-cos-z-niczego","status":"publish","type":"page","link":"https:\/\/przedszkole150.edu.wroclaw.pl\/index.php\/ekologiczne-cos-z-niczego\/","title":{"rendered":"EKOLOGICZNE CO\u015a Z NICZEGO"},"content":{"rendered":"<div class=\"wpb-content-wrapper\"><p>[vc_row][vc_column][vc_column_text]<span style=\"font-family: times new roman, times;font-size: 14pt\">Konkurs plastyczno-techniczny z ekologi\u0105 w tle pt. \u201eEkologiczne co\u015b z niczego\u201d<\/span><\/p>\n<p><span style=\"font-family: times new roman, times;font-size: 14pt\">Julia J. z grupy IV za udzia\u0142 w konkursie otrzyma\u0142a pami\u0105tkowy dyplom oraz nagrod\u0119 za zaj\u0119cie 3 miejsca. Gratulujemy!<\/span><\/p>\n<p><span style=\"font-family: times new roman, times;font-size: 14pt\">Organizator konkursu: Przedszkole nr 17 we Wroc\u0142awiu<\/span><\/p>\n<p>&nbsp;<\/p>\n<p><span style=\"font-family: times new roman, times;font-size: 14pt\">Cele konkursu:<\/span><\/p>\n<p><span style=\"font-family: times new roman, times;font-size: 14pt\">\u2022 kszta\u0142towanie \u015bwiadomo\u015bci ekologicznej u dzieci w wieku przedszkolnym<\/span><\/p>\n<p><span style=\"font-family: times new roman, times;font-size: 14pt\">\u2022 edukacja w zakresie prawid\u0142owego gospodarowania i selektywnego zbierania odpad\u00f3w komunalnych<\/span><\/p>\n<p><span style=\"font-family: times new roman, times;font-size: 14pt\">\u2022 inspirowanie do aktywno\u015bci tw\u00f3rczej<\/span>[\/vc_column_text][vc_gallery type=&#8221;image_grid&#8221; images=&#8221;4476&#8243;][\/vc_column][\/vc_row]<\/p>\n<\/div>","protected":false},"excerpt":{"rendered":"<p>[vc_row][vc_column][vc_column_text]Konkurs plastyczno-techniczny z ekologi\u0105 w tle pt. \u201eEkologiczne co\u015b z niczego\u201d Julia J. z grupy IV za udzia\u0142 w konkursie otrzyma\u0142a pami\u0105tkowy dyplom oraz nagrod\u0119 za zaj\u0119cie 3 miejsca. Gratulujemy! [&hellip;]<\/p>\n","protected":false},"author":211,"featured_media":0,"parent":0,"menu_order":0,"comment_status":"closed","ping_status":"closed","template":"","meta":{"ngg_post_thumbnail":0,"footnotes":""},"class_list":["post-4484","page","type-page","status-publish","hentry","clearfix"],"_links":{"self":[{"href":"https:\/\/przedszkole150.edu.wroclaw.pl\/index.php\/wp-json\/wp\/v2\/pages\/4484","targetHints":{"allow":["GET"]}}],"collection":[{"href":"https:\/\/przedszkole150.edu.wroclaw.pl\/index.php\/wp-json\/wp\/v2\/pages"}],"about":[{"href":"https:\/\/przedszkole150.edu.wroclaw.pl\/index.php\/wp-json\/wp\/v2\/types\/page"}],"author":[{"embeddable":true,"href":"https:\/\/przedszkole150.edu.wroclaw.pl\/index.php\/wp-json\/wp\/v2\/users\/211"}],"replies":[{"embeddable":true,"href":"https:\/\/przedszkole150.edu.wroclaw.pl\/index.php\/wp-json\/wp\/v2\/comments?post=4484"}],"version-history":[{"count":3,"href":"https:\/\/przedszkole150.edu.wroclaw.pl\/index.php\/wp-json\/wp\/v2\/pages\/4484\/revisions"}],"predecessor-version":[{"id":4487,"href":"https:\/\/przedszkole150.edu.wroclaw.pl\/index.php\/wp-json\/wp\/v2\/pages\/4484\/revisions\/4487"}],"wp:attachment":[{"href":"https:\/\/przedszkole150.edu.wroclaw.pl\/index.php\/wp-json\/wp\/v2\/media?parent=4484"}],"curies":[{"name":"wp","href":"https:\/\/api.w.org\/{rel}","templated":true}]}}