
{"id":4497,"date":"2023-06-27T08:55:37","date_gmt":"2023-06-27T06:55:37","guid":{"rendered":"https:\/\/przedszkole150.edu.wroclaw.pl\/?page_id=4497"},"modified":"2023-06-27T08:59:49","modified_gmt":"2023-06-27T06:59:49","slug":"przeglad-bajki-logopedycznej","status":"publish","type":"page","link":"https:\/\/przedszkole150.edu.wroclaw.pl\/index.php\/przeglad-bajki-logopedycznej\/","title":{"rendered":"PRZEGL\u0104D BAJKI LOGOPEDYCZNEJ"},"content":{"rendered":"<div class=\"wpb-content-wrapper\"><p>[vc_row][vc_column][vc_column_text]<span style=\"font-family: times new roman, times\">Dzieci z grupy IX &#8211; Helena K. i Matylda W. wraz z logoped\u0105 Ewelin\u0105 Bia\u0142obrzeg wzi\u0119\u0142y udzia\u0142 w V Og\u00f3lnopolskim Przegl\u0105dzie Bajki Logopedycznej organizowanego w ramach Miejskiego Programu Profilaktyki Logopedycznej we Wroc\u0142awiu.<\/span><\/p>\n<p><span style=\"font-family: times new roman, times\">Celem Przegl\u0105du by\u0142o:<\/span><\/p>\n<p><span style=\"font-family: times new roman, times\">&#8211; umo\u017cliwienie wszystkim dzieciom w wieku przedszkolnym i wczesnoszkolnym, szczeg\u00f3lnie z trudno\u015bciami w m\u00f3wieniu, prezentacji swoich umiej\u0119tno\u015bci, mo\u017cliwo\u015bci i talent\u00f3w tj. kompetencja j\u0119zykowa, sprawno\u015b\u0107 leksykalna, ekspresja s\u0142owna i aktywno\u015b\u0107 plastyczna,<\/span><\/p>\n<p><span style=\"font-family: times new roman, times\">&#8211; wspieranie tw\u00f3rczego my\u015blenia dzieci poprzez motywowanie do samodzielnych wypowiedzi,<\/span><\/p>\n<p><span style=\"font-family: times new roman, times\">&#8211; wspieranie nauczycieli i logoped\u00f3w w pracy z dzie\u0107mi nad rozwojem mowy i j\u0119zyka.<\/span><\/p>\n<p><span style=\"font-family: times new roman, times\">Za udzia\u0142 w Przegl\u0105dzie dzieci otrzyma\u0142y dyplomy oraz upominki.<\/span>[\/vc_column_text][vc_gallery type=&#8221;image_grid&#8221; images=&#8221;4498,4499,4502,4500,4501&#8243;][\/vc_column][\/vc_row]<\/p>\n<\/div>","protected":false},"excerpt":{"rendered":"<p>[vc_row][vc_column][vc_column_text]Dzieci z grupy IX &#8211; Helena K. i Matylda W. wraz z logoped\u0105 Ewelin\u0105 Bia\u0142obrzeg wzi\u0119\u0142y udzia\u0142 w V Og\u00f3lnopolskim Przegl\u0105dzie Bajki Logopedycznej organizowanego w ramach Miejskiego Programu Profilaktyki Logopedycznej [&hellip;]<\/p>\n","protected":false},"author":211,"featured_media":0,"parent":0,"menu_order":0,"comment_status":"closed","ping_status":"closed","template":"","meta":{"ngg_post_thumbnail":0,"footnotes":""},"class_list":["post-4497","page","type-page","status-publish","hentry","clearfix"],"_links":{"self":[{"href":"https:\/\/przedszkole150.edu.wroclaw.pl\/index.php\/wp-json\/wp\/v2\/pages\/4497","targetHints":{"allow":["GET"]}}],"collection":[{"href":"https:\/\/przedszkole150.edu.wroclaw.pl\/index.php\/wp-json\/wp\/v2\/pages"}],"about":[{"href":"https:\/\/przedszkole150.edu.wroclaw.pl\/index.php\/wp-json\/wp\/v2\/types\/page"}],"author":[{"embeddable":true,"href":"https:\/\/przedszkole150.edu.wroclaw.pl\/index.php\/wp-json\/wp\/v2\/users\/211"}],"replies":[{"embeddable":true,"href":"https:\/\/przedszkole150.edu.wroclaw.pl\/index.php\/wp-json\/wp\/v2\/comments?post=4497"}],"version-history":[{"count":3,"href":"https:\/\/przedszkole150.edu.wroclaw.pl\/index.php\/wp-json\/wp\/v2\/pages\/4497\/revisions"}],"predecessor-version":[{"id":4504,"href":"https:\/\/przedszkole150.edu.wroclaw.pl\/index.php\/wp-json\/wp\/v2\/pages\/4497\/revisions\/4504"}],"wp:attachment":[{"href":"https:\/\/przedszkole150.edu.wroclaw.pl\/index.php\/wp-json\/wp\/v2\/media?parent=4497"}],"curies":[{"name":"wp","href":"https:\/\/api.w.org\/{rel}","templated":true}]}}