
{"id":4515,"date":"2023-06-30T13:20:45","date_gmt":"2023-06-30T11:20:45","guid":{"rendered":"https:\/\/przedszkole150.edu.wroclaw.pl\/?page_id=4515"},"modified":"2023-06-30T13:20:45","modified_gmt":"2023-06-30T11:20:45","slug":"rowerowy-maj","status":"publish","type":"page","link":"https:\/\/przedszkole150.edu.wroclaw.pl\/index.php\/rowerowy-maj\/","title":{"rendered":"Rowerowy Maj"},"content":{"rendered":"<div class=\"wpb-content-wrapper\"><p>[vc_row][vc_column][vc_column_text]<\/p>\n<div class=\"x_elementToProof\"><span style=\"font-family: times new roman, times;font-size: 14pt\">Serdecznie dzi\u0119kujemy wszystkim dzieciom naszego przedszkola\u00a0 za bardzo aktywny udzia\u0142 w tegorocznej kampanii <span style=\"color: #0000ff\">ROWEROWY MAJ<\/span>. <\/span><\/div>\n<div class=\"x_elementToProof\"><span style=\"font-family: times new roman, times;font-size: 14pt\">W akcji wzi\u0119\u0142o udzia\u0142 <span style=\"color: #0000ff\">214 dzieci,<\/span> \u0142\u0105czna liczba wszystkich przejazd\u00f3w to<span style=\"color: #0000ff\"> 4542!<\/span><\/span><\/div>\n<div class=\"x_elementToProof\"><span style=\"font-family: times new roman, times;font-size: 14pt\">Szczeg\u00f3lne wyr\u00f3\u017cnienie\u00a0 oraz nagroda specjalna w\u0119druje do\u00a0 dzieci z <strong><span style=\"color: #0000ff\">grupy V. <\/span><\/strong><\/span><\/div>\n<div class=\"x_elementToProof\"><span style=\"font-family: times new roman, times;font-size: 14pt\">Serdecznie gratulujemy!!!<\/span><\/div>\n<p>[\/vc_column_text][vc_gallery type=&#8221;image_grid&#8221; images=&#8221;4513&#8243;][\/vc_column][\/vc_row]<\/p>\n<\/div>","protected":false},"excerpt":{"rendered":"<p>[vc_row][vc_column][vc_column_text] Serdecznie dzi\u0119kujemy wszystkim dzieciom naszego przedszkola\u00a0 za bardzo aktywny udzia\u0142 w tegorocznej kampanii ROWEROWY MAJ. W akcji wzi\u0119\u0142o udzia\u0142 214 dzieci, \u0142\u0105czna liczba wszystkich przejazd\u00f3w to 4542! Szczeg\u00f3lne wyr\u00f3\u017cnienie\u00a0 [&hellip;]<\/p>\n","protected":false},"author":200,"featured_media":0,"parent":0,"menu_order":0,"comment_status":"closed","ping_status":"closed","template":"","meta":{"ngg_post_thumbnail":0,"footnotes":""},"class_list":["post-4515","page","type-page","status-publish","hentry","clearfix"],"_links":{"self":[{"href":"https:\/\/przedszkole150.edu.wroclaw.pl\/index.php\/wp-json\/wp\/v2\/pages\/4515","targetHints":{"allow":["GET"]}}],"collection":[{"href":"https:\/\/przedszkole150.edu.wroclaw.pl\/index.php\/wp-json\/wp\/v2\/pages"}],"about":[{"href":"https:\/\/przedszkole150.edu.wroclaw.pl\/index.php\/wp-json\/wp\/v2\/types\/page"}],"author":[{"embeddable":true,"href":"https:\/\/przedszkole150.edu.wroclaw.pl\/index.php\/wp-json\/wp\/v2\/users\/200"}],"replies":[{"embeddable":true,"href":"https:\/\/przedszkole150.edu.wroclaw.pl\/index.php\/wp-json\/wp\/v2\/comments?post=4515"}],"version-history":[{"count":1,"href":"https:\/\/przedszkole150.edu.wroclaw.pl\/index.php\/wp-json\/wp\/v2\/pages\/4515\/revisions"}],"predecessor-version":[{"id":4516,"href":"https:\/\/przedszkole150.edu.wroclaw.pl\/index.php\/wp-json\/wp\/v2\/pages\/4515\/revisions\/4516"}],"wp:attachment":[{"href":"https:\/\/przedszkole150.edu.wroclaw.pl\/index.php\/wp-json\/wp\/v2\/media?parent=4515"}],"curies":[{"name":"wp","href":"https:\/\/api.w.org\/{rel}","templated":true}]}}