
{"id":4564,"date":"2023-08-27T08:35:25","date_gmt":"2023-08-27T06:35:25","guid":{"rendered":"https:\/\/przedszkole150.edu.wroclaw.pl\/?page_id=4564"},"modified":"2023-08-27T08:35:25","modified_gmt":"2023-08-27T06:35:25","slug":"zabawy-kreatywne-z-farbami-w-gr-iv","status":"publish","type":"page","link":"https:\/\/przedszkole150.edu.wroclaw.pl\/index.php\/zabawy-kreatywne-z-farbami-w-gr-iv\/","title":{"rendered":"Zabawy kreatywne z farbami w gr. IV"},"content":{"rendered":"<div class=\"wpb-content-wrapper\"><p>[vc_row][vc_column][vc_column_text]<\/p>\n<p>Dzieci z gr. IV pod kierunkiem nauczycielki Agnieszki Jasku\u0142owskiej tym razem rozwija\u0142y swoj\u0105 kreatywno\u015b\u0107 maluj\u0105c farbami na du\u017cych arkuszach papieru oraz folii.<\/p>\n<ul>\n<li>Malowanie farbami to\u00a0wspania\u0142a zabawa i\u00a0tw\u00f3rcze\u00a0zaj\u0119cie dla dzieci.<\/li>\n<li>Malowanie farbami to\u00a0nie\u00a0tylko\u00a0mi\u0142a forma sp\u0119dzania czasu, ale\u00a0przede wszystkim jest to\u00a0barwna\u00a0aktywno\u015b\u0107, kt\u00f3ra\u00a0rozwija kreatywno\u015b\u0107, wyobra\u017anie, zdolno\u015bci manualne, motoryk\u0119 ma\u0142\u0105, a\u00a0nawet mo\u017ce by\u0107 \u015bwietnym \u0107wiczeniem integracji sensorycznej.<\/li>\n<li>Malowanie farbami to <strong>dobra zabawa, kt\u00f3ra\u00a0wspiera wszechstronny rozw\u00f3j dziecka\u00a0oraz\u00a0zaspokaja\u00a0dzieci\u0119c\u0105 potrzeb\u0119\u00a0tworzenia.\u00a0Maluchy, przedszkolaki, uczniowie- rozwijaj\u0105 si\u0119 dzi\u0119ki tw\u00f3rczo\u015bci plastycznej.<\/strong>Warto\u00a0zatem\u00a0pokazywa\u0107 im\u00a0r\u00f3\u017cne sposoby malowania i\u00a0pozwala\u0107 na\u00a0swobodn\u0105 ekspresj\u0119.<\/li>\n<\/ul>\n<p>[\/vc_column_text][vc_gallery type=&#8221;image_grid&#8221; images=&#8221;4565,4566,4567,4568,4569,4570&#8243;][\/vc_column][\/vc_row]<\/p>\n<\/div>","protected":false},"excerpt":{"rendered":"<p>[vc_row][vc_column][vc_column_text] Dzieci z gr. IV pod kierunkiem nauczycielki Agnieszki Jasku\u0142owskiej tym razem rozwija\u0142y swoj\u0105 kreatywno\u015b\u0107 maluj\u0105c farbami na du\u017cych arkuszach papieru oraz folii. Malowanie farbami to\u00a0wspania\u0142a zabawa i\u00a0tw\u00f3rcze\u00a0zaj\u0119cie dla dzieci. [&hellip;]<\/p>\n","protected":false},"author":264,"featured_media":0,"parent":0,"menu_order":0,"comment_status":"closed","ping_status":"closed","template":"","meta":{"ngg_post_thumbnail":0,"footnotes":""},"class_list":["post-4564","page","type-page","status-publish","hentry","clearfix"],"_links":{"self":[{"href":"https:\/\/przedszkole150.edu.wroclaw.pl\/index.php\/wp-json\/wp\/v2\/pages\/4564","targetHints":{"allow":["GET"]}}],"collection":[{"href":"https:\/\/przedszkole150.edu.wroclaw.pl\/index.php\/wp-json\/wp\/v2\/pages"}],"about":[{"href":"https:\/\/przedszkole150.edu.wroclaw.pl\/index.php\/wp-json\/wp\/v2\/types\/page"}],"author":[{"embeddable":true,"href":"https:\/\/przedszkole150.edu.wroclaw.pl\/index.php\/wp-json\/wp\/v2\/users\/264"}],"replies":[{"embeddable":true,"href":"https:\/\/przedszkole150.edu.wroclaw.pl\/index.php\/wp-json\/wp\/v2\/comments?post=4564"}],"version-history":[{"count":1,"href":"https:\/\/przedszkole150.edu.wroclaw.pl\/index.php\/wp-json\/wp\/v2\/pages\/4564\/revisions"}],"predecessor-version":[{"id":4571,"href":"https:\/\/przedszkole150.edu.wroclaw.pl\/index.php\/wp-json\/wp\/v2\/pages\/4564\/revisions\/4571"}],"wp:attachment":[{"href":"https:\/\/przedszkole150.edu.wroclaw.pl\/index.php\/wp-json\/wp\/v2\/media?parent=4564"}],"curies":[{"name":"wp","href":"https:\/\/api.w.org\/{rel}","templated":true}]}}