
{"id":4753,"date":"2023-09-24T18:39:41","date_gmt":"2023-09-24T16:39:41","guid":{"rendered":"https:\/\/przedszkole150.edu.wroclaw.pl\/?page_id=4753"},"modified":"2023-09-24T18:39:41","modified_gmt":"2023-09-24T16:39:41","slug":"miedzynarodowy-dzien-kropki","status":"publish","type":"page","link":"https:\/\/przedszkole150.edu.wroclaw.pl\/index.php\/miedzynarodowy-dzien-kropki\/","title":{"rendered":"Mi\u0119dzynarodowy Dzie\u0144 Kropki"},"content":{"rendered":"<div class=\"wpb-content-wrapper\"><p>[vc_row][vc_column][vc_gallery type=&#8221;image_grid&#8221; images=&#8221;4755,4756,4758,4759,4760,4761&#8243;][vc_column_text]<\/p>\n<p class=\"x_x_MsoNormal\" style=\"text-align: left\" align=\"center\"><span class=\"x_x_ContentPasted0 x_ContentPasted0\" style=\"font-family: times new roman, times;font-size: 14pt\">W<span class=\"x_ContentPasted0\"> <b class=\"x_x_ContentPasted0 x_ContentPasted0\">pi\u0105tek 15.09.2023r.<\/b> nasze przedszkole kolejny ju\u017c raz do\u0142\u0105czy\u0142o do obchod\u00f3w <\/span>Mi\u0119dzynarodowego Dnia Kropki. \u00a0<\/span><\/p>\n<p class=\"x_x_MsoNormal\" style=\"text-align: left\" align=\"center\"><span class=\"x_x_ContentPasted0 x_ContentPasted0\" style=\"font-family: times new roman, times;font-size: 14pt\">To dzie\u0144 kreatywno\u015bci, u\u015bwiadamiania talent\u00f3w oraz \u00a0budowania wiary we w\u0142asne si\u0142y.\u00a0<\/span><\/p>\n<p class=\"x_x_MsoNormal\"><span style=\"font-family: times new roman, times;font-size: 14pt\"><b><span class=\"x_x_ContentPasted0 x_ContentPasted0\">Mi\u0119dzynarodowy Dzie\u0144 Kropki<\/span><\/b><span class=\"x_x_ContentPasted0 x_ContentPasted0\"> to \u015bwi\u0119to, kt\u00f3re od 2008 roku stwarza okazj\u0119 do budowania pewno\u015bci siebie, odkrywania talent\u00f3w i pobudzania wyobra\u017ani dzieci, m\u0142odzie\u017cy i doros\u0142ych. Wszystko rozpocz\u0119\u0142o si\u0119 w 2003 roku, kiedy Peter H. Reynolds wyda\u0142 ksi\u0105\u017ck\u0119 dla dzieci \u201eThe Dot\u201d (czyli \u201cKropka\u201d), w kt\u00f3rej opowiedziana zosta\u0142a historia ma\u0142ej Vashtii. Nie\u015bmia\u0142a dziewczynka, dzi\u0119ki m\u0105drej nauczycielce od plastyki, uwierzy\u0142a w siebie i pozna\u0142a sw\u00f3j talent, inspiruj\u0105c tysi\u0105ce nauczycieli do dzia\u0142ania i celebrowania Dnia Kropki.\u00a0<\/span><\/span><\/p>\n<p><span style=\"font-family: times new roman, times;font-size: 14pt\">Opr\u00f3cz zabaw i r\u00f3\u017cnych aktywno\u015bci z kropkami w tle, szukali\u015bmy w sobie silnych stron, tego w czym ka\u017cde dziecko jest mocne i w czym czuje si\u0119 pewnie oraz, \u017ce ka\u017cde z nich jest wyj\u0105tkowe i posiada jaki\u015b talent. <\/span>[\/vc_column_text][\/vc_column][\/vc_row]<\/p>\n<\/div>","protected":false},"excerpt":{"rendered":"<p>[vc_row][vc_column][vc_gallery type=&#8221;image_grid&#8221; images=&#8221;4755,4756,4758,4759,4760,4761&#8243;][vc_column_text] W pi\u0105tek 15.09.2023r. nasze przedszkole kolejny ju\u017c raz do\u0142\u0105czy\u0142o do obchod\u00f3w Mi\u0119dzynarodowego Dnia Kropki. \u00a0 To dzie\u0144 kreatywno\u015bci, u\u015bwiadamiania talent\u00f3w oraz \u00a0budowania wiary we w\u0142asne si\u0142y.\u00a0 Mi\u0119dzynarodowy [&hellip;]<\/p>\n","protected":false},"author":200,"featured_media":0,"parent":0,"menu_order":0,"comment_status":"closed","ping_status":"closed","template":"","meta":{"ngg_post_thumbnail":0,"footnotes":""},"class_list":["post-4753","page","type-page","status-publish","hentry","clearfix"],"_links":{"self":[{"href":"https:\/\/przedszkole150.edu.wroclaw.pl\/index.php\/wp-json\/wp\/v2\/pages\/4753","targetHints":{"allow":["GET"]}}],"collection":[{"href":"https:\/\/przedszkole150.edu.wroclaw.pl\/index.php\/wp-json\/wp\/v2\/pages"}],"about":[{"href":"https:\/\/przedszkole150.edu.wroclaw.pl\/index.php\/wp-json\/wp\/v2\/types\/page"}],"author":[{"embeddable":true,"href":"https:\/\/przedszkole150.edu.wroclaw.pl\/index.php\/wp-json\/wp\/v2\/users\/200"}],"replies":[{"embeddable":true,"href":"https:\/\/przedszkole150.edu.wroclaw.pl\/index.php\/wp-json\/wp\/v2\/comments?post=4753"}],"version-history":[{"count":1,"href":"https:\/\/przedszkole150.edu.wroclaw.pl\/index.php\/wp-json\/wp\/v2\/pages\/4753\/revisions"}],"predecessor-version":[{"id":4762,"href":"https:\/\/przedszkole150.edu.wroclaw.pl\/index.php\/wp-json\/wp\/v2\/pages\/4753\/revisions\/4762"}],"wp:attachment":[{"href":"https:\/\/przedszkole150.edu.wroclaw.pl\/index.php\/wp-json\/wp\/v2\/media?parent=4753"}],"curies":[{"name":"wp","href":"https:\/\/api.w.org\/{rel}","templated":true}]}}