
{"id":4768,"date":"2023-09-28T19:41:54","date_gmt":"2023-09-28T17:41:54","guid":{"rendered":"https:\/\/przedszkole150.edu.wroclaw.pl\/?page_id=4768"},"modified":"2023-09-28T19:41:54","modified_gmt":"2023-09-28T17:41:54","slug":"jesienny-piknik-integracyjny","status":"publish","type":"page","link":"https:\/\/przedszkole150.edu.wroclaw.pl\/index.php\/jesienny-piknik-integracyjny\/","title":{"rendered":"Jesienny Piknik Integracyjny"},"content":{"rendered":"<div class=\"wpb-content-wrapper\"><p>[vc_row][vc_column][vc_gallery type=&#8221;image_grid&#8221; images=&#8221;4769,4770,4771,4772,4773,4774,4775,4776,4777,4778,4779,4780,4781,4782,4783,4784&#8243;][vc_column_text]<span style=\"font-family: times new roman, times;font-size: 14pt\">JESIENNY PIKNIK INTEGRACYJNY\u00a0<\/span><\/p>\n<p><span style=\"font-family: times new roman, times;font-size: 14pt\">Dnia 27.09.2023r. dzieci z ca\u0142ego przedszkola spotka\u0142y si\u0119 w ogrodzie przedszkolnym, aby wzi\u0105\u0107 udzia\u0142 w wyj\u0105tkowym wydarzeniu pn. \u201dJesienny Piknik Integracyjny\u201d.\u00a0\u00a0<\/span><\/p>\n<p><span style=\"font-family: times new roman, times;font-size: 14pt\">Zorganizowanych zosta\u0142o wiele atrakcji dla dzieci:\u00a0<\/span><\/p>\n<p><span style=\"font-family: times new roman, times;font-size: 14pt\">&#8211; zabawy muzyczno \u2013 taneczne z Pani\u0105 Jesie\u0144,\u00a0<\/span><\/p>\n<p><span style=\"font-family: times new roman, times;font-size: 14pt\">&#8211; zabawy sportowe,\u00a0<\/span><\/p>\n<p><span style=\"font-family: times new roman, times;font-size: 14pt\">&#8211; \u015bcie\u017cka sensoryczna,\u00a0<\/span><\/p>\n<p><span style=\"font-family: times new roman, times;font-size: 14pt\">&#8211; malowanie kamieniczek z karton\u00f3w,\u00a0<\/span><\/p>\n<p><span style=\"font-family: times new roman, times;font-size: 14pt\">&#8211; zabawy z chust\u0105 animacyjn\u0105,\u00a0<\/span><\/p>\n<p><span style=\"font-family: times new roman, times;font-size: 14pt\">&#8211; malowanie farbami na du\u017cych arkuszach papieru,\u00a0<\/span><\/p>\n<p><span style=\"font-family: times new roman, times;font-size: 14pt\">&#8211; ba\u0144ki mydlane.\u00a0<\/span><\/p>\n<p><span style=\"font-family: times new roman, times;font-size: 14pt\">Nie zabrak\u0142o r\u00f3wnie\u017c Naszych przedszkolnych przyjaci\u00f3\u0142: Misia i Clowna.\u00a0<\/span><\/p>\n<p><span style=\"font-family: times new roman, times;font-size: 14pt\">Na zako\u0144czenie wszystkie grupy otrzyma\u0142y wyj\u0105tkow\u0105 nagrod\u0119 \u2013 pakiet zabawek do sali.\u00a0<\/span>[\/vc_column_text][\/vc_column][\/vc_row]<\/p>\n<\/div>","protected":false},"excerpt":{"rendered":"<p>[vc_row][vc_column][vc_gallery type=&#8221;image_grid&#8221; images=&#8221;4769,4770,4771,4772,4773,4774,4775,4776,4777,4778,4779,4780,4781,4782,4783,4784&#8243;][vc_column_text]JESIENNY PIKNIK INTEGRACYJNY\u00a0 Dnia 27.09.2023r. dzieci z ca\u0142ego przedszkola spotka\u0142y si\u0119 w ogrodzie przedszkolnym, aby wzi\u0105\u0107 udzia\u0142 w wyj\u0105tkowym wydarzeniu pn. \u201dJesienny Piknik Integracyjny\u201d.\u00a0\u00a0 Zorganizowanych zosta\u0142o wiele atrakcji [&hellip;]<\/p>\n","protected":false},"author":200,"featured_media":0,"parent":0,"menu_order":0,"comment_status":"closed","ping_status":"closed","template":"","meta":{"ngg_post_thumbnail":0,"footnotes":""},"class_list":["post-4768","page","type-page","status-publish","hentry","clearfix"],"_links":{"self":[{"href":"https:\/\/przedszkole150.edu.wroclaw.pl\/index.php\/wp-json\/wp\/v2\/pages\/4768","targetHints":{"allow":["GET"]}}],"collection":[{"href":"https:\/\/przedszkole150.edu.wroclaw.pl\/index.php\/wp-json\/wp\/v2\/pages"}],"about":[{"href":"https:\/\/przedszkole150.edu.wroclaw.pl\/index.php\/wp-json\/wp\/v2\/types\/page"}],"author":[{"embeddable":true,"href":"https:\/\/przedszkole150.edu.wroclaw.pl\/index.php\/wp-json\/wp\/v2\/users\/200"}],"replies":[{"embeddable":true,"href":"https:\/\/przedszkole150.edu.wroclaw.pl\/index.php\/wp-json\/wp\/v2\/comments?post=4768"}],"version-history":[{"count":1,"href":"https:\/\/przedszkole150.edu.wroclaw.pl\/index.php\/wp-json\/wp\/v2\/pages\/4768\/revisions"}],"predecessor-version":[{"id":4785,"href":"https:\/\/przedszkole150.edu.wroclaw.pl\/index.php\/wp-json\/wp\/v2\/pages\/4768\/revisions\/4785"}],"wp:attachment":[{"href":"https:\/\/przedszkole150.edu.wroclaw.pl\/index.php\/wp-json\/wp\/v2\/media?parent=4768"}],"curies":[{"name":"wp","href":"https:\/\/api.w.org\/{rel}","templated":true}]}}