
{"id":4858,"date":"2023-10-17T11:29:56","date_gmt":"2023-10-17T09:29:56","guid":{"rendered":"https:\/\/przedszkole150.edu.wroclaw.pl\/?page_id=4858"},"modified":"2023-10-17T11:29:56","modified_gmt":"2023-10-17T09:29:56","slug":"dzien-jablka","status":"publish","type":"page","link":"https:\/\/przedszkole150.edu.wroclaw.pl\/index.php\/dzien-jablka\/","title":{"rendered":"Dzie\u0144 Jab\u0142ka"},"content":{"rendered":"<div class=\"wpb-content-wrapper\"><p>[vc_row][vc_column][vc_column_text]<span class=\"x_ContentPasted0\" style=\"font-family: times new roman, times;font-size: 14pt\">Dn. <span style=\"color: #008000\">28.09.2023r.<\/span> w gr. VII obchodzili\u015bmy <span style=\"color: #008000\"><strong>Dzie\u0144 Jab\u0142ka<\/strong>.<\/span> Tego dnia wszyscy przyszli\u015bmy\u00a0 ubrani na czerwono i zielono. Celem zaj\u0119\u0107 i wsp\u00f3lnej zabawy by\u0142a integracja\u00a0 dzieci oraz zach\u0119canie dzieci do spo\u017cywania owoc\u00f3w, a w szczeg\u00f3lno\u015bci jab\u0142ek i to pod r\u00f3\u017cnymi postaciami z powodu walor\u00f3w zdrowotnych i od\u017cywczych. Dzieci poznawa\u0142y r\u00f3\u017cne gatunki jab\u0142ek, rozpoznawa\u0142y kszta\u0142t, zapach, kolor, smak. Zdobywa\u0142y wiadomo\u015bci na temat potraw i przetwor\u00f3w z jab\u0142ek.\u00a0 Nie zabrak\u0142o r\u00f3wnie\u017c konkurencji sportowych z jab\u0142kami. Na koniec wykonali\u015bmy jab\u0142uszka z masy solnej, kt\u00f3re ozdobi\u0142y nasz hol. <\/span>[\/vc_column_text][vc_gallery type=&#8221;image_grid&#8221; images=&#8221;4859,4860,4861,4862,4863,4864,4865,4866&#8243;][\/vc_column][\/vc_row]<\/p>\n<\/div>","protected":false},"excerpt":{"rendered":"<p>[vc_row][vc_column][vc_column_text]Dn. 28.09.2023r. w gr. VII obchodzili\u015bmy Dzie\u0144 Jab\u0142ka. Tego dnia wszyscy przyszli\u015bmy\u00a0 ubrani na czerwono i zielono. Celem zaj\u0119\u0107 i wsp\u00f3lnej zabawy by\u0142a integracja\u00a0 dzieci oraz zach\u0119canie dzieci do spo\u017cywania [&hellip;]<\/p>\n","protected":false},"author":200,"featured_media":0,"parent":0,"menu_order":0,"comment_status":"closed","ping_status":"closed","template":"","meta":{"ngg_post_thumbnail":0,"footnotes":""},"class_list":["post-4858","page","type-page","status-publish","hentry","clearfix"],"_links":{"self":[{"href":"https:\/\/przedszkole150.edu.wroclaw.pl\/index.php\/wp-json\/wp\/v2\/pages\/4858","targetHints":{"allow":["GET"]}}],"collection":[{"href":"https:\/\/przedszkole150.edu.wroclaw.pl\/index.php\/wp-json\/wp\/v2\/pages"}],"about":[{"href":"https:\/\/przedszkole150.edu.wroclaw.pl\/index.php\/wp-json\/wp\/v2\/types\/page"}],"author":[{"embeddable":true,"href":"https:\/\/przedszkole150.edu.wroclaw.pl\/index.php\/wp-json\/wp\/v2\/users\/200"}],"replies":[{"embeddable":true,"href":"https:\/\/przedszkole150.edu.wroclaw.pl\/index.php\/wp-json\/wp\/v2\/comments?post=4858"}],"version-history":[{"count":1,"href":"https:\/\/przedszkole150.edu.wroclaw.pl\/index.php\/wp-json\/wp\/v2\/pages\/4858\/revisions"}],"predecessor-version":[{"id":4867,"href":"https:\/\/przedszkole150.edu.wroclaw.pl\/index.php\/wp-json\/wp\/v2\/pages\/4858\/revisions\/4867"}],"wp:attachment":[{"href":"https:\/\/przedszkole150.edu.wroclaw.pl\/index.php\/wp-json\/wp\/v2\/media?parent=4858"}],"curies":[{"name":"wp","href":"https:\/\/api.w.org\/{rel}","templated":true}]}}