
{"id":4917,"date":"2023-10-18T17:24:46","date_gmt":"2023-10-18T15:24:46","guid":{"rendered":"https:\/\/przedszkole150.edu.wroclaw.pl\/?page_id=4917"},"modified":"2023-10-18T17:24:46","modified_gmt":"2023-10-18T15:24:46","slug":"poznajemy-zycie-slimakow","status":"publish","type":"page","link":"https:\/\/przedszkole150.edu.wroclaw.pl\/index.php\/poznajemy-zycie-slimakow\/","title":{"rendered":"Poznajemy \u017cycie \u015blimak\u00f3w"},"content":{"rendered":"<div class=\"wpb-content-wrapper\"><p>[vc_row][vc_column][vc_column_text]W minionym tygodniu grupa 5 wzi\u0119\u0142a udzia\u0142 w zajeciach przyrodniczych i pozna\u0142a \u017cycie \u015blimak\u00f3w. Odwiedzi\u0142 nas du\u017cy \u015blimak afryka\u0144ski. To by\u0142o fascynuj\u0105ce spotkanie.[\/vc_column_text][vc_gallery type=&#8221;image_grid&#8221; images=&#8221;4918,4919,4920&#8243;][\/vc_column][\/vc_row]<\/p>\n<\/div>","protected":false},"excerpt":{"rendered":"<p>[vc_row][vc_column][vc_column_text]W minionym tygodniu grupa 5 wzi\u0119\u0142a udzia\u0142 w zajeciach przyrodniczych i pozna\u0142a \u017cycie \u015blimak\u00f3w. Odwiedzi\u0142 nas du\u017cy \u015blimak afryka\u0144ski. To by\u0142o fascynuj\u0105ce spotkanie.[\/vc_column_text][vc_gallery type=&#8221;image_grid&#8221; images=&#8221;4918,4919,4920&#8243;][\/vc_column][\/vc_row]<\/p>\n","protected":false},"author":264,"featured_media":0,"parent":0,"menu_order":0,"comment_status":"closed","ping_status":"closed","template":"","meta":{"ngg_post_thumbnail":0,"footnotes":""},"class_list":["post-4917","page","type-page","status-publish","hentry","clearfix"],"_links":{"self":[{"href":"https:\/\/przedszkole150.edu.wroclaw.pl\/index.php\/wp-json\/wp\/v2\/pages\/4917","targetHints":{"allow":["GET"]}}],"collection":[{"href":"https:\/\/przedszkole150.edu.wroclaw.pl\/index.php\/wp-json\/wp\/v2\/pages"}],"about":[{"href":"https:\/\/przedszkole150.edu.wroclaw.pl\/index.php\/wp-json\/wp\/v2\/types\/page"}],"author":[{"embeddable":true,"href":"https:\/\/przedszkole150.edu.wroclaw.pl\/index.php\/wp-json\/wp\/v2\/users\/264"}],"replies":[{"embeddable":true,"href":"https:\/\/przedszkole150.edu.wroclaw.pl\/index.php\/wp-json\/wp\/v2\/comments?post=4917"}],"version-history":[{"count":1,"href":"https:\/\/przedszkole150.edu.wroclaw.pl\/index.php\/wp-json\/wp\/v2\/pages\/4917\/revisions"}],"predecessor-version":[{"id":4921,"href":"https:\/\/przedszkole150.edu.wroclaw.pl\/index.php\/wp-json\/wp\/v2\/pages\/4917\/revisions\/4921"}],"wp:attachment":[{"href":"https:\/\/przedszkole150.edu.wroclaw.pl\/index.php\/wp-json\/wp\/v2\/media?parent=4917"}],"curies":[{"name":"wp","href":"https:\/\/api.w.org\/{rel}","templated":true}]}}