
{"id":4925,"date":"2023-10-19T10:43:52","date_gmt":"2023-10-19T08:43:52","guid":{"rendered":"https:\/\/przedszkole150.edu.wroclaw.pl\/?page_id=4925"},"modified":"2023-10-19T10:43:52","modified_gmt":"2023-10-19T08:43:52","slug":"kasztanowe-zabawy","status":"publish","type":"page","link":"https:\/\/przedszkole150.edu.wroclaw.pl\/index.php\/kasztanowe-zabawy\/","title":{"rendered":"Kasztanowe zabawy"},"content":{"rendered":"<div class=\"wpb-content-wrapper\"><p>[vc_row][vc_column][vc_column_text]<span style=\"font-family: times new roman, times;font-size: 14pt\">Sezon na kasztany w pe\u0142ni! Dzieci z gr. VII wykorzystuj\u0105 je do kreatywnych zabaw, gier i aktywno\u015bci. Jedn\u0105 z ulubionych zabaw dzieci s\u0105 kasztanowe uk\u0142adanki. Kasztany to doskona\u0142y materia\u0142 do przeliczania, odwzorowywania kszta\u0142t\u00f3w i wzor\u00f3w oraz gier. <\/span>[\/vc_column_text][vc_gallery type=&#8221;image_grid&#8221; images=&#8221;4927,4928,4929,4930,4931,4932,4933&#8243;][\/vc_column][\/vc_row]<\/p>\n<\/div>","protected":false},"excerpt":{"rendered":"<p>[vc_row][vc_column][vc_column_text]Sezon na kasztany w pe\u0142ni! Dzieci z gr. VII wykorzystuj\u0105 je do kreatywnych zabaw, gier i aktywno\u015bci. Jedn\u0105 z ulubionych zabaw dzieci s\u0105 kasztanowe uk\u0142adanki. Kasztany to doskona\u0142y materia\u0142 do [&hellip;]<\/p>\n","protected":false},"author":200,"featured_media":0,"parent":0,"menu_order":0,"comment_status":"closed","ping_status":"closed","template":"","meta":{"ngg_post_thumbnail":0,"footnotes":""},"class_list":["post-4925","page","type-page","status-publish","hentry","clearfix"],"_links":{"self":[{"href":"https:\/\/przedszkole150.edu.wroclaw.pl\/index.php\/wp-json\/wp\/v2\/pages\/4925","targetHints":{"allow":["GET"]}}],"collection":[{"href":"https:\/\/przedszkole150.edu.wroclaw.pl\/index.php\/wp-json\/wp\/v2\/pages"}],"about":[{"href":"https:\/\/przedszkole150.edu.wroclaw.pl\/index.php\/wp-json\/wp\/v2\/types\/page"}],"author":[{"embeddable":true,"href":"https:\/\/przedszkole150.edu.wroclaw.pl\/index.php\/wp-json\/wp\/v2\/users\/200"}],"replies":[{"embeddable":true,"href":"https:\/\/przedszkole150.edu.wroclaw.pl\/index.php\/wp-json\/wp\/v2\/comments?post=4925"}],"version-history":[{"count":1,"href":"https:\/\/przedszkole150.edu.wroclaw.pl\/index.php\/wp-json\/wp\/v2\/pages\/4925\/revisions"}],"predecessor-version":[{"id":4934,"href":"https:\/\/przedszkole150.edu.wroclaw.pl\/index.php\/wp-json\/wp\/v2\/pages\/4925\/revisions\/4934"}],"wp:attachment":[{"href":"https:\/\/przedszkole150.edu.wroclaw.pl\/index.php\/wp-json\/wp\/v2\/media?parent=4925"}],"curies":[{"name":"wp","href":"https:\/\/api.w.org\/{rel}","templated":true}]}}