
{"id":4937,"date":"2023-10-19T18:07:44","date_gmt":"2023-10-19T16:07:44","guid":{"rendered":"https:\/\/przedszkole150.edu.wroclaw.pl\/?page_id=4937"},"modified":"2023-10-19T18:07:44","modified_gmt":"2023-10-19T16:07:44","slug":"spektakl-muzyczny-urodziny-piosenki","status":"publish","type":"page","link":"https:\/\/przedszkole150.edu.wroclaw.pl\/index.php\/spektakl-muzyczny-urodziny-piosenki\/","title":{"rendered":"Spektakl muzyczny &#8222;Urodziny piosenki&#8221;"},"content":{"rendered":"<div class=\"wpb-content-wrapper\"><p>[vc_row][vc_column][vc_gallery type=&#8221;image_grid&#8221; images=&#8221;4938,4939,4940,4941,4942,4943,4944&#8243;][vc_column_text]<span class=\"x_ContentPasted0\" style=\"font-family: times new roman, times;font-size: 14pt\"><span style=\"color: #008000\"><strong class=\"x_ContentPasted0\">16 pa\u017adziernika <\/strong><\/span>dzieci z naszego przedszkola wzi\u0119\u0142y udzia\u0142 w spektaklu muzycznym &#8222;Urodziny piosenki&#8221;.<br \/>\n<\/span><\/p>\n<p><span class=\"x_ContentPasted0\" style=\"font-family: times new roman, times;font-size: 14pt\">Spektakl\u00a0 powsta\u0142 na podstawie ksi\u0105\u017cki Lidii Bajkowskiej <em class=\"x_ContentPasted0\">&#8222;Nutki z Kr\u00f3lestwa Muzyki&#8221;<\/em>. Na potrzeby tej inicjatywy powsta\u0142y autorskie piosenki. Autorami muzycznej opowie\u015bci s\u0105 cz\u0142onkinie <strong class=\"x_ContentPasted0\">Ko\u0142a Artystyczno &#8211; Naukowego Edukacji Muzycznej.<\/strong><\/span>[\/vc_column_text][\/vc_column][\/vc_row]<\/p>\n<\/div>","protected":false},"excerpt":{"rendered":"<p>[vc_row][vc_column][vc_gallery type=&#8221;image_grid&#8221; images=&#8221;4938,4939,4940,4941,4942,4943,4944&#8243;][vc_column_text]16 pa\u017adziernika dzieci z naszego przedszkola wzi\u0119\u0142y udzia\u0142 w spektaklu muzycznym &#8222;Urodziny piosenki&#8221;. Spektakl\u00a0 powsta\u0142 na podstawie ksi\u0105\u017cki Lidii Bajkowskiej &#8222;Nutki z Kr\u00f3lestwa Muzyki&#8221;. Na potrzeby tej inicjatywy [&hellip;]<\/p>\n","protected":false},"author":200,"featured_media":0,"parent":0,"menu_order":0,"comment_status":"closed","ping_status":"closed","template":"","meta":{"ngg_post_thumbnail":0,"footnotes":""},"class_list":["post-4937","page","type-page","status-publish","hentry","clearfix"],"_links":{"self":[{"href":"https:\/\/przedszkole150.edu.wroclaw.pl\/index.php\/wp-json\/wp\/v2\/pages\/4937","targetHints":{"allow":["GET"]}}],"collection":[{"href":"https:\/\/przedszkole150.edu.wroclaw.pl\/index.php\/wp-json\/wp\/v2\/pages"}],"about":[{"href":"https:\/\/przedszkole150.edu.wroclaw.pl\/index.php\/wp-json\/wp\/v2\/types\/page"}],"author":[{"embeddable":true,"href":"https:\/\/przedszkole150.edu.wroclaw.pl\/index.php\/wp-json\/wp\/v2\/users\/200"}],"replies":[{"embeddable":true,"href":"https:\/\/przedszkole150.edu.wroclaw.pl\/index.php\/wp-json\/wp\/v2\/comments?post=4937"}],"version-history":[{"count":1,"href":"https:\/\/przedszkole150.edu.wroclaw.pl\/index.php\/wp-json\/wp\/v2\/pages\/4937\/revisions"}],"predecessor-version":[{"id":4945,"href":"https:\/\/przedszkole150.edu.wroclaw.pl\/index.php\/wp-json\/wp\/v2\/pages\/4937\/revisions\/4945"}],"wp:attachment":[{"href":"https:\/\/przedszkole150.edu.wroclaw.pl\/index.php\/wp-json\/wp\/v2\/media?parent=4937"}],"curies":[{"name":"wp","href":"https:\/\/api.w.org\/{rel}","templated":true}]}}