
{"id":4947,"date":"2023-10-19T18:51:27","date_gmt":"2023-10-19T16:51:27","guid":{"rendered":"https:\/\/przedszkole150.edu.wroclaw.pl\/?page_id=4947"},"modified":"2023-10-19T18:51:27","modified_gmt":"2023-10-19T16:51:27","slug":"jesienne-inspiracje","status":"publish","type":"page","link":"https:\/\/przedszkole150.edu.wroclaw.pl\/index.php\/jesienne-inspiracje\/","title":{"rendered":"Jesienne inspiracje"},"content":{"rendered":"<div class=\"wpb-content-wrapper\"><p>[vc_row][vc_column][vc_gallery type=&#8221;image_grid&#8221; images=&#8221;4948,4949,4950,4951,4952,4953,4954,4955,4956,4957,4958,4959,4960,4961,4962,4963,4964&#8243;][vc_column_text]<span style=\"font-family: times new roman, times;font-size: 14pt\">Jesie\u0144 to pi\u0119kna i inspiruj\u0105ca pora roku. Wykorzystuj\u0105c barwny okres jesieni, na naszych przedszkolnych korytarzach pojawi\u0142y si\u0119 barwne i ciekawe prace plastyczne wykonane przez dzieci i nauczycieli. <\/span>[\/vc_column_text][\/vc_column][\/vc_row]<\/p>\n<\/div>","protected":false},"excerpt":{"rendered":"<p>[vc_row][vc_column][vc_gallery type=&#8221;image_grid&#8221; images=&#8221;4948,4949,4950,4951,4952,4953,4954,4955,4956,4957,4958,4959,4960,4961,4962,4963,4964&#8243;][vc_column_text]Jesie\u0144 to pi\u0119kna i inspiruj\u0105ca pora roku. Wykorzystuj\u0105c barwny okres jesieni, na naszych przedszkolnych korytarzach pojawi\u0142y si\u0119 barwne i ciekawe prace plastyczne wykonane przez dzieci i nauczycieli. [\/vc_column_text][\/vc_column][\/vc_row]<\/p>\n","protected":false},"author":200,"featured_media":0,"parent":0,"menu_order":0,"comment_status":"closed","ping_status":"closed","template":"","meta":{"ngg_post_thumbnail":0,"footnotes":""},"class_list":["post-4947","page","type-page","status-publish","hentry","clearfix"],"_links":{"self":[{"href":"https:\/\/przedszkole150.edu.wroclaw.pl\/index.php\/wp-json\/wp\/v2\/pages\/4947","targetHints":{"allow":["GET"]}}],"collection":[{"href":"https:\/\/przedszkole150.edu.wroclaw.pl\/index.php\/wp-json\/wp\/v2\/pages"}],"about":[{"href":"https:\/\/przedszkole150.edu.wroclaw.pl\/index.php\/wp-json\/wp\/v2\/types\/page"}],"author":[{"embeddable":true,"href":"https:\/\/przedszkole150.edu.wroclaw.pl\/index.php\/wp-json\/wp\/v2\/users\/200"}],"replies":[{"embeddable":true,"href":"https:\/\/przedszkole150.edu.wroclaw.pl\/index.php\/wp-json\/wp\/v2\/comments?post=4947"}],"version-history":[{"count":1,"href":"https:\/\/przedszkole150.edu.wroclaw.pl\/index.php\/wp-json\/wp\/v2\/pages\/4947\/revisions"}],"predecessor-version":[{"id":4965,"href":"https:\/\/przedszkole150.edu.wroclaw.pl\/index.php\/wp-json\/wp\/v2\/pages\/4947\/revisions\/4965"}],"wp:attachment":[{"href":"https:\/\/przedszkole150.edu.wroclaw.pl\/index.php\/wp-json\/wp\/v2\/media?parent=4947"}],"curies":[{"name":"wp","href":"https:\/\/api.w.org\/{rel}","templated":true}]}}