
{"id":5127,"date":"2023-11-10T08:04:47","date_gmt":"2023-11-10T07:04:47","guid":{"rendered":"https:\/\/przedszkole150.edu.wroclaw.pl\/?page_id=5127"},"modified":"2023-11-10T08:04:47","modified_gmt":"2023-11-10T07:04:47","slug":"pazdziernik-miesiacem-zwierzat","status":"publish","type":"page","link":"https:\/\/przedszkole150.edu.wroclaw.pl\/index.php\/pazdziernik-miesiacem-zwierzat\/","title":{"rendered":"Pa\u017adziernik Miesi\u0105cem Zwierz\u0105t"},"content":{"rendered":"<div class=\"wpb-content-wrapper\"><p>[vc_row][vc_column][vc_gallery type=&#8221;image_grid&#8221; images=&#8221;5130,5131,5132,5133,5134,5135,5136,5137&#8243;][vc_column_text]<span style=\"font-family: times new roman, times;font-size: 14pt\">\u00a0<\/span><\/p>\n<p><span style=\"font-family: times new roman, times;font-size: 14pt\"><strong>Pa\u017adziernik<\/strong> w naszym przedszkolu obchodzony by\u0142 pod has\u0142em <span style=\"color: #008000\">\u201eZwierz\u0119ta\u201d.<\/span> W ten spos\u00f3b chcieli\u015bmy uczci\u0107 <span style=\"color: #008000\"><strong>\u201e\u015awiatowy Dzie\u0144 Zwierz\u0105t\u201d<\/strong><\/span>, kt\u00f3ry przypada w pa\u017adzierniku.<\/span><\/p>\n<p><span style=\"font-family: times new roman, times;font-size: 14pt\">W ramach obchod\u00f3w zorganizowano wiele atrakcji tematycznych dla dzieci:<\/span><\/p>\n<p><span style=\"font-family: times new roman, times;font-size: 14pt\">&#8211; <span style=\"color: #008000\">04.10.2023r.<\/span> w ka\u017cdej grupie odby\u0142y si\u0119 zaj\u0119cia o tematyce zwi\u0105zanej ze zwierz\u0119tami;<\/span><\/p>\n<p><span style=\"font-family: times new roman, times;font-size: 14pt\">&#8211; <span style=\"color: #008000\">18.10.2023r.<\/span> dzieci przynosi\u0142y do przedszkola swoj\u0105 ulubion\u0105 zabawk\u0119 \u2013 przytulank\u0119 &#8211; zwierzaka;<\/span><\/p>\n<p><span style=\"font-family: times new roman, times;font-size: 14pt\">&#8211; <span style=\"color: #008000\">20.10.2023r<\/span>. by\u0142 dniem malowania twarzy. Dzieci w tym dniu wykonywa\u0142y kolorowe opaski oraz mia\u0142y mo\u017cliwo\u015b\u0107 pomalowania twarzy z podobizn\u0105 ulubionego zwierzaka;<\/span><\/p>\n<p><span style=\"font-family: times new roman, times;font-size: 14pt\">&#8211; <span style=\"color: #008000\">25.10.2023r<\/span>. obchodzili\u015bmy \u201eDzie\u0144 Kundelka\u201d;<\/span><\/p>\n<p><span style=\"font-family: times new roman, times;font-size: 14pt\">&#8211; <span style=\"color: #008000\">26.10.2023r.<\/span> dzieci mog\u0142y przyj\u015b\u0107 przebrane za swoje ulubione zwierz\u0119;<\/span><\/p>\n<p><span style=\"font-family: times new roman, times;font-size: 14pt\">&#8211; zorganizowana by\u0142a zbi\u00f3rka karmy dla zwierzaczk\u00f3w ze schroniska;<\/span><\/p>\n<p><span style=\"font-family: times new roman, times;font-size: 14pt\">&#8211; zorganizowane by\u0142y wystawy prac plastycznych o tematyce zwierz\u0105t, kt\u00f3re podziwia\u0107 mo\u017cna by\u0142o na tablicach przy salach grup oraz w holu przedszkola;<\/span><\/p>\n<p><span style=\"font-family: times new roman, times;font-size: 14pt\">&#8211; zorganizowana zosta\u0142a przestrzenna wystawa zwierz\u0105t w holu przedszkola;<\/span><\/p>\n<p><span style=\"font-family: times new roman, times;font-size: 14pt\">Dodatkowo w naszym przedszkolu rozbrzmiewa\u0142y piosenki o zwierz\u0119tach, czytali\u015bmy bajki i ogl\u0105dali\u015bmy ciekawe filmy przyrodnicze o r\u00f3\u017cnych gatunkach zwierz\u0105t. Dzieci s\u0142ucha\u0142y i odgadywa\u0142y odg\u0142osy zwierz\u0105t, a rozwi\u0105zywa\u0142y zagadki tematyczne, uczestniczy\u0142y w zabawach ruchowych w kt\u00f3rych tematem przewodnim by\u0142y zwierz\u0119ta. Powsta\u0142o wiele pi\u0119knych prac o naszych milusi\u0144skich. Przedszkolaki bardzo ch\u0119tnie opowiada\u0142y o tym, w jaki spos\u00f3b opiekuj\u0105 si\u0119 zwierz\u0105tkami, kt\u00f3re maj\u0105 w swoich domach.<\/span><\/p>\n<p><span style=\"font-family: times new roman, times;font-size: 14pt\">Celem naszych dzia\u0142a\u0144, by\u0142o u\u015bwiadomienie przedszkolakom, \u017ce zwierz\u0119ta, to istoty, kt\u00f3re potrafi\u0105 czu\u0107 i o kt\u00f3re nale\u017cy dba\u0107 oraz \u017ce cz\u0119sto potrzebuj\u0105 naszej pomocy.<\/span>[\/vc_column_text][\/vc_column][\/vc_row]<\/p>\n<\/div>","protected":false},"excerpt":{"rendered":"<p>[vc_row][vc_column][vc_gallery type=&#8221;image_grid&#8221; images=&#8221;5130,5131,5132,5133,5134,5135,5136,5137&#8243;][vc_column_text]\u00a0 Pa\u017adziernik w naszym przedszkolu obchodzony by\u0142 pod has\u0142em \u201eZwierz\u0119ta\u201d. W ten spos\u00f3b chcieli\u015bmy uczci\u0107 \u201e\u015awiatowy Dzie\u0144 Zwierz\u0105t\u201d, kt\u00f3ry przypada w pa\u017adzierniku. W ramach obchod\u00f3w zorganizowano wiele atrakcji [&hellip;]<\/p>\n","protected":false},"author":200,"featured_media":0,"parent":0,"menu_order":0,"comment_status":"closed","ping_status":"closed","template":"","meta":{"ngg_post_thumbnail":0,"footnotes":""},"class_list":["post-5127","page","type-page","status-publish","hentry","clearfix"],"_links":{"self":[{"href":"https:\/\/przedszkole150.edu.wroclaw.pl\/index.php\/wp-json\/wp\/v2\/pages\/5127","targetHints":{"allow":["GET"]}}],"collection":[{"href":"https:\/\/przedszkole150.edu.wroclaw.pl\/index.php\/wp-json\/wp\/v2\/pages"}],"about":[{"href":"https:\/\/przedszkole150.edu.wroclaw.pl\/index.php\/wp-json\/wp\/v2\/types\/page"}],"author":[{"embeddable":true,"href":"https:\/\/przedszkole150.edu.wroclaw.pl\/index.php\/wp-json\/wp\/v2\/users\/200"}],"replies":[{"embeddable":true,"href":"https:\/\/przedszkole150.edu.wroclaw.pl\/index.php\/wp-json\/wp\/v2\/comments?post=5127"}],"version-history":[{"count":1,"href":"https:\/\/przedszkole150.edu.wroclaw.pl\/index.php\/wp-json\/wp\/v2\/pages\/5127\/revisions"}],"predecessor-version":[{"id":5138,"href":"https:\/\/przedszkole150.edu.wroclaw.pl\/index.php\/wp-json\/wp\/v2\/pages\/5127\/revisions\/5138"}],"wp:attachment":[{"href":"https:\/\/przedszkole150.edu.wroclaw.pl\/index.php\/wp-json\/wp\/v2\/media?parent=5127"}],"curies":[{"name":"wp","href":"https:\/\/api.w.org\/{rel}","templated":true}]}}