
{"id":5144,"date":"2023-11-14T11:00:56","date_gmt":"2023-11-14T10:00:56","guid":{"rendered":"https:\/\/przedszkole150.edu.wroclaw.pl\/?page_id=5144"},"modified":"2023-11-14T13:19:52","modified_gmt":"2023-11-14T12:19:52","slug":"polska-nasza-ojczyzna","status":"publish","type":"page","link":"https:\/\/przedszkole150.edu.wroclaw.pl\/index.php\/polska-nasza-ojczyzna\/","title":{"rendered":"Polska &#8211; nasza Ojczyzna"},"content":{"rendered":"<div class=\"wpb-content-wrapper\"><p>[vc_row][vc_column][vc_gallery type=&#8221;image_grid&#8221; images=&#8221;5145,5146,5147,5148,5149,5150,5151,5152,5153,5154,5155,5156&#8243;][vc_column_text]<span style=\"font-family: times new roman, times;font-size: 14pt\">Dzie\u0144 <span style=\"color: #ff0000\">11 listopada<\/span> to jedna z najwa\u017cniejszych dat w historii naszej Ojczyzny. <\/span><\/p>\n<p><span style=\"font-family: times new roman, times;font-size: 14pt\">Dlatego od najm\u0142odszych lat uczymy dzieci patriotyzmu, przywi\u0105zania do swojej Ojczyzny, do ziemi rodzinnej oraz wpajamy szacunek dla polskich symboli narodowych. Nasze przedszkolaki od kilku dni przygotowywa\u0142y si\u0119 na to wa\u017cne \u015bwi\u0119to. Na przedszkolnych tablicach, korytarzach i w salach pojawi\u0142y si\u0119 wykonane w barwach narodowych dekoracje i prace plastyczne. <\/span><\/p>\n<p><span style=\"font-family: times new roman, times;font-size: 14pt\">W pi\u0105tek 10 listopada w spos\u00f3b niezwykle szczeg\u00f3lny uczcili\u015bmy wsp\u00f3lnie rocznic\u0119 odzyskania niepodleg\u0142o\u015bci. Grupy starsze (X, IX i VI) we wzruszaj\u0105cym programie przedstawi\u0142y histori\u0119 Polski w okresie zabor\u00f3w oraz walk\u0119 narodu polskiego o wolno\u015b\u0107. Ca\u0142a spo\u0142eczno\u015b\u0107 przedszkolna wraz z rodzicami od\u015bpiewa\u0142a hymn narodowy oraz pie\u015bni patriotyczne o Polsce. <\/span><\/p>\n<p><span style=\"font-family: times new roman, times;font-size: 14pt\">To by\u0142a prawdziwa lekcja wychowania patriotycznego. <\/span>[\/vc_column_text][\/vc_column][\/vc_row][vc_row][vc_column][vc_gallery type=&#8221;image_grid&#8221; images=&#8221;5156,5149,5145&#8243;][\/vc_column][\/vc_row]<\/p>\n<\/div>","protected":false},"excerpt":{"rendered":"<p>[vc_row][vc_column][vc_gallery type=&#8221;image_grid&#8221; images=&#8221;5145,5146,5147,5148,5149,5150,5151,5152,5153,5154,5155,5156&#8243;][vc_column_text]Dzie\u0144 11 listopada to jedna z najwa\u017cniejszych dat w historii naszej Ojczyzny. Dlatego od najm\u0142odszych lat uczymy dzieci patriotyzmu, przywi\u0105zania do swojej Ojczyzny, do ziemi rodzinnej oraz wpajamy [&hellip;]<\/p>\n","protected":false},"author":200,"featured_media":0,"parent":0,"menu_order":0,"comment_status":"closed","ping_status":"closed","template":"","meta":{"ngg_post_thumbnail":0,"footnotes":""},"class_list":["post-5144","page","type-page","status-publish","hentry","clearfix"],"_links":{"self":[{"href":"https:\/\/przedszkole150.edu.wroclaw.pl\/index.php\/wp-json\/wp\/v2\/pages\/5144","targetHints":{"allow":["GET"]}}],"collection":[{"href":"https:\/\/przedszkole150.edu.wroclaw.pl\/index.php\/wp-json\/wp\/v2\/pages"}],"about":[{"href":"https:\/\/przedszkole150.edu.wroclaw.pl\/index.php\/wp-json\/wp\/v2\/types\/page"}],"author":[{"embeddable":true,"href":"https:\/\/przedszkole150.edu.wroclaw.pl\/index.php\/wp-json\/wp\/v2\/users\/200"}],"replies":[{"embeddable":true,"href":"https:\/\/przedszkole150.edu.wroclaw.pl\/index.php\/wp-json\/wp\/v2\/comments?post=5144"}],"version-history":[{"count":3,"href":"https:\/\/przedszkole150.edu.wroclaw.pl\/index.php\/wp-json\/wp\/v2\/pages\/5144\/revisions"}],"predecessor-version":[{"id":5166,"href":"https:\/\/przedszkole150.edu.wroclaw.pl\/index.php\/wp-json\/wp\/v2\/pages\/5144\/revisions\/5166"}],"wp:attachment":[{"href":"https:\/\/przedszkole150.edu.wroclaw.pl\/index.php\/wp-json\/wp\/v2\/media?parent=5144"}],"curies":[{"name":"wp","href":"https:\/\/api.w.org\/{rel}","templated":true}]}}