
{"id":5195,"date":"2023-11-23T10:59:33","date_gmt":"2023-11-23T09:59:33","guid":{"rendered":"https:\/\/przedszkole150.edu.wroclaw.pl\/?page_id=5195"},"modified":"2023-11-23T10:59:33","modified_gmt":"2023-11-23T09:59:33","slug":"skad-sie-bierze-deszcz","status":"publish","type":"page","link":"https:\/\/przedszkole150.edu.wroclaw.pl\/index.php\/skad-sie-bierze-deszcz\/","title":{"rendered":"Sk\u0105d si\u0119 bierze deszcz?"},"content":{"rendered":"<div class=\"wpb-content-wrapper\"><p>[vc_row][vc_column][vc_column_text]<\/p>\n<section class=\"elementor-section elementor-top-section elementor-element elementor-element-0fc7851 elementor-section-boxed elementor-section-height-default elementor-section-height-default\" data-id=\"0fc7851\" data-element_type=\"section\">\n<div class=\"elementor-container elementor-column-gap-default\">\n<div class=\"elementor-column elementor-col-100 elementor-top-column elementor-element elementor-element-12b0155\" data-id=\"12b0155\" data-element_type=\"column\">\n<div class=\"elementor-widget-wrap elementor-element-populated\">\n<div class=\"elementor-element elementor-element-ee89c5e elementor-widget elementor-widget-text-editor\" data-id=\"ee89c5e\" data-element_type=\"widget\" data-widget_type=\"text-editor.default\">\n<div class=\"elementor-widget-container\">\n<div dir=\"auto\"><span style=\"font-family: times new roman, times;font-size: 14pt\">Dn. <span style=\"color: #008000\">23.11.2023r<\/span>. dzieci z gr. VII wykona\u0142y eksperyment badawczy. Jest to kolejny etap eksperyment\u00f3w maj\u0105cy na celu u\u015bwiadomi\u0107 dzieciom zjawiska zachodz\u0105ce w przyrodzie.<\/span><\/div>\n<div dir=\"auto\"><span style=\"font-family: times new roman, times;font-size: 14pt\">Przy u\u017cyciu najnowszej pomocy dydaktycznej, kt\u00f3ra wzbogaci\u0142a zasoby naszego przedszkola, dzieci mia\u0142y okazj\u0119 wykona\u0107 bardzo ciekawe do\u015bwiadczenie.<\/span><\/div>\n<div dir=\"auto\"><span style=\"font-family: times new roman, times;font-size: 14pt\">Celem zaj\u0119\u0107 by\u0142o rozbudzenie kreatywno\u015bci dzieci oraz doskonalenie umiej\u0119tno\u015bci wyci\u0105gania wniosk\u00f3w z przeprowadzonego eksperymentu.<\/span><\/div>\n<\/div>\n<\/div>\n<\/div>\n<\/div>\n<\/div>\n<\/section>\n<p>[\/vc_column_text][vc_gallery type=&#8221;image_grid&#8221; images=&#8221;5196,5197,5198,5199,5200&#8243;][\/vc_column][\/vc_row]<\/p>\n<\/div>","protected":false},"excerpt":{"rendered":"<p>[vc_row][vc_column][vc_column_text] Dn. 23.11.2023r. dzieci z gr. VII wykona\u0142y eksperyment badawczy. Jest to kolejny etap eksperyment\u00f3w maj\u0105cy na celu u\u015bwiadomi\u0107 dzieciom zjawiska zachodz\u0105ce w przyrodzie. Przy u\u017cyciu najnowszej pomocy dydaktycznej, kt\u00f3ra [&hellip;]<\/p>\n","protected":false},"author":200,"featured_media":0,"parent":0,"menu_order":0,"comment_status":"closed","ping_status":"closed","template":"","meta":{"ngg_post_thumbnail":0,"footnotes":""},"class_list":["post-5195","page","type-page","status-publish","hentry","clearfix"],"_links":{"self":[{"href":"https:\/\/przedszkole150.edu.wroclaw.pl\/index.php\/wp-json\/wp\/v2\/pages\/5195","targetHints":{"allow":["GET"]}}],"collection":[{"href":"https:\/\/przedszkole150.edu.wroclaw.pl\/index.php\/wp-json\/wp\/v2\/pages"}],"about":[{"href":"https:\/\/przedszkole150.edu.wroclaw.pl\/index.php\/wp-json\/wp\/v2\/types\/page"}],"author":[{"embeddable":true,"href":"https:\/\/przedszkole150.edu.wroclaw.pl\/index.php\/wp-json\/wp\/v2\/users\/200"}],"replies":[{"embeddable":true,"href":"https:\/\/przedszkole150.edu.wroclaw.pl\/index.php\/wp-json\/wp\/v2\/comments?post=5195"}],"version-history":[{"count":1,"href":"https:\/\/przedszkole150.edu.wroclaw.pl\/index.php\/wp-json\/wp\/v2\/pages\/5195\/revisions"}],"predecessor-version":[{"id":5203,"href":"https:\/\/przedszkole150.edu.wroclaw.pl\/index.php\/wp-json\/wp\/v2\/pages\/5195\/revisions\/5203"}],"wp:attachment":[{"href":"https:\/\/przedszkole150.edu.wroclaw.pl\/index.php\/wp-json\/wp\/v2\/media?parent=5195"}],"curies":[{"name":"wp","href":"https:\/\/api.w.org\/{rel}","templated":true}]}}