
{"id":520,"date":"2021-07-05T15:24:44","date_gmt":"2021-07-05T13:24:44","guid":{"rendered":"https:\/\/przedszkole150.edu.wroclaw.pl\/?page_id=520"},"modified":"2026-05-04T09:42:40","modified_gmt":"2026-05-04T07:42:40","slug":"zamierzenia-wychowawczo-dydaktyczne-gr-v","status":"publish","type":"page","link":"https:\/\/przedszkole150.edu.wroclaw.pl\/index.php\/zamierzenia-wychowawczo-dydaktyczne-gr-v\/","title":{"rendered":"ZAMIERZENIA WYCHOWAWCZO &#8211; DYDAKTYCZNE GR. V"},"content":{"rendered":"<div class=\"wpb-content-wrapper\"><p>[vc_row][vc_column][vc_column_text css=&#8221;&#8221;]<\/p>\n<p style=\"text-align: center\"><span style=\"color: #3366ff;font-size: 24pt\">ZAMIERZENIA WYCHOWAWCZO-DYDAKTYCZNE W GRUPIE V<\/span><\/p>\n<p align=\"center\"><span style=\"color: #ff0000\"><b>MAJ<\/b><\/span><\/p>\n<p align=\"left\"><span style=\"color: #800080\"><span style=\"font-family: Times New Roman, serif\"><span style=\"font-size: medium\"><b>TYDZIE\u0143 I (04.05.2026-08.05.2026)<\/b><\/span><\/span><\/span><span style=\"font-family: Times New Roman, serif\"><span style=\"font-size: medium\"><b>&#8222;W przyja\u017ani z ksi\u0105\u017ck\u0105<\/b><\/span><\/span><span style=\"font-family: Times New Roman, serif\"><span style=\"font-size: medium\"><b><strong>&#8222;<\/strong><\/b><\/span><\/span><\/p>\n<p><u>Obszar fizyczny<\/u><\/p>\n<ul>\n<li>wspieranie wielokierunkowej aktywno\u015bci dziecka sprzyjaj\u0105cej jego rozwojowi<\/li>\n<li>rozwijanie sprawno\u015bci ruchowej poprzez gry i zabawy oraz \u0107wiczenia gimnastyczne<\/li>\n<\/ul>\n<p><u>Obszar emocjonalny<\/u><\/p>\n<ul>\n<li>rozwijanie umiej\u0119tno\u015bci nazywania uczu\u0107 towarzysz\u0105cych ogl\u0105daniu i czytaniu ksi\u0105\u017cek<\/li>\n<li>wdra\u017canie do wczuwania si\u0119 w emocje i uczucia bohater\u00f3w literackich<\/li>\n<li>rozwijanie motywacji do czytania, ogl\u0105dania i s\u0142uchania ksi\u0105\u017cek<\/li>\n<\/ul>\n<p><u>Obszar spo\u0142eczny<\/u><\/p>\n<ul>\n<li>budowanie \u015bwiadomo\u015bci, \u017ce obcowanie ze sztuk\u0105 \u2013 literatur\u0105 jest warto\u015bciowe<\/li>\n<li>wyrabianie gotowo\u015bci do wsp\u00f3\u0142dzia\u0142ania z innymi, radzenia sobie z odpowiedzialno\u015bci\u0105 za podj\u0119te dzia\u0142ania<\/li>\n<\/ul>\n<p><u>Obszar poznawczy<\/u><\/p>\n<ul>\n<li>rozwijanie zainteresowa\u0144 czytelniczych, poznawanie j\u0119zyka literackiego<\/li>\n<li>stwarzanie okazji do doskonalenia mowy, rozwijania pami\u0119ci, kszta\u0142towania postaw<\/li>\n<li>rozwijanie umiej\u0119tno\u015bci czytania sylab oraz prostych tekst\u00f3w z poznanych liter<\/li>\n<li>nabywanie sprawno\u015bci w rachowaniu i pos\u0142ugiwaniu si\u0119 zapisami matematycznymi<\/li>\n<\/ul>\n<p align=\"left\"><span style=\"color: #800080\"><span style=\"font-family: Times New Roman, serif\"><span style=\"font-size: medium\"><b>TYDZIE\u0143 II (11.05.2026-15.05.2026)<\/b><\/span><\/span><\/span><span style=\"font-family: Times New Roman, serif\"><span style=\"font-size: medium\"><b>&#8222;Zawody rodzic\u00f3w<\/b><\/span><\/span><span style=\"font-family: Times New Roman, serif\"><span style=\"font-size: medium\"><b><strong>&#8222;<\/strong><\/b><\/span><\/span><\/p>\n<ul>\n<li><u>Obszar fizyczny<\/u>\n<ul>\n<li>kszta\u0142towanie koordynacji wzrokowo-ruchowej<\/li>\n<li>doskonalenie zwinno\u015bci i umiej\u0119tno\u015bci swobodnego poruszania si\u0119 w terenie<\/li>\n<li>utrwalenie umiej\u0119tno\u015bci odwzorowywania wzor\u00f3w opartych na liniach<\/li>\n<\/ul>\n<p><u>Obszar emocjonalny<\/u><\/p>\n<ul>\n<li>wdra\u017canie do umiej\u0119tno\u015bci odczytywania tre\u015bci wyra\u017canych w spos\u00f3b niewerbalny<\/li>\n<li>budowanie zrozumienia dla emocji innych os\u00f3b<\/li>\n<\/ul>\n<p><u>Obszar spo\u0142eczny<\/u><\/p>\n<ul>\n<li>kszta\u0142cenie zdolno\u015bci do bycia wytrwa\u0142ym oraz d\u0105\u017cenia do celu<\/li>\n<li>dostrzeganie warto\u015bci, jak\u0105 nios\u0105 relacje z innymi lud\u017ami<\/li>\n<li>rozwijanie umiej\u0119tno\u015bci oceny swojego zachowania w kontek\u015bcie podj\u0119tych czynno\u015bci i zada\u0144 oraz przyj\u0119tych norm grupowych<\/li>\n<li>wdra\u017canie do umiej\u0119tno\u015bci zorganizowania sobie czasu przeznaczonego na swobodn\u0105 zabaw\u0119 zgodnie z zainteresowaniami<\/li>\n<li>zapoznanie z rolami spo\u0142ecznymi os\u00f3b r\u00f3\u017cnych zawod\u00f3w<\/li>\n<\/ul>\n<p><u>Obszar poznawczy<\/u><\/p>\n<ul>\n<li>wdra\u017canie do aktywnego poszukiwania odpowiedzi na pytania, wykazywania si\u0119 ciekawo\u015bci\u0105 i aktywno\u015bci\u0105 poznawcz\u0105<\/li>\n<li>kszta\u0142cenie umiej\u0119tno\u015bci wypowiadania si\u0119 na temat wybranego przez siebie zawodu<\/li>\n<li>doskonalenie umiej\u0119tno\u015bci dodawania i odejmowania w dogodnym dla siebie zakresie, w sytuacji u\u017cytkowej<\/li>\n<li>doskonalenie umiej\u0119tno\u015bci rozpoznawania modeli monet i banknot\u00f3w oraz pos\u0142ugiwania si\u0119 nimi w praktyce<\/li>\n<li>rozwijanie logicznego my\u015blenia i wnioskowania na podstawie zagadek s\u0142ownych<\/li>\n<li>rozwijanie zainteresowania czytaniem<\/li>\n<li>wdra\u017canie do czytania sylab z poznanych liter<\/li>\n<li>rozwijanie umiej\u0119tno\u015bci pozyskiwania informacji na podstawie czytania prostych tekst\u00f3w<\/li>\n<\/ul>\n<\/li>\n<\/ul>\n<p align=\"left\"><span style=\"color: #800080\"><span style=\"font-family: Times New Roman, serif\"><span style=\"font-size: medium\"><b>TYDZIE\u0143 III (18.05.2026-22.05.2026)<\/b><\/span><\/span><\/span><span style=\"font-family: Times New Roman, serif\"><span style=\"font-size: medium\"><b> &#8222;<\/b><\/span><\/span><span style=\"font-family: Times New Roman, serif\"><span style=\"font-size: medium\"><b><strong>Kocham Ci\u0119 Mamo&#8221;<\/strong><\/b><\/span><\/span><\/p>\n<p><u>Obszar fizyczny<\/u><\/p>\n<ul>\n<li>doskonalenie sprawno\u015bci p\u0142ynnego wykonywania \u0107wicze\u0144<\/li>\n<li>doskonalenie umiej\u0119tno\u015bci szybkiego reagowania na sygna\u0142y umowne<\/li>\n<li>wdra\u017canie do bezpiecznego korzystania z urz\u0105dze\u0144 i sprz\u0119t\u00f3w w czasie zabaw na powietrzu<\/li>\n<\/ul>\n<p><u>Obszar emocjonalny<\/u><\/p>\n<ul>\n<li>wdra\u017canie do zdolno\u015bci okazywania uczucia mi\u0142o\u015bci i szacunku w stosunku do bliskich<\/li>\n<li>kszta\u0142towanie postaw \u017cyczliwo\u015bci i troski wobec najbli\u017cszyc<\/li>\n<li>zacie\u015bnianie wi\u0119zi dzieci ze \u015brodowiskiem rodzinnym i spo\u0142ecznym<\/li>\n<li>kszta\u0142towanie umiej\u0119tno\u015bci rozr\u00f3\u017cniania uczu\u0107 i nastroj\u00f3w oraz \u0142\u0105czenia ich z okre\u015blonymi sytuacjami<u>Obszar spo\u0142eczny<\/u>\n<ul>\n<li>kszta\u0142cenie umiej\u0119tno\u015bci starannego wype\u0142niania powierzonych zada\u0144<\/li>\n<li>motywowanie do aktywnego udzia\u0142u w przygotowaniach i przebiegu imprez organizowanych w przedszkolu<\/li>\n<li>wdra\u017canie do aktywnego podejmowania dzia\u0142a\u0144 na rzecz innych<\/li>\n<\/ul>\n<p><u>Obszar poznawczy<\/u><\/p>\n<ul>\n<li>wdra\u017canie do uwa\u017cnego s\u0142uchania utwor\u00f3w literackich, obejmuj\u0105cych cykl kilku opowiada\u0144<\/li>\n<li>rozwijanie my\u015blenia przyczynowo-skutkowego<\/li>\n<li>kszta\u0142towanie umiej\u0119tno\u015bci prowadzenia rozmowy na temat planowania zabaw, zaj\u0119\u0107, pracy i rozwi\u0105zywania sytuacji problemowych, kt\u00f3re wyst\u0119puj\u0105 w czasie ich realizacji<\/li>\n<li>doskonalenie umiej\u0119tno\u015bci odczytywania instrukcji opartych na znakach graficznych i prostych wyrazach<\/li>\n<li>doskonalenie umiej\u0119tno\u015bci przyporz\u0105dkowywania ka\u017cdej g\u0142osce odpowiadaj\u0105cej jej litery<\/li>\n<li>doskonalenie umiej\u0119tno\u015bci sprawnego pos\u0142ugiwania si\u0119 poj\u0119ciami odnosz\u0105cymi si\u0119 do orientacji przestrzennej, kierunkowej i cech wielko\u015bciowych<\/li>\n<\/ul>\n<\/li>\n<\/ul>\n<p><span style=\"color: #000000\"><span style=\"font-family: Lato-Regular, serif\"><span style=\"font-size: small\"><span style=\"color: #800080\"><span style=\"font-family: Times New Roman, serif\"><span style=\"font-size: medium\"><b>TYDZIE\u0143 IV (25.05.2026-29.05.2026) <\/b><\/span><\/span><\/span><\/span><\/span><\/span><span style=\"font-family: Lato-Regular, serif\"><span style=\"font-size: small\"><span style=\"font-family: Times New Roman, serif\"><span style=\"font-size: medium\"><b>&#8222;Moja Rodzina<\/b><\/span><\/span><\/span><\/span><span style=\"font-family: Lato-Regular, serif\"><span style=\"font-size: small\"><em><span style=\"font-family: Times New Roman, serif\"><span style=\"font-size: medium\"><b>&#8222;<\/b><\/span><\/span><\/em><\/span><\/span><\/p>\n<p><u>Obszar fizyczny<\/u><\/p>\n<ul>\n<li>kszta\u0142cenie umiej\u0119tno\u015bci tworzenia konstrukcji wed\u0142ug w\u0142asnych pomys\u0142\u00f3w i wed\u0142ug podanych wzor\u00f3w<\/li>\n<li>doskonalenie umiej\u0119tno\u015bci odwzorowywania obserwowanych przedmiot\u00f3w, postaci, figur, znak\u00f3w<\/li>\n<li>wdra\u017canie do starannego odtwarzania kszta\u0142t\u00f3w i wzor\u00f3w w wyznaczonych liniach<\/li>\n<\/ul>\n<p><u>Obszar emocjonalny<\/u><\/p>\n<ul>\n<li>doskonalenie umiej\u0119tno\u015bci dzielenia si\u0119 w\u0142asnymi uczuciami, wewn\u0119trznymi prze\u017cyciami, k\u0142opotami, rado\u015bciami<\/li>\n<li>wdra\u017canie do zdolno\u015bci odczytywania emocji drugiego cz\u0142owieka, odwo\u0142uj\u0105c si\u0119 do w\u0142asnych do\u015bwiadcze\u0144<\/li>\n<li>kszta\u0142towanie empatii<\/li>\n<\/ul>\n<p><u>Obszar spo\u0142eczny<\/u><\/p>\n<ul>\n<li>wzmacnianie warto\u015bci i norm spo\u0142ecznych, kt\u00f3rych \u017ar\u00f3d\u0142em jest rodzina<\/li>\n<li>u\u015bwiadomienie sobie przez dzieci w\u0142asnej indywidualno\u015bci przy jednoczesnym poszanowaniu odr\u0119bno\u015bci innych<\/li>\n<li>kszta\u0142cenie okre\u015blonego zachowania spo\u0142ecznego \u2013 koncentracja, wsp\u00f3\u0142dzia\u0142anie w grupie<\/li>\n<\/ul>\n<p><u>Obszar poznawczy<\/u><\/p>\n<ul>\n<li>doskonalenie mimiki, ekspresji, operowania cia\u0142em<\/li>\n<li>wzbogacanie s\u0142ownictwa o poj\u0119cia dotycz\u0105ce najbli\u017cszej spo\u0142eczno\u015bci i rodziny<\/li>\n<li>rozwijanie fantazji, pobudzanie do aktywno\u015bci, odkrywania rzeczy nowych<\/li>\n<li>wdra\u017canie do spontanicznej ekspresji aktorskiej dziecka<\/li>\n<li>kszta\u0142cenie umiej\u0119tno\u015bci wykorzystania czytania w sytuacjach zadaniowych<\/li>\n<li>kszta\u0142towanie bieg\u0142o\u015bci w wykorzystywaniu umiej\u0119tno\u015bci matematycznych w sytuacjach typowych i nietypowych<\/li>\n<\/ul>\n<\/div>","protected":false},"excerpt":{"rendered":"<p>[vc_row][vc_column][vc_column_text css=&#8221;&#8221;] ZAMIERZENIA WYCHOWAWCZO-DYDAKTYCZNE W GRUPIE V MAJ TYDZIE\u0143 I (04.05.2026-08.05.2026)&#8222;W przyja\u017ani z ksi\u0105\u017ck\u0105&#8222; Obszar fizyczny wspieranie wielokierunkowej aktywno\u015bci dziecka sprzyjaj\u0105cej jego rozwojowi rozwijanie sprawno\u015bci ruchowej poprzez gry i zabawy [&hellip;]<\/p>\n","protected":false},"author":211,"featured_media":0,"parent":0,"menu_order":0,"comment_status":"closed","ping_status":"closed","template":"","meta":{"ngg_post_thumbnail":0,"footnotes":""},"class_list":["post-520","page","type-page","status-publish","hentry","clearfix"],"_links":{"self":[{"href":"https:\/\/przedszkole150.edu.wroclaw.pl\/index.php\/wp-json\/wp\/v2\/pages\/520","targetHints":{"allow":["GET"]}}],"collection":[{"href":"https:\/\/przedszkole150.edu.wroclaw.pl\/index.php\/wp-json\/wp\/v2\/pages"}],"about":[{"href":"https:\/\/przedszkole150.edu.wroclaw.pl\/index.php\/wp-json\/wp\/v2\/types\/page"}],"author":[{"embeddable":true,"href":"https:\/\/przedszkole150.edu.wroclaw.pl\/index.php\/wp-json\/wp\/v2\/users\/211"}],"replies":[{"embeddable":true,"href":"https:\/\/przedszkole150.edu.wroclaw.pl\/index.php\/wp-json\/wp\/v2\/comments?post=520"}],"version-history":[{"count":65,"href":"https:\/\/przedszkole150.edu.wroclaw.pl\/index.php\/wp-json\/wp\/v2\/pages\/520\/revisions"}],"predecessor-version":[{"id":9130,"href":"https:\/\/przedszkole150.edu.wroclaw.pl\/index.php\/wp-json\/wp\/v2\/pages\/520\/revisions\/9130"}],"wp:attachment":[{"href":"https:\/\/przedszkole150.edu.wroclaw.pl\/index.php\/wp-json\/wp\/v2\/media?parent=520"}],"curies":[{"name":"wp","href":"https:\/\/api.w.org\/{rel}","templated":true}]}}