
{"id":5205,"date":"2023-11-28T20:05:32","date_gmt":"2023-11-28T19:05:32","guid":{"rendered":"https:\/\/przedszkole150.edu.wroclaw.pl\/?page_id=5205"},"modified":"2023-12-01T11:08:06","modified_gmt":"2023-12-01T10:08:06","slug":"swiatoey-dzien-pluszowgo-misia","status":"publish","type":"page","link":"https:\/\/przedszkole150.edu.wroclaw.pl\/index.php\/swiatoey-dzien-pluszowgo-misia\/","title":{"rendered":"\u015awiatowy Dzie\u0144 Pluszowgo Misia"},"content":{"rendered":"<div class=\"wpb-content-wrapper\"><p>[vc_row][vc_column][vc_column_text]<span style=\"font-family: times new roman, times;font-size: 14pt\">Dnia 24.11.2023 roku w naszym przedszkolu by\u0142 realizowany projekt dzia\u0142a\u0144 edukacyjnych pt. \u201eDzie\u0144 Misia\u201d.<\/span><\/p>\n<p><span style=\"font-family: times new roman, times;font-size: 14pt\">Dzie\u0144 Misia by\u0142 obchodzony by\u0142 bardzo uroczy\u015bcie. Na nasze przedszkolaki czeka\u0142o wiele atrakcji:<\/span><\/p>\n<ul>\n<li><span style=\"font-family: times new roman, times;font-size: 14pt\">spotkanie z naszymi przedszkolnymi przyjaci\u00f3\u0142mi Misiami;<\/span><\/li>\n<li><span style=\"font-family: times new roman, times;font-size: 14pt\">w ka\u017cdej grupie przeprowadzone zosta\u0142y zaj\u0119cia o misiowej tematyce;<\/span><\/li>\n<li><span style=\"font-family: times new roman, times;font-size: 14pt\">podczas posi\u0142k\u00f3w serwowane by\u0142y misiowe przysmaki.<\/span><\/li>\n<\/ul>\n<p><span style=\"font-family: times new roman, times;font-size: 14pt\">Najwi\u0119ksz\u0105 niespodziank\u0105 i wspania\u0142\u0105 frajd\u0105 okaza\u0142 si\u0119 &#8222;Szpital dla chorego Misia&#8221;. W godzinach popo\u0142udniowych w holu przedszkola ka\u017cde dziecko mia\u0142o okazj\u0119 zbada\u0107 swojego misia. Ka\u017cdy pacjent otrzyma\u0142 odpowiedni\u0105 recept\u0119, a nasi mali przedszkolacy ma\u0142\u0105 s\u0142odk\u0105 niespodziank\u0119.<\/span><\/p>\n<p><span style=\"font-family: times new roman, times;font-size: 14pt\">By\u0142 to dzie\u0144 pe\u0142en wra\u017ce\u0144.<\/span>[\/vc_column_text][vc_gallery type=&#8221;image_grid&#8221; images=&#8221;5206,5207,5208,5209,5210,5211,5212,5213,5214,5215,5216,5217,5218&#8243;][\/vc_column][\/vc_row]<\/p>\n<\/div>","protected":false},"excerpt":{"rendered":"<p>[vc_row][vc_column][vc_column_text]Dnia 24.11.2023 roku w naszym przedszkolu by\u0142 realizowany projekt dzia\u0142a\u0144 edukacyjnych pt. \u201eDzie\u0144 Misia\u201d. Dzie\u0144 Misia by\u0142 obchodzony by\u0142 bardzo uroczy\u015bcie. Na nasze przedszkolaki czeka\u0142o wiele atrakcji: spotkanie z naszymi [&hellip;]<\/p>\n","protected":false},"author":264,"featured_media":0,"parent":0,"menu_order":0,"comment_status":"closed","ping_status":"closed","template":"","meta":{"ngg_post_thumbnail":0,"footnotes":""},"class_list":["post-5205","page","type-page","status-publish","hentry","clearfix"],"_links":{"self":[{"href":"https:\/\/przedszkole150.edu.wroclaw.pl\/index.php\/wp-json\/wp\/v2\/pages\/5205","targetHints":{"allow":["GET"]}}],"collection":[{"href":"https:\/\/przedszkole150.edu.wroclaw.pl\/index.php\/wp-json\/wp\/v2\/pages"}],"about":[{"href":"https:\/\/przedszkole150.edu.wroclaw.pl\/index.php\/wp-json\/wp\/v2\/types\/page"}],"author":[{"embeddable":true,"href":"https:\/\/przedszkole150.edu.wroclaw.pl\/index.php\/wp-json\/wp\/v2\/users\/264"}],"replies":[{"embeddable":true,"href":"https:\/\/przedszkole150.edu.wroclaw.pl\/index.php\/wp-json\/wp\/v2\/comments?post=5205"}],"version-history":[{"count":4,"href":"https:\/\/przedszkole150.edu.wroclaw.pl\/index.php\/wp-json\/wp\/v2\/pages\/5205\/revisions"}],"predecessor-version":[{"id":5236,"href":"https:\/\/przedszkole150.edu.wroclaw.pl\/index.php\/wp-json\/wp\/v2\/pages\/5205\/revisions\/5236"}],"wp:attachment":[{"href":"https:\/\/przedszkole150.edu.wroclaw.pl\/index.php\/wp-json\/wp\/v2\/media?parent=5205"}],"curies":[{"name":"wp","href":"https:\/\/api.w.org\/{rel}","templated":true}]}}