
{"id":5227,"date":"2023-12-01T09:24:44","date_gmt":"2023-12-01T08:24:44","guid":{"rendered":"https:\/\/przedszkole150.edu.wroclaw.pl\/?page_id=5227"},"modified":"2023-12-01T09:24:44","modified_gmt":"2023-12-01T08:24:44","slug":"spotkanie-z-przewodnikiem","status":"publish","type":"page","link":"https:\/\/przedszkole150.edu.wroclaw.pl\/index.php\/spotkanie-z-przewodnikiem\/","title":{"rendered":"Spotkanie z przewodnikiem."},"content":{"rendered":"<div class=\"wpb-content-wrapper\"><p>[vc_row][vc_column][vc_column_text]<span style=\"font-family: times new roman, times;font-size: 14pt\">W minionym tygodniu grup\u0119 5 odwiedzi\u0142 Pan Marcin- przewodnik wroc\u0142awski. Pokaza\u0142 nam wa\u017cne miejsca w naszym mie\u015bcie i opowiedzia\u0142 ciekawostki z nim zwi\u0105zane. A na koniec spotkania zrobili\u015bmy sobie pi\u0119kne przypinki.<\/span>[\/vc_column_text][vc_gallery type=&#8221;image_grid&#8221; images=&#8221;5228,5229,5230&#8243;][\/vc_column][\/vc_row]<\/p>\n<\/div>","protected":false},"excerpt":{"rendered":"<p>[vc_row][vc_column][vc_column_text]W minionym tygodniu grup\u0119 5 odwiedzi\u0142 Pan Marcin- przewodnik wroc\u0142awski. Pokaza\u0142 nam wa\u017cne miejsca w naszym mie\u015bcie i opowiedzia\u0142 ciekawostki z nim zwi\u0105zane. A na koniec spotkania zrobili\u015bmy sobie pi\u0119kne [&hellip;]<\/p>\n","protected":false},"author":200,"featured_media":0,"parent":0,"menu_order":0,"comment_status":"closed","ping_status":"closed","template":"","meta":{"ngg_post_thumbnail":0,"footnotes":""},"class_list":["post-5227","page","type-page","status-publish","hentry","clearfix"],"_links":{"self":[{"href":"https:\/\/przedszkole150.edu.wroclaw.pl\/index.php\/wp-json\/wp\/v2\/pages\/5227","targetHints":{"allow":["GET"]}}],"collection":[{"href":"https:\/\/przedszkole150.edu.wroclaw.pl\/index.php\/wp-json\/wp\/v2\/pages"}],"about":[{"href":"https:\/\/przedszkole150.edu.wroclaw.pl\/index.php\/wp-json\/wp\/v2\/types\/page"}],"author":[{"embeddable":true,"href":"https:\/\/przedszkole150.edu.wroclaw.pl\/index.php\/wp-json\/wp\/v2\/users\/200"}],"replies":[{"embeddable":true,"href":"https:\/\/przedszkole150.edu.wroclaw.pl\/index.php\/wp-json\/wp\/v2\/comments?post=5227"}],"version-history":[{"count":1,"href":"https:\/\/przedszkole150.edu.wroclaw.pl\/index.php\/wp-json\/wp\/v2\/pages\/5227\/revisions"}],"predecessor-version":[{"id":5231,"href":"https:\/\/przedszkole150.edu.wroclaw.pl\/index.php\/wp-json\/wp\/v2\/pages\/5227\/revisions\/5231"}],"wp:attachment":[{"href":"https:\/\/przedszkole150.edu.wroclaw.pl\/index.php\/wp-json\/wp\/v2\/media?parent=5227"}],"curies":[{"name":"wp","href":"https:\/\/api.w.org\/{rel}","templated":true}]}}