
{"id":5237,"date":"2023-12-01T11:22:58","date_gmt":"2023-12-01T10:22:58","guid":{"rendered":"https:\/\/przedszkole150.edu.wroclaw.pl\/?page_id=5237"},"modified":"2023-12-01T11:23:53","modified_gmt":"2023-12-01T10:23:53","slug":"pasowanie-na-przedszkolaka-w-gr-i","status":"publish","type":"page","link":"https:\/\/przedszkole150.edu.wroclaw.pl\/index.php\/pasowanie-na-przedszkolaka-w-gr-i\/","title":{"rendered":"PASOWANIE NA PRZEDSZKOLAKA W GR. I"},"content":{"rendered":"<div class=\"wpb-content-wrapper\"><p>[vc_row][vc_column][vc_column_text]<span style=\"font-family: times new roman, times;font-size: 14pt\"><strong>\u201ePasowanie na Przedszkolaka\u201d<\/strong> to wyj\u0105tkowa uroczysto\u015b\u0107, kt\u00f3ra w gr. I odby\u0142a si\u0119 30.11.2023r.<\/span><\/p>\n<p><span style=\"font-family: times new roman, times;font-size: 14pt\">Mali arty\u015bci zaprezentowali przygotowane wiersze, piosenki oraz ta\u0144ce.<\/span><\/p>\n<p><span style=\"font-family: times new roman, times;font-size: 14pt\">Dla dzieci by\u0142 to pierwszy, bardzo wa\u017cny wyst\u0119p artystyczny. Po zako\u0144czeniu prezentacji dzieci nast\u0105pi\u0142o uroczyste pasowanie dzieci na przedszkolak\u00f3w przez Pani\u0105 Dyrektor. Ka\u017cde dziecko otrzyma\u0142o dyplom, medal, pami\u0105tkow\u0105 ksi\u0105\u017ck\u0119 oraz s\u0142odkie co nieco.<\/span><\/p>\n<p><span style=\"font-family: times new roman, times;font-size: 14pt\">By\u0142o to wielkie prze\u017cycie dla dzieci, a dla Rodzic\u00f3w pow\u00f3d do wielkiej dumy i zadowolenia ze swoich pociech.<\/span>[\/vc_column_text][vc_gallery type=&#8221;image_grid&#8221; images=&#8221;5241,5238,5240,5239&#8243;][\/vc_column][\/vc_row]<\/p>\n<\/div>","protected":false},"excerpt":{"rendered":"<p>[vc_row][vc_column][vc_column_text]\u201ePasowanie na Przedszkolaka\u201d to wyj\u0105tkowa uroczysto\u015b\u0107, kt\u00f3ra w gr. I odby\u0142a si\u0119 30.11.2023r. Mali arty\u015bci zaprezentowali przygotowane wiersze, piosenki oraz ta\u0144ce. Dla dzieci by\u0142 to pierwszy, bardzo wa\u017cny wyst\u0119p artystyczny. [&hellip;]<\/p>\n","protected":false},"author":211,"featured_media":0,"parent":0,"menu_order":0,"comment_status":"closed","ping_status":"closed","template":"","meta":{"ngg_post_thumbnail":0,"footnotes":""},"class_list":["post-5237","page","type-page","status-publish","hentry","clearfix"],"_links":{"self":[{"href":"https:\/\/przedszkole150.edu.wroclaw.pl\/index.php\/wp-json\/wp\/v2\/pages\/5237","targetHints":{"allow":["GET"]}}],"collection":[{"href":"https:\/\/przedszkole150.edu.wroclaw.pl\/index.php\/wp-json\/wp\/v2\/pages"}],"about":[{"href":"https:\/\/przedszkole150.edu.wroclaw.pl\/index.php\/wp-json\/wp\/v2\/types\/page"}],"author":[{"embeddable":true,"href":"https:\/\/przedszkole150.edu.wroclaw.pl\/index.php\/wp-json\/wp\/v2\/users\/211"}],"replies":[{"embeddable":true,"href":"https:\/\/przedszkole150.edu.wroclaw.pl\/index.php\/wp-json\/wp\/v2\/comments?post=5237"}],"version-history":[{"count":2,"href":"https:\/\/przedszkole150.edu.wroclaw.pl\/index.php\/wp-json\/wp\/v2\/pages\/5237\/revisions"}],"predecessor-version":[{"id":5244,"href":"https:\/\/przedszkole150.edu.wroclaw.pl\/index.php\/wp-json\/wp\/v2\/pages\/5237\/revisions\/5244"}],"wp:attachment":[{"href":"https:\/\/przedszkole150.edu.wroclaw.pl\/index.php\/wp-json\/wp\/v2\/media?parent=5237"}],"curies":[{"name":"wp","href":"https:\/\/api.w.org\/{rel}","templated":true}]}}