
{"id":5252,"date":"2023-12-01T12:35:17","date_gmt":"2023-12-01T11:35:17","guid":{"rendered":"https:\/\/przedszkole150.edu.wroclaw.pl\/?page_id=5252"},"modified":"2023-12-01T12:35:17","modified_gmt":"2023-12-01T11:35:17","slug":"warsztaty-z-uczniami-z-lo-nr6","status":"publish","type":"page","link":"https:\/\/przedszkole150.edu.wroclaw.pl\/index.php\/warsztaty-z-uczniami-z-lo-nr6\/","title":{"rendered":"Warsztaty z uczniami z LO nr6"},"content":{"rendered":"<div class=\"wpb-content-wrapper\"><p>[vc_row][vc_column][vc_column_text]<\/p>\n<div><span style=\"font-family: times new roman, times;font-size: 14pt\">23 i 27 listopada odwiedzili nas uczniowie z zaprzyja\u017anionego z nami 6 LO przy ulicy Hutniczej.\u00a0<\/span><\/div>\n<div><span style=\"font-family: times new roman, times;font-size: 14pt\">Poprowadzili warsztaty o stereotypach w grupach\u00a0<\/span><span style=\"font-family: times new roman, times;font-size: 14pt\">5, 6, 9 i 10. Bardzo nam si\u0119 podoba\u0142y, wi\u0119c odwdzi\u0119czyli\u015bmy si\u0119 kartkami z podzi\u0119kowaniami.<\/span><\/div>\n<p>[\/vc_column_text][vc_gallery type=&#8221;image_grid&#8221; images=&#8221;5253,5254,5255&#8243;][\/vc_column][\/vc_row]<\/p>\n<\/div>","protected":false},"excerpt":{"rendered":"<p>[vc_row][vc_column][vc_column_text] 23 i 27 listopada odwiedzili nas uczniowie z zaprzyja\u017anionego z nami 6 LO przy ulicy Hutniczej.\u00a0 Poprowadzili warsztaty o stereotypach w grupach\u00a05, 6, 9 i 10. Bardzo nam si\u0119 [&hellip;]<\/p>\n","protected":false},"author":200,"featured_media":0,"parent":0,"menu_order":0,"comment_status":"closed","ping_status":"closed","template":"","meta":{"ngg_post_thumbnail":0,"footnotes":""},"class_list":["post-5252","page","type-page","status-publish","hentry","clearfix"],"_links":{"self":[{"href":"https:\/\/przedszkole150.edu.wroclaw.pl\/index.php\/wp-json\/wp\/v2\/pages\/5252","targetHints":{"allow":["GET"]}}],"collection":[{"href":"https:\/\/przedszkole150.edu.wroclaw.pl\/index.php\/wp-json\/wp\/v2\/pages"}],"about":[{"href":"https:\/\/przedszkole150.edu.wroclaw.pl\/index.php\/wp-json\/wp\/v2\/types\/page"}],"author":[{"embeddable":true,"href":"https:\/\/przedszkole150.edu.wroclaw.pl\/index.php\/wp-json\/wp\/v2\/users\/200"}],"replies":[{"embeddable":true,"href":"https:\/\/przedszkole150.edu.wroclaw.pl\/index.php\/wp-json\/wp\/v2\/comments?post=5252"}],"version-history":[{"count":1,"href":"https:\/\/przedszkole150.edu.wroclaw.pl\/index.php\/wp-json\/wp\/v2\/pages\/5252\/revisions"}],"predecessor-version":[{"id":5256,"href":"https:\/\/przedszkole150.edu.wroclaw.pl\/index.php\/wp-json\/wp\/v2\/pages\/5252\/revisions\/5256"}],"wp:attachment":[{"href":"https:\/\/przedszkole150.edu.wroclaw.pl\/index.php\/wp-json\/wp\/v2\/media?parent=5252"}],"curies":[{"name":"wp","href":"https:\/\/api.w.org\/{rel}","templated":true}]}}