
{"id":5309,"date":"2023-12-15T11:50:09","date_gmt":"2023-12-15T10:50:09","guid":{"rendered":"https:\/\/przedszkole150.edu.wroclaw.pl\/?page_id=5309"},"modified":"2023-12-15T11:50:09","modified_gmt":"2023-12-15T10:50:09","slug":"warsztaty-mydelko","status":"publish","type":"page","link":"https:\/\/przedszkole150.edu.wroclaw.pl\/index.php\/warsztaty-mydelko\/","title":{"rendered":"Warsztaty myde\u0142ko"},"content":{"rendered":"<div class=\"wpb-content-wrapper\"><p>[vc_row][vc_column][vc_column_text]<span style=\"font-family: times new roman, times;font-size: 14pt\">W dniu <strong>13.12.2023 r.<\/strong> w <strong>grupie 5<\/strong> odby\u0142y si\u0119 warsztaty myde\u0142kowe, kt\u00f3rych celem by\u0142o do\u015bwiadczanie wielozmys\u0142owe dzieci. Powsta\u0142y pi\u0119kne &#8211; barwne myde\u0142ka z ornamentem przyrodniczym. Przygotowane myde\u0142ka b\u0119d\u0105 mi\u0142ym akcentem &#8211; prezentem dla Babci i Dziadka w Dniu ich \u015awi\u0119ta.<\/span>[\/vc_column_text][vc_gallery type=&#8221;image_grid&#8221; images=&#8221;5310,5311,5312,5313,5314,5315&#8243;][\/vc_column][\/vc_row]<\/p>\n<\/div>","protected":false},"excerpt":{"rendered":"<p>[vc_row][vc_column][vc_column_text]W dniu 13.12.2023 r. w grupie 5 odby\u0142y si\u0119 warsztaty myde\u0142kowe, kt\u00f3rych celem by\u0142o do\u015bwiadczanie wielozmys\u0142owe dzieci. Powsta\u0142y pi\u0119kne &#8211; barwne myde\u0142ka z ornamentem przyrodniczym. Przygotowane myde\u0142ka b\u0119d\u0105 mi\u0142ym akcentem [&hellip;]<\/p>\n","protected":false},"author":200,"featured_media":0,"parent":0,"menu_order":0,"comment_status":"closed","ping_status":"closed","template":"","meta":{"ngg_post_thumbnail":0,"footnotes":""},"class_list":["post-5309","page","type-page","status-publish","hentry","clearfix"],"_links":{"self":[{"href":"https:\/\/przedszkole150.edu.wroclaw.pl\/index.php\/wp-json\/wp\/v2\/pages\/5309","targetHints":{"allow":["GET"]}}],"collection":[{"href":"https:\/\/przedszkole150.edu.wroclaw.pl\/index.php\/wp-json\/wp\/v2\/pages"}],"about":[{"href":"https:\/\/przedszkole150.edu.wroclaw.pl\/index.php\/wp-json\/wp\/v2\/types\/page"}],"author":[{"embeddable":true,"href":"https:\/\/przedszkole150.edu.wroclaw.pl\/index.php\/wp-json\/wp\/v2\/users\/200"}],"replies":[{"embeddable":true,"href":"https:\/\/przedszkole150.edu.wroclaw.pl\/index.php\/wp-json\/wp\/v2\/comments?post=5309"}],"version-history":[{"count":1,"href":"https:\/\/przedszkole150.edu.wroclaw.pl\/index.php\/wp-json\/wp\/v2\/pages\/5309\/revisions"}],"predecessor-version":[{"id":5316,"href":"https:\/\/przedszkole150.edu.wroclaw.pl\/index.php\/wp-json\/wp\/v2\/pages\/5309\/revisions\/5316"}],"wp:attachment":[{"href":"https:\/\/przedszkole150.edu.wroclaw.pl\/index.php\/wp-json\/wp\/v2\/media?parent=5309"}],"curies":[{"name":"wp","href":"https:\/\/api.w.org\/{rel}","templated":true}]}}