
{"id":5318,"date":"2023-12-15T12:40:22","date_gmt":"2023-12-15T11:40:22","guid":{"rendered":"https:\/\/przedszkole150.edu.wroclaw.pl\/?page_id=5318"},"modified":"2023-12-15T12:40:22","modified_gmt":"2023-12-15T11:40:22","slug":"gosc-z-laponii","status":"publish","type":"page","link":"https:\/\/przedszkole150.edu.wroclaw.pl\/index.php\/gosc-z-laponii\/","title":{"rendered":"Go\u015b\u0107 z Laponii"},"content":{"rendered":"<div class=\"wpb-content-wrapper\"><p>[vc_row][vc_column][vc_gallery type=&#8221;image_grid&#8221; images=&#8221;5319,5320,5321,5322,5323,5324&#8243;][vc_column_text]<span style=\"font-family: times new roman, times;font-size: 14pt\">Dn. 08.12.2023r. nasze przedszkole odwiedzi\u0142 go\u015b\u0107 z dalekiej Laponii &#8211; \u015bw. Miko\u0142aj. <\/span><\/p>\n<p><span style=\"font-family: times new roman, times;font-size: 14pt\">Jednocze\u015bnie w ramach projektu &#8222;Poznajemy kraje Europy&#8221; dzieci zako\u0144czy\u0142y podr\u00f3\u017c do Finlandii. <\/span>[\/vc_column_text][\/vc_column][\/vc_row]<\/p>\n<\/div>","protected":false},"excerpt":{"rendered":"<p>[vc_row][vc_column][vc_gallery type=&#8221;image_grid&#8221; images=&#8221;5319,5320,5321,5322,5323,5324&#8243;][vc_column_text]Dn. 08.12.2023r. nasze przedszkole odwiedzi\u0142 go\u015b\u0107 z dalekiej Laponii &#8211; \u015bw. Miko\u0142aj. Jednocze\u015bnie w ramach projektu &#8222;Poznajemy kraje Europy&#8221; dzieci zako\u0144czy\u0142y podr\u00f3\u017c do Finlandii. [\/vc_column_text][\/vc_column][\/vc_row]<\/p>\n","protected":false},"author":200,"featured_media":0,"parent":0,"menu_order":0,"comment_status":"closed","ping_status":"closed","template":"","meta":{"ngg_post_thumbnail":0,"footnotes":""},"class_list":["post-5318","page","type-page","status-publish","hentry","clearfix"],"_links":{"self":[{"href":"https:\/\/przedszkole150.edu.wroclaw.pl\/index.php\/wp-json\/wp\/v2\/pages\/5318","targetHints":{"allow":["GET"]}}],"collection":[{"href":"https:\/\/przedszkole150.edu.wroclaw.pl\/index.php\/wp-json\/wp\/v2\/pages"}],"about":[{"href":"https:\/\/przedszkole150.edu.wroclaw.pl\/index.php\/wp-json\/wp\/v2\/types\/page"}],"author":[{"embeddable":true,"href":"https:\/\/przedszkole150.edu.wroclaw.pl\/index.php\/wp-json\/wp\/v2\/users\/200"}],"replies":[{"embeddable":true,"href":"https:\/\/przedszkole150.edu.wroclaw.pl\/index.php\/wp-json\/wp\/v2\/comments?post=5318"}],"version-history":[{"count":1,"href":"https:\/\/przedszkole150.edu.wroclaw.pl\/index.php\/wp-json\/wp\/v2\/pages\/5318\/revisions"}],"predecessor-version":[{"id":5325,"href":"https:\/\/przedszkole150.edu.wroclaw.pl\/index.php\/wp-json\/wp\/v2\/pages\/5318\/revisions\/5325"}],"wp:attachment":[{"href":"https:\/\/przedszkole150.edu.wroclaw.pl\/index.php\/wp-json\/wp\/v2\/media?parent=5318"}],"curies":[{"name":"wp","href":"https:\/\/api.w.org\/{rel}","templated":true}]}}