
{"id":5328,"date":"2023-12-18T12:55:46","date_gmt":"2023-12-18T11:55:46","guid":{"rendered":"https:\/\/przedszkole150.edu.wroclaw.pl\/?page_id=5328"},"modified":"2023-12-18T12:55:46","modified_gmt":"2023-12-18T11:55:46","slug":"wycieczka-do-szkoly-elfow-w-chwalimierzu","status":"publish","type":"page","link":"https:\/\/przedszkole150.edu.wroclaw.pl\/index.php\/wycieczka-do-szkoly-elfow-w-chwalimierzu\/","title":{"rendered":"Wycieczka do Szko\u0142y Elf\u00f3w w Chwalimierzu"},"content":{"rendered":"<div class=\"wpb-content-wrapper\"><p>[vc_row][vc_column][vc_column_text]<span style=\"font-family: times new roman, times;font-size: 14pt\">Dn. <span style=\"color: #008000\">12.12.2023r<\/span>. dzieci z grupy VII i VIII wybra\u0142y si\u0119 na wycieczk\u0119 do Chwalimierza na warsztaty \u015bwi\u0105teczne w <strong>Szkole Elf\u00f3w<\/strong>. Wycieczka wzbudzi\u0142a pozytywnych\u00a0 wiele emocji. Elfy bardzo ch\u0119tnie podzieli\u0142y si\u0119 swoj\u0105 wiedz\u0105, a nawet zdradzi\u0142y kilka s\u0142odkich sekret\u00f3w. Ka\u017cdy absolwent Elfiej Szko\u0142y otrzyma\u0142 dyplom pomocnika \u015bw. Miko\u0142aja. Elf Brokacik stworzy\u0142 razem z dzie\u0107mi najpi\u0119kniejsze \u015bwi\u0105teczne dekoracje. Pani Miko\u0142ajowa pokaza\u0142a jak upiec pierniki, by na ca\u0142ym \u015bwiecie zapachnia\u0142o \u015bwi\u0119tami. Receptury nikomu nie zdradza, ale najs\u0142odsz\u0105 i najprzyjemniejsz\u0105 prac\u0119 \u2013 zdobienie pierniczk\u00f3w \u2013 zostawi\u0142a dzieciom. Oczywi\u015bcie nie zabrak\u0142o r\u00f3wnie\u017c spotkania z samym \u015awi\u0119tym Miko\u0142ajem. <\/span>[\/vc_column_text][vc_gallery type=&#8221;image_grid&#8221; images=&#8221;5329,5330,5331,5332,5333&#8243;][\/vc_column][\/vc_row]<\/p>\n<\/div>","protected":false},"excerpt":{"rendered":"<p>[vc_row][vc_column][vc_column_text]Dn. 12.12.2023r. dzieci z grupy VII i VIII wybra\u0142y si\u0119 na wycieczk\u0119 do Chwalimierza na warsztaty \u015bwi\u0105teczne w Szkole Elf\u00f3w. Wycieczka wzbudzi\u0142a pozytywnych\u00a0 wiele emocji. Elfy bardzo ch\u0119tnie podzieli\u0142y si\u0119 [&hellip;]<\/p>\n","protected":false},"author":200,"featured_media":0,"parent":0,"menu_order":0,"comment_status":"closed","ping_status":"closed","template":"","meta":{"ngg_post_thumbnail":0,"footnotes":""},"class_list":["post-5328","page","type-page","status-publish","hentry","clearfix"],"_links":{"self":[{"href":"https:\/\/przedszkole150.edu.wroclaw.pl\/index.php\/wp-json\/wp\/v2\/pages\/5328","targetHints":{"allow":["GET"]}}],"collection":[{"href":"https:\/\/przedszkole150.edu.wroclaw.pl\/index.php\/wp-json\/wp\/v2\/pages"}],"about":[{"href":"https:\/\/przedszkole150.edu.wroclaw.pl\/index.php\/wp-json\/wp\/v2\/types\/page"}],"author":[{"embeddable":true,"href":"https:\/\/przedszkole150.edu.wroclaw.pl\/index.php\/wp-json\/wp\/v2\/users\/200"}],"replies":[{"embeddable":true,"href":"https:\/\/przedszkole150.edu.wroclaw.pl\/index.php\/wp-json\/wp\/v2\/comments?post=5328"}],"version-history":[{"count":1,"href":"https:\/\/przedszkole150.edu.wroclaw.pl\/index.php\/wp-json\/wp\/v2\/pages\/5328\/revisions"}],"predecessor-version":[{"id":5334,"href":"https:\/\/przedszkole150.edu.wroclaw.pl\/index.php\/wp-json\/wp\/v2\/pages\/5328\/revisions\/5334"}],"wp:attachment":[{"href":"https:\/\/przedszkole150.edu.wroclaw.pl\/index.php\/wp-json\/wp\/v2\/media?parent=5328"}],"curies":[{"name":"wp","href":"https:\/\/api.w.org\/{rel}","templated":true}]}}