
{"id":5336,"date":"2023-12-19T12:48:54","date_gmt":"2023-12-19T11:48:54","guid":{"rendered":"https:\/\/przedszkole150.edu.wroclaw.pl\/?page_id=5336"},"modified":"2023-12-19T12:52:26","modified_gmt":"2023-12-19T11:52:26","slug":"warsztaty-piernikowe-z-rodzicami","status":"publish","type":"page","link":"https:\/\/przedszkole150.edu.wroclaw.pl\/index.php\/warsztaty-piernikowe-z-rodzicami\/","title":{"rendered":"Warsztaty piernikowe z Rodzicami"},"content":{"rendered":"<div class=\"wpb-content-wrapper\"><p>[vc_row][vc_column][vc_column_text]<span style=\"font-size: 14pt\"><span style=\"font-family: times new roman, times\">\u00a0\u00a0 W pi\u0105tek <span style=\"color: #008000\">15 grudnia 2023r.\u00a0<\/span> w grupie VII w ramach przygotowa\u0144 do \u015awi\u0105t Bo\u017cego Narodzenia odby\u0142o si\u0119 rodzinne dekorowanie pierniczk\u00f3w. Dzieci wraz z\u00a0 rodzicami i nauczycielami, przy d\u017awi\u0119kach kol\u0119d i \u015bwi\u0105tecznych piosenek,\u00a0 kolorow\u0105 polew\u0105 i barwnymi posypkami dekorowa\u0142y pierniki wed\u0142ug w\u0142asnych pomys\u0142\u00f3w. Ka\u017cdy do\u0142o\u017cy\u0142 wszelkich stara\u0144, by ich dzie\u0142a prezentowa\u0142y si\u0119 jak najpi\u0119kniej. <\/span><span style=\"font-family: times new roman, times\">Zabawa by\u0142a doskona\u0142a a wsp\u00f3lnie sp\u0119dzony czas przyni\u00f3s\u0142 nam wiele rado\u015bci.\u00a0<\/span> <\/span>[\/vc_column_text][vc_gallery type=&#8221;image_grid&#8221; images=&#8221;5337,5338,5339,5340,5341,5342,5343,5344&#8243;][\/vc_column][\/vc_row]<\/p>\n<\/div>","protected":false},"excerpt":{"rendered":"<p>[vc_row][vc_column][vc_column_text]\u00a0\u00a0 W pi\u0105tek 15 grudnia 2023r.\u00a0 w grupie VII w ramach przygotowa\u0144 do \u015awi\u0105t Bo\u017cego Narodzenia odby\u0142o si\u0119 rodzinne dekorowanie pierniczk\u00f3w. Dzieci wraz z\u00a0 rodzicami i nauczycielami, przy d\u017awi\u0119kach kol\u0119d [&hellip;]<\/p>\n","protected":false},"author":200,"featured_media":0,"parent":0,"menu_order":0,"comment_status":"closed","ping_status":"closed","template":"","meta":{"ngg_post_thumbnail":0,"footnotes":""},"class_list":["post-5336","page","type-page","status-publish","hentry","clearfix"],"_links":{"self":[{"href":"https:\/\/przedszkole150.edu.wroclaw.pl\/index.php\/wp-json\/wp\/v2\/pages\/5336","targetHints":{"allow":["GET"]}}],"collection":[{"href":"https:\/\/przedszkole150.edu.wroclaw.pl\/index.php\/wp-json\/wp\/v2\/pages"}],"about":[{"href":"https:\/\/przedszkole150.edu.wroclaw.pl\/index.php\/wp-json\/wp\/v2\/types\/page"}],"author":[{"embeddable":true,"href":"https:\/\/przedszkole150.edu.wroclaw.pl\/index.php\/wp-json\/wp\/v2\/users\/200"}],"replies":[{"embeddable":true,"href":"https:\/\/przedszkole150.edu.wroclaw.pl\/index.php\/wp-json\/wp\/v2\/comments?post=5336"}],"version-history":[{"count":2,"href":"https:\/\/przedszkole150.edu.wroclaw.pl\/index.php\/wp-json\/wp\/v2\/pages\/5336\/revisions"}],"predecessor-version":[{"id":5347,"href":"https:\/\/przedszkole150.edu.wroclaw.pl\/index.php\/wp-json\/wp\/v2\/pages\/5336\/revisions\/5347"}],"wp:attachment":[{"href":"https:\/\/przedszkole150.edu.wroclaw.pl\/index.php\/wp-json\/wp\/v2\/media?parent=5336"}],"curies":[{"name":"wp","href":"https:\/\/api.w.org\/{rel}","templated":true}]}}