
{"id":5385,"date":"2024-01-15T19:49:10","date_gmt":"2024-01-15T18:49:10","guid":{"rendered":"https:\/\/przedszkole150.edu.wroclaw.pl\/?page_id=5385"},"modified":"2024-01-15T19:49:10","modified_gmt":"2024-01-15T18:49:10","slug":"abc-malego-konsumenta","status":"publish","type":"page","link":"https:\/\/przedszkole150.edu.wroclaw.pl\/index.php\/abc-malego-konsumenta\/","title":{"rendered":"ABC ma\u0142ego konsumenta"},"content":{"rendered":"<div class=\"wpb-content-wrapper\"><p>[vc_row][vc_column][vc_column_text]<\/p>\n<div class=\"article-lead main-text\">\n<p>W naszym przedszkolu realizowali\u015bmy projekt edukacyjny przygotowany przez Urz\u0105d Ochrony Konkurencji i Konsument\u00f3w (UOKiK), pt. ABC Ma\u0142ego Konsumenta.<\/p>\n<\/div>\n<div class=\"main-text\">\n<p>Celami projektu s\u0105:<\/p>\n<p>&#8211; rozwijanie w dzieciach podstawowych kompetencji konsumenckich,<\/p>\n<p>&#8211; wprowadzanie tematyki konsumenckiej do zaj\u0119\u0107 dydaktycznych na etapie edukacji przedszkolnej,<\/p>\n<p>&#8211; zaanga\u017cowanie w proces edukacyjny po\u015brednik\u00f3w komunikacji \u2013 nauczycieli, edukator\u00f3w oraz rodzic\u00f3w,<\/p>\n<p>&#8211; zapewnienie nauczycielom przedszkolnym nowoczesnych materia\u0142\u00f3w edukacyjnych, stanowi\u0105cych pomoc w prowadzeniu zaj\u0119\u0107.<\/p>\n<p>Podczas pierwszych zaj\u0119\u0107 w przedszkolu odby\u0142a si\u0119 pogadanka na temat zakup\u00f3w oraz miejsc w kt\u00f3rych robi si\u0119 zakupy. Dzieci dowiedzia\u0142y si\u0119 kim jest konsument, a tak\u017ce odkry\u0142y jak du\u017ce znaczenie ma paragon. Nauczy\u0142y si\u0119 nowego poj\u0119cia \u2013 reklamacja i podczas zabaw parateatralnych mia\u0142y okazj\u0119 zareklamowa\u0107 wadliwy produkt. Podczas drugich zaj\u0119\u0107 dzieci zastanawia\u0142y si\u0119 nad s\u0142uszno\u015bci\u0105 tworzenia listy zakup\u00f3w przed wyj\u015bciem do sklepu. Dzieci poprzez zabaw\u0119 w \u201eSklep wielobran\u017cowy\u201d musia\u0142y zrobi\u0107 zakupy produkt\u00f3w umieszczonych na li\u015bcie, a przy okazji rozwija\u0142y koordynacj\u0119 wzrokowo-ruchow\u0105. Ponadto zapozna\u0142y si\u0119 z nomina\u0142ami na banknotach i monetach oraz poj\u0119ciem ceny i sprzedawcy. Du\u017cym powodzeniem podczas realizacji projektu cieszy\u0142y si\u0119 gry multimedialne przygotowane specjalnie dla najm\u0142odszych \u201eSklepowe Memo\u201d i \u201eNa zakupach\u201d, kt\u00f3re dost\u0119pne s\u0105 na stronie <a href=\"https:\/\/malykonsument.uokik.gov.pl\/\">https:\/\/malykonsument.uokik.gov.pl\/<\/a>. Po zako\u0144czonych zaj\u0119ciach dzieci otrzyma\u0142y dyplom oraz upominek w postaci notesika z list\u0105 zakup\u00f3w. Teraz ka\u017cdy z nich mo\u017ce pochwali\u0107 si\u0119, \u017ce jest \u201eMa\u0142ym Konsumentem\u201d.<\/p>\n<p>&nbsp;<\/p>\n<\/div>\n<p>[\/vc_column_text][vc_gallery type=&#8221;image_grid&#8221; images=&#8221;5386,5387,5388&#8243;][\/vc_column][\/vc_row]<\/p>\n<\/div>","protected":false},"excerpt":{"rendered":"<p>[vc_row][vc_column][vc_column_text] W naszym przedszkolu realizowali\u015bmy projekt edukacyjny przygotowany przez Urz\u0105d Ochrony Konkurencji i Konsument\u00f3w (UOKiK), pt. ABC Ma\u0142ego Konsumenta. Celami projektu s\u0105: &#8211; rozwijanie w dzieciach podstawowych kompetencji konsumenckich, &#8211; [&hellip;]<\/p>\n","protected":false},"author":264,"featured_media":0,"parent":0,"menu_order":0,"comment_status":"closed","ping_status":"closed","template":"","meta":{"ngg_post_thumbnail":0,"footnotes":""},"class_list":["post-5385","page","type-page","status-publish","hentry","clearfix"],"_links":{"self":[{"href":"https:\/\/przedszkole150.edu.wroclaw.pl\/index.php\/wp-json\/wp\/v2\/pages\/5385","targetHints":{"allow":["GET"]}}],"collection":[{"href":"https:\/\/przedszkole150.edu.wroclaw.pl\/index.php\/wp-json\/wp\/v2\/pages"}],"about":[{"href":"https:\/\/przedszkole150.edu.wroclaw.pl\/index.php\/wp-json\/wp\/v2\/types\/page"}],"author":[{"embeddable":true,"href":"https:\/\/przedszkole150.edu.wroclaw.pl\/index.php\/wp-json\/wp\/v2\/users\/264"}],"replies":[{"embeddable":true,"href":"https:\/\/przedszkole150.edu.wroclaw.pl\/index.php\/wp-json\/wp\/v2\/comments?post=5385"}],"version-history":[{"count":1,"href":"https:\/\/przedszkole150.edu.wroclaw.pl\/index.php\/wp-json\/wp\/v2\/pages\/5385\/revisions"}],"predecessor-version":[{"id":5389,"href":"https:\/\/przedszkole150.edu.wroclaw.pl\/index.php\/wp-json\/wp\/v2\/pages\/5385\/revisions\/5389"}],"wp:attachment":[{"href":"https:\/\/przedszkole150.edu.wroclaw.pl\/index.php\/wp-json\/wp\/v2\/media?parent=5385"}],"curies":[{"name":"wp","href":"https:\/\/api.w.org\/{rel}","templated":true}]}}